{"id":25599,"date":"2024-08-06T03:00:59","date_gmt":"2024-08-06T01:00:59","guid":{"rendered":"https:\/\/veneilytarvikekauppa.promarinetrade.fi\/product\/barometer-thermometer-hygrometer-anvi\/"},"modified":"2026-04-06T06:47:22","modified_gmt":"2026-04-06T04:47:22","slug":"barometer-thermometer-hygrometer-anvi-5","status":"publish","type":"product","link":"https:\/\/veneilytarvikekauppa.fi\/en\/shop\/barometer-thermometer-hygrometer-anvi-5\/","title":{"rendered":"BAROMETER \/ THERMOMETER \/ HYGROMETER- ANVI"},"content":{"rendered":"<p>Stylish and quality instruments: barometer \/ thermometer \/ hygrometer, with fine stainless steel finish. Dimensions: 380 x 122 mm.<\/p>\n<p>&#13;<\/p>\n","protected":false},"excerpt":{"rendered":"<h2><span style=\"font-size:20px\"><span style=\"color:#FF0000\"><strong>TOODE HETKEL KAHJUKS L\u00c4BI M\u00dc\u00dcDUD !<\/strong><\/span><\/span><\/h2>\n<p>&#13;<br \/>\n&#13;<\/p>\n<h2><span style=\"font-size:20px\"><span style=\"color:#FF0000\"><strong>SAADAVAL TAAS ALATES APRILL 2023<\/strong><\/span><\/span><\/h2>\n<p>&#13;<\/p>\n","protected":false},"featured_media":13825,"template":"","meta":{"_acf_changed":false,"slim_seo":{"title":"BAROMETER \/ THERMOMETER \/ HYGROMETER- ANVI - veneilij&auml;n verkkokauppa-Venetarvikkeet","description":"TOODE HETKEL KAHJUKS L\u00c4BI M\u00dc\u00dcDUD ! &#13; &#13; SAADAVAL TAAS ALATES APRILL 2023 &#13;"}},"product_brand":[6595],"product_cat":[925,906,7316],"product_tag":[2282,4136],"giftcard-category":[],"class_list":{"0":"post-25599","1":"product","2":"type-product","3":"status-publish","4":"has-post-thumbnail","6":"product_brand-anvi","7":"product_cat-clocks-barometers-hygrometers","8":"product_cat-navigation","9":"product_cat-sale-under-100","10":"product_tag-anvi","11":"product_tag-barometer-thermometer","12":"pa_producer-anvi","13":"pa_unit-pcs","15":"first","16":"instock","17":"purchasable","18":"product-type-simple"},"acf":[],"_links":{"self":[{"href":"https:\/\/veneilytarvikekauppa.fi\/en\/wp-json\/wp\/v2\/product\/25599","targetHints":{"allow":["GET"]}}],"collection":[{"href":"https:\/\/veneilytarvikekauppa.fi\/en\/wp-json\/wp\/v2\/product"}],"about":[{"href":"https:\/\/veneilytarvikekauppa.fi\/en\/wp-json\/wp\/v2\/types\/product"}],"wp:featuredmedia":[{"embeddable":true,"href":"https:\/\/veneilytarvikekauppa.fi\/en\/wp-json\/wp\/v2\/media\/13825"}],"wp:attachment":[{"href":"https:\/\/veneilytarvikekauppa.fi\/en\/wp-json\/wp\/v2\/media?parent=25599"}],"wp:term":[{"taxonomy":"product_brand","embeddable":true,"href":"https:\/\/veneilytarvikekauppa.fi\/en\/wp-json\/wp\/v2\/product_brand?post=25599"},{"taxonomy":"product_cat","embeddable":true,"href":"https:\/\/veneilytarvikekauppa.fi\/en\/wp-json\/wp\/v2\/product_cat?post=25599"},{"taxonomy":"product_tag","embeddable":true,"href":"https:\/\/veneilytarvikekauppa.fi\/en\/wp-json\/wp\/v2\/product_tag?post=25599"},{"taxonomy":"giftcard-category","embeddable":true,"href":"https:\/\/veneilytarvikekauppa.fi\/en\/wp-json\/wp\/v2\/giftcard-category?post=25599"}],"curies":[{"name":"wp","href":"https:\/\/api.w.org\/{rel}","templated":true}]}}