{"id":25652,"date":"2024-08-06T03:07:53","date_gmt":"2024-08-06T01:07:53","guid":{"rendered":"https:\/\/veneilytarvikekauppa.promarinetrade.fi\/product\/electrical-motor-minn-kota-endura-max-45-12-v\/"},"modified":"2026-04-22T11:46:19","modified_gmt":"2026-04-22T09:46:19","slug":"electrical-motor-minn-kota-endura-max-45-12-v","status":"publish","type":"product","link":"https:\/\/veneilytarvikekauppa.fi\/en\/shop\/electrical-motor-minn-kota-endura-max-45-12-v\/","title":{"rendered":"ELECTRICAL MOTOR- MINN KOTA ENDURA MAX 45, 12 V"},"content":{"rendered":"<p>The freshwater Minn Kota Endura Max 45 lb (20 kg) thrust trolling motor with its new Digital Maximizer technology allows you to stay out on the water up to five times longer on a single charge. The Endura Max model is designed for boats up to 18&#8242; long and is based on a 12-volt system with a push-to-test battery meter. Key features include variable speed control, cool, quiet power, Weedless Wedge power prop, a rock solid mount with a solid 10-position bracket and a quick-release lever lock, a telescoping handle which extends 6&#8243; (150 mm), and a 36&#8243; (915 mm) indestructible composite shaft. This motor is backed up with Minn Kota\u2019s two-year warranty.<\/p>\n","protected":false},"excerpt":{"rendered":"<ul>&#13;<\/p>\n<li>Digital Maximizer\u2122 annab t\u00e4pselt niipalju j\u00f5udu kui on k\u00e4igu jaoks vaja. Kuni 5 korda veepeal kauem&nbsp;\u00fche laadimiskorraga<\/li>\n<p>&#13;<\/p>\n<li>Jahutatud ja vaikne mootori sisemus. Suur m\u00e4his ja voolumuundur hajutavad kuumust, s\u00e4\u00e4stes nii akut ja tagades pikema mootori kestvuse<\/li>\n<p>&#13;<\/p>\n<li>Unikaalne laagrite s\u00fcsteem v\u00e4hendab h\u00f5\u00f5rdumist, v\u00e4hendades nii veelgi m\u00fcrataset<\/li>\n<p>&#13;<\/p>\n<li>T\u00e4pselt reguleeritav kiirusekontroll<\/li>\n<p>&#13;<\/p>\n<li>Ergonoomiline, 15 cm tavalisest pikem teleskooprupmel<\/li>\n<p>&#13;<\/p>\n<li>Weedless Wedge\u2122 Roland Martini disainitud vint, mis l\u00fckkab l\u00e4bi vetikate ja mererohu akut asjatult kulutamata<\/li>\n<p>&#13;<\/p>\n<li>V\u00e4ga tugev, hooldusvaba jalg<\/li>\n<p>&#13;<\/p>\n<li>10-valitava positsiooniga mootorikinnitus, kronstein ja kiiresti avatav lukustusmehhanism<\/li>\n<p>&#13;<\/p>\n<li>2 aastane garantii<\/li>\n<p>&#13;\n<\/ul>\n<p>&#13;<\/p>\n","protected":false},"featured_media":14031,"template":"","meta":{"_acf_changed":false,"slim_seo":{"title":"ELECTRICAL MOTOR- MINN KOTA ENDURA MAX 45, 12 V - veneilij&auml;n verkkokauppa-Venetarvikkeet","description":"&#13; Digital Maximizer\u2122 annab t\u00e4pselt niipalju j\u00f5udu kui on k\u00e4igu jaoks vaja. Kuni 5 korda veepeal kauem&nbsp;\u00fche laadimiskorraga &#13; Jahutatud ja vaikne moo"}},"product_brand":[],"product_cat":[1002,1001],"product_tag":[4162,2229,4970,4969,4968],"giftcard-category":[],"class_list":{"0":"post-25652","1":"product","2":"type-product","3":"status-publish","4":"has-post-thumbnail","6":"product_cat-electric-fishing-motors","7":"product_cat-outboard-motors","8":"product_tag-electrical-motor","9":"product_tag-minn-kota","10":"product_tag-powerdrive-en","11":"product_tag-sahkomootori-en","12":"product_tag-uistelumoottori-en","13":"product_shipping_class-outboards-for-eng","14":"pa_producer-minn-kota","15":"pa_unit-pcs","17":"first","18":"onbackorder","19":"purchasable","20":"product-type-simple"},"acf":[],"_links":{"self":[{"href":"https:\/\/veneilytarvikekauppa.fi\/en\/wp-json\/wp\/v2\/product\/25652","targetHints":{"allow":["GET"]}}],"collection":[{"href":"https:\/\/veneilytarvikekauppa.fi\/en\/wp-json\/wp\/v2\/product"}],"about":[{"href":"https:\/\/veneilytarvikekauppa.fi\/en\/wp-json\/wp\/v2\/types\/product"}],"wp:featuredmedia":[{"embeddable":true,"href":"https:\/\/veneilytarvikekauppa.fi\/en\/wp-json\/wp\/v2\/media\/14031"}],"wp:attachment":[{"href":"https:\/\/veneilytarvikekauppa.fi\/en\/wp-json\/wp\/v2\/media?parent=25652"}],"wp:term":[{"taxonomy":"product_brand","embeddable":true,"href":"https:\/\/veneilytarvikekauppa.fi\/en\/wp-json\/wp\/v2\/product_brand?post=25652"},{"taxonomy":"product_cat","embeddable":true,"href":"https:\/\/veneilytarvikekauppa.fi\/en\/wp-json\/wp\/v2\/product_cat?post=25652"},{"taxonomy":"product_tag","embeddable":true,"href":"https:\/\/veneilytarvikekauppa.fi\/en\/wp-json\/wp\/v2\/product_tag?post=25652"},{"taxonomy":"giftcard-category","embeddable":true,"href":"https:\/\/veneilytarvikekauppa.fi\/en\/wp-json\/wp\/v2\/giftcard-category?post=25652"}],"curies":[{"name":"wp","href":"https:\/\/api.w.org\/{rel}","templated":true}]}}