{"id":25681,"date":"2024-08-06T03:11:03","date_gmt":"2024-08-06T01:11:03","guid":{"rendered":"https:\/\/veneilytarvikekauppa.promarinetrade.fi\/product\/engine-cover-70-150-hp\/"},"modified":"2026-04-06T06:47:49","modified_gmt":"2026-04-06T04:47:49","slug":"engine-cover-70-150-hp","status":"publish","type":"product","link":"https:\/\/veneilytarvikekauppa.fi\/en\/shop\/engine-cover-70-150-hp\/","title":{"rendered":"ENGINE COVER, 70-150 HP"},"content":{"rendered":"<p>The SeaCover for the top part of the engine (not the shaft) are ideal for protection against water, sun and dust. They are made of extra strong Polyester 420D, 0,15 mm thick, for maximum water resistance and UV protection. Suitable for most types of outboard engines, they feature an elastic cord all around for fit to most types of outboard engines.<\/p>\n","protected":false},"excerpt":{"rendered":"<table border=\"1\" cellpadding=\"1\" cellspacing=\"1\" style=\"font-size:11.8181819915771px; width:400px\">&#13;<\/p>\n<caption>&#13;<\/p>\n<p style=\"text-align:left\"><strong>Mootori \u00fclaosa katete m\u00f5\u00f5dud<\/strong><\/p>\n<p>&#13;<br \/>\n\t<\/caption>\n<p>&#13;<\/p>\n<tbody>&#13;<\/p>\n<tr>&#13;<\/p>\n<td style=\"background-color:rgb(14, 119, 199)\"><strong><span style=\"color:rgb(255, 255, 255)\">Tootekood<\/span><\/strong><\/td>\n<p>&#13;<\/p>\n<td style=\"background-color:rgb(14, 119, 199)\"><strong><span style=\"color:rgb(255, 255, 255)\">L57269<\/span><\/strong><\/td>\n<p>&#13;<\/p>\n<td style=\"background-color:rgb(14, 119, 199)\"><strong><span style=\"color:rgb(255, 255, 255)\">L57270<\/span><\/strong><\/td>\n<p>&#13;<\/p>\n<td style=\"background-color:rgb(14, 119, 199)\"><strong><span style=\"color:rgb(255, 255, 255)\">L57271<\/span><\/strong><\/td>\n<p>&#13;<\/p>\n<td style=\"background-color:rgb(14, 119, 199)\"><strong><span style=\"color:rgb(255, 255, 255)\">L57272<\/span><\/strong><\/td>\n<p>&#13;<\/p>\n<td style=\"background-color:rgb(14, 119, 199)\"><strong><span style=\"color:rgb(255, 255, 255)\">L57273<\/span><\/strong><\/td>\n<p>&#13;<\/p>\n<td style=\"background-color:rgb(14, 119, 199)\"><strong><span style=\"color:rgb(255, 255, 255)\">L57274<\/span><\/strong><\/td>\n<p>&#13;<br \/>\n\t\t<\/tr>\n<p>&#13;<\/p>\n<tr>&#13;<\/p>\n<td>Hj (ligikaudu)<\/td>\n<p>&#13;<\/p>\n<td>2-5<\/td>\n<p>&#13;<\/p>\n<td>2-15<\/td>\n<p>&#13;<\/p>\n<td>10-45<\/td>\n<p>&#13;<\/p>\n<td>30-90<\/td>\n<p>&#13;<\/p>\n<td>70-150<\/td>\n<p>&#13;<\/p>\n<td>115-225<\/td>\n<p>&#13;<br \/>\n\t\t<\/tr>\n<p>&#13;<\/p>\n<tr>&#13;<\/p>\n<td>A (cm)<\/td>\n<p>&#13;<\/p>\n<td>40<\/td>\n<p>&#13;<\/p>\n<td>48<\/td>\n<p>&#13;<\/p>\n<td>55<\/td>\n<p>&#13;<\/p>\n<td>63<\/td>\n<p>&#13;<\/p>\n<td>73<\/td>\n<p>&#13;<\/p>\n<td>75<\/td>\n<p>&#13;<br \/>\n\t\t<\/tr>\n<p>&#13;<\/p>\n<tr>&#13;<\/p>\n<td>B (cm)<\/td>\n<p>&#13;<\/p>\n<td>25<\/td>\n<p>&#13;<\/p>\n<td>27<\/td>\n<p>&#13;<\/p>\n<td>33<\/td>\n<p>&#13;<\/p>\n<td>35<\/td>\n<p>&#13;<\/p>\n<td>40<\/td>\n<p>&#13;<\/p>\n<td>45<\/td>\n<p>&#13;<br \/>\n\t\t<\/tr>\n<p>&#13;<\/p>\n<tr>&#13;<\/p>\n<td>C (cm)<\/td>\n<p>&#13;<\/p>\n<td>32<\/td>\n<p>&#13;<\/p>\n<td>35<\/td>\n<p>&#13;<\/p>\n<td>45<\/td>\n<p>&#13;<\/p>\n<td>50<\/td>\n<p>&#13;<\/p>\n<td>65<\/td>\n<p>&#13;<\/p>\n<td>75<\/td>\n<p>&#13;<br \/>\n\t\t<\/tr>\n<p>&#13;<br \/>\n\t<\/tbody>\n<p>&#13;<br \/>\n<\/table>\n<p>&#13;<\/p>\n","protected":false},"featured_media":14121,"template":"","meta":{"_acf_changed":false,"slim_seo":{"title":"ENGINE COVER, 70-150 HP - veneilij&auml;n verkkokauppa-Venetarvikkeet","description":"&#13; &#13; Mootori \u00fclaosa katete m\u00f5\u00f5dud &#13; &#13; &#13; &#13; Tootekood &#13; L57269 &#13; L57270 &#13; L57271 &#13; L57272 &#13; L57273 &#13; L57274 &#13; &"}},"product_brand":[6883],"product_cat":[943,951],"product_tag":[4193,1875,4003],"giftcard-category":[],"class_list":{"0":"post-25681","1":"product","2":"type-product","3":"status-publish","4":"has-post-thumbnail","6":"product_brand-oceansouth","7":"product_cat-boat-care-and-maintenance","8":"product_cat-boat-covers-tents-tarpaulins","9":"product_tag-engine-cover","10":"product_tag-lalizas","11":"product_tag-silver","12":"pa_color-silver","13":"pa_producer-lalizas","14":"pa_unit-pcs","16":"first","17":"instock","18":"purchasable","19":"product-type-simple"},"acf":[],"_links":{"self":[{"href":"https:\/\/veneilytarvikekauppa.fi\/en\/wp-json\/wp\/v2\/product\/25681","targetHints":{"allow":["GET"]}}],"collection":[{"href":"https:\/\/veneilytarvikekauppa.fi\/en\/wp-json\/wp\/v2\/product"}],"about":[{"href":"https:\/\/veneilytarvikekauppa.fi\/en\/wp-json\/wp\/v2\/types\/product"}],"wp:featuredmedia":[{"embeddable":true,"href":"https:\/\/veneilytarvikekauppa.fi\/en\/wp-json\/wp\/v2\/media\/14121"}],"wp:attachment":[{"href":"https:\/\/veneilytarvikekauppa.fi\/en\/wp-json\/wp\/v2\/media?parent=25681"}],"wp:term":[{"taxonomy":"product_brand","embeddable":true,"href":"https:\/\/veneilytarvikekauppa.fi\/en\/wp-json\/wp\/v2\/product_brand?post=25681"},{"taxonomy":"product_cat","embeddable":true,"href":"https:\/\/veneilytarvikekauppa.fi\/en\/wp-json\/wp\/v2\/product_cat?post=25681"},{"taxonomy":"product_tag","embeddable":true,"href":"https:\/\/veneilytarvikekauppa.fi\/en\/wp-json\/wp\/v2\/product_tag?post=25681"},{"taxonomy":"giftcard-category","embeddable":true,"href":"https:\/\/veneilytarvikekauppa.fi\/en\/wp-json\/wp\/v2\/giftcard-category?post=25681"}],"curies":[{"name":"wp","href":"https:\/\/api.w.org\/{rel}","templated":true}]}}