{"id":25686,"date":"2024-08-06T03:11:45","date_gmt":"2024-08-06T01:11:45","guid":{"rendered":"https:\/\/veneilytarvikekauppa.promarinetrade.fi\/product\/console-cover-140-x-100-x-90-cm\/"},"modified":"2026-04-06T06:47:53","modified_gmt":"2026-04-06T04:47:53","slug":"console-cover-140-x-100-x-90-cm","status":"publish","type":"product","link":"https:\/\/veneilytarvikekauppa.fi\/en\/shop\/console-cover-140-x-100-x-90-cm\/","title":{"rendered":"CONSOLE COVER, 140 x 100 x 90 cm"},"content":{"rendered":"<p>This console cover is supplied in four different sizes. It is made of extra strong Polyester 420D, 0.15 mm thick, with double stitched seams for long lasting use and features a cord all around at the bottom for an ideal fit. It also provides UV protection and reduces the possibility of damage to instruments and electronics, due to weather conditions.<\/p>\n<p>&#13;<\/p>\n","protected":false},"excerpt":{"rendered":"<table border=\"1\" cellpadding=\"1\" cellspacing=\"1\" style=\"font-size:11.8181819915771px; width:400px\">&#13;<\/p>\n<caption>&#13;<\/p>\n<p style=\"text-align:left\"><strong>Konsoolikatete m\u00f5\u00f5dud<\/strong><\/p>\n<p>&#13;<br \/>\n\t<\/caption>\n<p>&#13;<\/p>\n<tbody>&#13;<\/p>\n<tr>&#13;<\/p>\n<td rowspan=\"2\" style=\"background-color:rgb(14, 119, 199); text-align:center\"><span style=\"color:rgb(255, 255, 255)\"><strong>Tootekood<\/strong><\/span><\/td>\n<p>&#13;<\/p>\n<td rowspan=\"2\" style=\"background-color:rgb(14, 119, 199); text-align:center\"><span style=\"color:rgb(255, 255, 255)\"><strong>Suurus<\/strong><\/span><\/td>\n<p>&#13;<\/p>\n<td colspan=\"6\" style=\"background-color:rgb(14, 119, 199); text-align:center\"><span style=\"color:rgb(255, 255, 255)\"><strong>M\u00f5\u00f5dud (cm)<\/strong><\/span><\/td>\n<p>&#13;<br \/>\n\t\t<\/tr>\n<p>&#13;<\/p>\n<tr>&#13;<\/p>\n<td style=\"background-color:rgb(14, 119, 199); text-align:center\"><span style=\"color:rgb(255, 255, 255)\"><strong>K\u00f5rgus 1<\/strong><\/span><\/td>\n<p>&#13;<\/p>\n<td style=\"background-color:rgb(14, 119, 199); text-align:center\"><span style=\"color:rgb(255, 255, 255)\"><strong>K\u00f5rgus 2<\/strong><\/span><\/td>\n<p>&#13;<\/p>\n<td style=\"background-color:rgb(14, 119, 199); text-align:center\"><span style=\"color:rgb(255, 255, 255)\"><strong>S\u00fcgavus<\/strong><\/span><\/td>\n<p>&#13;<\/p>\n<td style=\"background-color:rgb(14, 119, 199); text-align:center\"><span style=\"color:rgb(255, 255, 255)\"><strong>Laius<\/strong><\/span><\/td>\n<p>&#13;<br \/>\n\t\t<\/tr>\n<p>&#13;<\/p>\n<tr>&#13;<\/p>\n<td style=\"text-align:center\">L57355<\/td>\n<p>&#13;<\/p>\n<td style=\"text-align:center\">1<\/td>\n<p>&#13;<\/p>\n<td style=\"text-align:center\">115<\/td>\n<p>&#13;<\/p>\n<td style=\"text-align:center\">90<\/td>\n<p>&#13;<\/p>\n<td style=\"text-align:center\">45<\/td>\n<p>&#13;<\/p>\n<td style=\"text-align:center\">55<\/td>\n<p>&#13;<br \/>\n\t\t<\/tr>\n<p>&#13;<\/p>\n<tr>&#13;<\/p>\n<td style=\"text-align:center\">L57356<\/td>\n<p>&#13;<\/p>\n<td style=\"text-align:center\">2<\/td>\n<p>&#13;<\/p>\n<td style=\"text-align:center\">90<\/td>\n<p>&#13;<\/p>\n<td style=\"text-align:center\">65<\/td>\n<p>&#13;<\/p>\n<td style=\"text-align:center\">75<\/td>\n<p>&#13;<\/p>\n<td style=\"text-align:center\">85<\/td>\n<p>&#13;<br \/>\n\t\t<\/tr>\n<p>&#13;<\/p>\n<tr>&#13;<\/p>\n<td style=\"text-align:center\">L57357<\/td>\n<p>&#13;<\/p>\n<td style=\"text-align:center\">3<\/td>\n<p>&#13;<\/p>\n<td style=\"text-align:center\">120<\/td>\n<p>&#13;<\/p>\n<td style=\"text-align:center\">105<\/td>\n<p>&#13;<\/p>\n<td style=\"text-align:center\">75<\/td>\n<p>&#13;<\/p>\n<td style=\"text-align:center\">65<\/td>\n<p>&#13;<br \/>\n\t\t<\/tr>\n<p>&#13;<\/p>\n<tr>&#13;<\/p>\n<td style=\"text-align:center\">L57358<\/td>\n<p>&#13;<\/p>\n<td style=\"text-align:center\">4<\/td>\n<p>&#13;<\/p>\n<td style=\"text-align:center\">140<\/td>\n<p>&#13;<\/p>\n<td style=\"text-align:center\">100<\/td>\n<p>&#13;<\/p>\n<td style=\"text-align:center\">90<\/td>\n<p>&#13;<\/p>\n<td style=\"text-align:center\">70<\/td>\n<p>&#13;<br \/>\n\t\t<\/tr>\n<p>&#13;<br \/>\n\t<\/tbody>\n<p>&#13;<br \/>\n<\/table>\n<p>&#13;<\/p>\n","protected":false},"featured_media":14131,"template":"","meta":{"_acf_changed":false,"slim_seo":{"title":"CONSOLE COVER, 140 x 100 x 90 cm - veneilij&auml;n verkkokauppa-Venetarvikkeet","description":"&#13; &#13; Konsoolikatete m\u00f5\u00f5dud &#13; &#13; &#13; &#13; Tootekood &#13; Suurus &#13; M\u00f5\u00f5dud (cm) &#13; &#13; &#13; K\u00f5rgus 1 &#13; K\u00f5rgus 2 &#13; S\u00fcgavus &#13;"}},"product_brand":[],"product_cat":[943,951],"product_tag":[4194,1875,4003],"giftcard-category":[],"class_list":{"0":"post-25686","1":"product","2":"type-product","3":"status-publish","4":"has-post-thumbnail","6":"product_cat-boat-care-and-maintenance","7":"product_cat-boat-covers-tents-tarpaulins","8":"product_tag-console-cover","9":"product_tag-lalizas","10":"product_tag-silver","11":"pa_color-silver","12":"pa_producer-lalizas","13":"pa_unit-pcs","15":"first","16":"instock","17":"purchasable","18":"product-type-simple"},"acf":[],"_links":{"self":[{"href":"https:\/\/veneilytarvikekauppa.fi\/en\/wp-json\/wp\/v2\/product\/25686","targetHints":{"allow":["GET"]}}],"collection":[{"href":"https:\/\/veneilytarvikekauppa.fi\/en\/wp-json\/wp\/v2\/product"}],"about":[{"href":"https:\/\/veneilytarvikekauppa.fi\/en\/wp-json\/wp\/v2\/types\/product"}],"wp:featuredmedia":[{"embeddable":true,"href":"https:\/\/veneilytarvikekauppa.fi\/en\/wp-json\/wp\/v2\/media\/14131"}],"wp:attachment":[{"href":"https:\/\/veneilytarvikekauppa.fi\/en\/wp-json\/wp\/v2\/media?parent=25686"}],"wp:term":[{"taxonomy":"product_brand","embeddable":true,"href":"https:\/\/veneilytarvikekauppa.fi\/en\/wp-json\/wp\/v2\/product_brand?post=25686"},{"taxonomy":"product_cat","embeddable":true,"href":"https:\/\/veneilytarvikekauppa.fi\/en\/wp-json\/wp\/v2\/product_cat?post=25686"},{"taxonomy":"product_tag","embeddable":true,"href":"https:\/\/veneilytarvikekauppa.fi\/en\/wp-json\/wp\/v2\/product_tag?post=25686"},{"taxonomy":"giftcard-category","embeddable":true,"href":"https:\/\/veneilytarvikekauppa.fi\/en\/wp-json\/wp\/v2\/giftcard-category?post=25686"}],"curies":[{"name":"wp","href":"https:\/\/api.w.org\/{rel}","templated":true}]}}