{"id":25794,"date":"2024-08-06T03:25:35","date_gmt":"2024-08-06T01:25:35","guid":{"rendered":"https:\/\/veneilytarvikekauppa.promarinetrade.fi\/product\/merelord-bernard-cornwell\/"},"modified":"2026-04-06T06:48:34","modified_gmt":"2026-04-06T04:48:34","slug":"merelord-bernard-cornwell","status":"publish","type":"product","link":"https:\/\/veneilytarvikekauppa.fi\/en\/shop\/merelord-bernard-cornwell\/","title":{"rendered":"MERELORD, BERNARD CORNWELL"},"content":{"rendered":"<p>Lihtsasti loetav Bernard Cornwell on menukate Sharpe\u2019i lugude autor. Raamatu kaanepildiks on Briti Kuningliku meremaalijate assotsiatsiooni liikme Geoff Hunti meremaal.<\/p>\n<p>Purjetaja Johnny armastab merd ja kirjeldab detailselt purjetamist ning oma jahti Sunflower. Ta on neli aastat maailmameredel seilanud ja naaseb koju Inglismaale ema surivoodile. Aadlipere peana tuleb tal hakata perekonda juhtima, kusjuures ainuke allesj\u00e4\u00e4nud vara on kuulus maal, mille varguses s\u00fc\u00fcdistatakse teda ennast. Mitmed tahavad seda aaret temalt v\u00e4gisi osta v\u00f5i r\u00f6\u00f6vida, olgu hinnaks miljonid v\u00f5i m\u00f5rv.<br \/>\nSeiklused arenevad kriminaalseteks ja veristeks, raske on aru saada, kes on siiras s\u00f5ber, kes elu armastus ning kes rahaahne m\u00f5rtsukas. R\u00fcnnakud au, armastatu ja elu vastu ajavad marru iga mehe, kuid Stowey krahvi Johnny soontes voolab kaheksa sajandi vanune r\u00f6\u00f6velparuni veri, mis ihkab k\u00e4ttemaksu. Tegevus toimub kaasajal.<\/p>\n","protected":false},"excerpt":{"rendered":"<p>Lihtsasti loetav Bernard Cornwell on menukate Sharpe\u2019i lugude autor. Raamatu kaanepildiks on Briti Kuningliku meremaalijate assotsiatsiooni liikme Geoff Hunti meremaal. Purjetaja Johnny armastab merd ja kirjeldab detailselt purjetamist ning oma jahti Sunflower. Ta on neli aastat maailmameredel seilanud ja naaseb koju Inglismaale ema surivoodile. Aadlipere peana tuleb tal hakata perekonda juhtima, kusjuures ainuke allesj\u00e4\u00e4nud vara [&#8230;]\n","protected":false},"featured_media":14442,"template":"","meta":{"_acf_changed":false,"slim_seo":{"title":"MERELORD, BERNARD CORNWELL - veneilij&auml;n verkkokauppa-Venetarvikkeet","description":"Lihtsasti loetav Bernard Cornwell on menukate Sharpe\u2019i lugude autor. Raamatu kaanepildiks on Briti Kuningliku meremaalijate assotsiatsiooni liikme Geoff Hunti m"}},"product_brand":[],"product_cat":[914,887],"product_tag":[4212],"giftcard-category":[],"class_list":{"0":"post-25794","1":"product","2":"type-product","3":"status-publish","4":"has-post-thumbnail","6":"product_cat-books","7":"product_cat-books-charts-catalogues","8":"product_tag-merelord","9":"pa_unit-pcs","11":"first","12":"instock","13":"purchasable","14":"product-type-simple"},"acf":[],"_links":{"self":[{"href":"https:\/\/veneilytarvikekauppa.fi\/en\/wp-json\/wp\/v2\/product\/25794","targetHints":{"allow":["GET"]}}],"collection":[{"href":"https:\/\/veneilytarvikekauppa.fi\/en\/wp-json\/wp\/v2\/product"}],"about":[{"href":"https:\/\/veneilytarvikekauppa.fi\/en\/wp-json\/wp\/v2\/types\/product"}],"wp:featuredmedia":[{"embeddable":true,"href":"https:\/\/veneilytarvikekauppa.fi\/en\/wp-json\/wp\/v2\/media\/14442"}],"wp:attachment":[{"href":"https:\/\/veneilytarvikekauppa.fi\/en\/wp-json\/wp\/v2\/media?parent=25794"}],"wp:term":[{"taxonomy":"product_brand","embeddable":true,"href":"https:\/\/veneilytarvikekauppa.fi\/en\/wp-json\/wp\/v2\/product_brand?post=25794"},{"taxonomy":"product_cat","embeddable":true,"href":"https:\/\/veneilytarvikekauppa.fi\/en\/wp-json\/wp\/v2\/product_cat?post=25794"},{"taxonomy":"product_tag","embeddable":true,"href":"https:\/\/veneilytarvikekauppa.fi\/en\/wp-json\/wp\/v2\/product_tag?post=25794"},{"taxonomy":"giftcard-category","embeddable":true,"href":"https:\/\/veneilytarvikekauppa.fi\/en\/wp-json\/wp\/v2\/giftcard-category?post=25794"}],"curies":[{"name":"wp","href":"https:\/\/api.w.org\/{rel}","templated":true}]}}