{"id":26275,"date":"2024-08-06T04:27:03","date_gmt":"2024-08-06T02:27:03","guid":{"rendered":"https:\/\/veneilytarvikekauppa.promarinetrade.fi\/product\/self-inflatable-lifejacket-baltic-220-n-automatic-hybrid\/"},"modified":"2026-04-06T06:51:52","modified_gmt":"2026-04-06T04:51:52","slug":"self-inflatable-lifejacket-baltic-220-n-automatic-hybrid","status":"publish","type":"product","link":"https:\/\/veneilytarvikekauppa.fi\/en\/shop\/self-inflatable-lifejacket-baltic-220-n-automatic-hybrid\/","title":{"rendered":"SELF-INFLATABLE LIFEJACKET- BALTIC 220 N, AUTOMATIC, HYBRID"},"content":{"rendered":"<p>An Baltic Automatic 150 N Standard lifejacket that inflates upon immersion with positive integral foam buoyancy of 55 N with an Integrated Deck Harness. Total buoyancy when inflated 220 N. Intended for general application and or use with foul weather clothing. It will only turn over into the safe back position once it has been inflated. The Rib has 55 N of permanent buoyancy with an extra 165 N that automatically inflates upon immersion. The integrated harness has a robust attachment point at the front. The Rib also features Two front pockets, the Argus window to check the status of the cylinder \/ cartridge and a cylinder retainer. The lifejacket can withstand extremes in temperature of between -30 and + 60\u02daC, but should not be stored in direct sunlight.<\/p>\n","protected":false},"excerpt":{"rendered":"<p><img decoding=\"async\" alt=\"\" src=\"\/bw_client_files\/promarine\/public\/img\/Image\/Symbols-Tips-icon.png\" style=\"cursor:default; font-family:arial,tahoma; font-size:12px; height:30px; width:30px\" \/><strong>Tutvu l\u00e4hemalt ka iset\u00e4ituvate p\u00e4\u00e4stevestide KONTROLLI ja TAATLEMISE tingimustega<\/strong><span style=\"font-size:12px\">&nbsp;<\/span><strong><a href=\"https:\/\/www.promarinetrade.com\/isetaituvate-paastevestide-kontroll-ja-taatlemine\"><span style=\"color:rgb(255, 0, 0)\">SIIT<\/span><\/a><\/strong><\/p>\n<p>&#13;<\/p>\n","protected":false},"featured_media":15947,"template":"","meta":{"_acf_changed":false,"slim_seo":{"title":"SELF-INFLATABLE LIFEJACKET- BALTIC 220 N, AUTOMATIC, HYBRID - veneilij&auml;n verkkokauppa-Venetarvikkeet","description":"Tutvu l\u00e4hemalt ka iset\u00e4ituvate p\u00e4\u00e4stevestide KONTROLLI ja TAATLEMISE tingimustega &nbsp; SIIT &#13;"}},"product_brand":[],"product_cat":[895,889],"product_tag":[2280,3813,3919],"giftcard-category":[],"class_list":{"0":"post-26275","1":"product","2":"type-product","3":"status-publish","4":"has-post-thumbnail","6":"product_cat-lifejackets","7":"product_cat-safety","8":"product_tag-baltic","9":"product_tag-black","10":"product_tag-engine-control-cable","11":"pa_color-black","12":"pa_producer-baltic","13":"pa_unit-pcs","15":"first","16":"instock","17":"purchasable","18":"product-type-simple"},"acf":[],"_links":{"self":[{"href":"https:\/\/veneilytarvikekauppa.fi\/en\/wp-json\/wp\/v2\/product\/26275","targetHints":{"allow":["GET"]}}],"collection":[{"href":"https:\/\/veneilytarvikekauppa.fi\/en\/wp-json\/wp\/v2\/product"}],"about":[{"href":"https:\/\/veneilytarvikekauppa.fi\/en\/wp-json\/wp\/v2\/types\/product"}],"wp:featuredmedia":[{"embeddable":true,"href":"https:\/\/veneilytarvikekauppa.fi\/en\/wp-json\/wp\/v2\/media\/15947"}],"wp:attachment":[{"href":"https:\/\/veneilytarvikekauppa.fi\/en\/wp-json\/wp\/v2\/media?parent=26275"}],"wp:term":[{"taxonomy":"product_brand","embeddable":true,"href":"https:\/\/veneilytarvikekauppa.fi\/en\/wp-json\/wp\/v2\/product_brand?post=26275"},{"taxonomy":"product_cat","embeddable":true,"href":"https:\/\/veneilytarvikekauppa.fi\/en\/wp-json\/wp\/v2\/product_cat?post=26275"},{"taxonomy":"product_tag","embeddable":true,"href":"https:\/\/veneilytarvikekauppa.fi\/en\/wp-json\/wp\/v2\/product_tag?post=26275"},{"taxonomy":"giftcard-category","embeddable":true,"href":"https:\/\/veneilytarvikekauppa.fi\/en\/wp-json\/wp\/v2\/giftcard-category?post=26275"}],"curies":[{"name":"wp","href":"https:\/\/api.w.org\/{rel}","templated":true}]}}