{"id":26289,"date":"2024-08-06T04:28:18","date_gmt":"2024-08-06T02:28:18","guid":{"rendered":"https:\/\/veneilytarvikekauppa.promarinetrade.fi\/product\/air-heater-planar-2d-12-v\/"},"modified":"2026-04-06T06:51:56","modified_gmt":"2026-04-06T04:51:56","slug":"air-heater-autoterm-planar-2d-12-24-v","status":"publish","type":"product","link":"https:\/\/veneilytarvikekauppa.fi\/en\/shop\/air-heater-autoterm-planar-2d-12-24-v\/","title":{"rendered":"AIR HEATER- AUTOTERM, PLANAR 2D, 12 &#8211; 24 V"},"content":{"rendered":"<p>Power 0.8-1.8 kW. Planar 2D air heating system is a cost-effective heating solution for the interior of your -truck or boat cabin. The high-performance warm air circulation system quickly brings the truck or boat cabin interior up to the desired temperature. Fully independent from the engine.<\/p>\n<p>&#13;<\/p>\n","protected":false},"excerpt":{"rendered":"<p>* Toitevool: 12 &#8211; 24 V<\/p>\n<p>&#13;<br \/>\n&#13;<\/p>\n<p>* V\u00f5imsus: 0.8 &#8211; 2.0 kW<\/p>\n<p>&#13;<br \/>\n&#13;<\/p>\n<p>* K\u00fctus: Diisel<\/p>\n<p>&#13;<br \/>\n&#13;<\/p>\n<p>* Juhtiminie: Manuaalne<\/p>\n<p>&#13;<br \/>\n&#13;<\/p>\n<p>* K\u00fctusekulu: 0,1- 0,24 l\/h<\/p>\n<p>&#13;<br \/>\n&#13;<\/p>\n<p>* K\u00f6etav ruumala: 34 &#8211; 75 m3\/h<\/p>\n<p>&#13;<br \/>\n&#13;<\/p>\n<p>* Kaal: 8 kg<\/p>\n<p>&#13;<\/p>\n","protected":false},"featured_media":15979,"template":"","meta":{"_acf_changed":false,"slim_seo":{"title":"AIR HEATER- AUTOTERM, PLANAR 2D, 12 - 24 V - veneilij&auml;n verkkokauppa-Venetarvikkeet","description":"* Toitevool: 12 - 24 V &#13; &#13; * V\u00f5imsus: 0.8 - 2.0 kW &#13; &#13; * K\u00fctus: Diisel &#13; &#13; * Juhtiminie: Manuaalne &#13; &#13; * K\u00fctusekulu: 0,1- 0,24 l"}},"product_brand":[],"product_cat":[1019,1018],"product_tag":[2395,3919],"giftcard-category":[],"class_list":{"0":"post-26289","1":"product","2":"type-product","3":"status-publish","4":"has-post-thumbnail","6":"product_cat-air-heaters","7":"product_cat-heating-cooling-cooking","8":"product_tag-autoterm","9":"product_tag-engine-control-cable","10":"pa_producer-autoterm","11":"pa_unit-pcs","13":"first","14":"onbackorder","15":"purchasable","16":"product-type-simple"},"acf":[],"_links":{"self":[{"href":"https:\/\/veneilytarvikekauppa.fi\/en\/wp-json\/wp\/v2\/product\/26289","targetHints":{"allow":["GET"]}}],"collection":[{"href":"https:\/\/veneilytarvikekauppa.fi\/en\/wp-json\/wp\/v2\/product"}],"about":[{"href":"https:\/\/veneilytarvikekauppa.fi\/en\/wp-json\/wp\/v2\/types\/product"}],"wp:featuredmedia":[{"embeddable":true,"href":"https:\/\/veneilytarvikekauppa.fi\/en\/wp-json\/wp\/v2\/media\/15979"}],"wp:attachment":[{"href":"https:\/\/veneilytarvikekauppa.fi\/en\/wp-json\/wp\/v2\/media?parent=26289"}],"wp:term":[{"taxonomy":"product_brand","embeddable":true,"href":"https:\/\/veneilytarvikekauppa.fi\/en\/wp-json\/wp\/v2\/product_brand?post=26289"},{"taxonomy":"product_cat","embeddable":true,"href":"https:\/\/veneilytarvikekauppa.fi\/en\/wp-json\/wp\/v2\/product_cat?post=26289"},{"taxonomy":"product_tag","embeddable":true,"href":"https:\/\/veneilytarvikekauppa.fi\/en\/wp-json\/wp\/v2\/product_tag?post=26289"},{"taxonomy":"giftcard-category","embeddable":true,"href":"https:\/\/veneilytarvikekauppa.fi\/en\/wp-json\/wp\/v2\/giftcard-category?post=26289"}],"curies":[{"name":"wp","href":"https:\/\/api.w.org\/{rel}","templated":true}]}}