{"id":26290,"date":"2024-08-06T04:28:26","date_gmt":"2024-08-06T02:28:26","guid":{"rendered":"https:\/\/veneilytarvikekauppa.promarinetrade.fi\/product\/air-heater-planar-44d-12-v\/"},"modified":"2026-04-06T06:51:56","modified_gmt":"2026-04-06T04:51:56","slug":"air-heater-autoterm-planar-4d-12-24-v","status":"publish","type":"product","link":"https:\/\/veneilytarvikekauppa.fi\/en\/shop\/air-heater-autoterm-planar-4d-12-24-v\/","title":{"rendered":"AIR HEATER- AUTOTERM, PLANAR 4D, 12 &#8211; 24 V"},"content":{"rendered":"<p>Power 1-4 kW. Planar 4D air heating system is a cost-effective heating solution for the interior of your -truck or boat cabin. The high-performance warm air circulation system quickly brings the truck or boat cabin interior up to the desired temperature. Fully independent from the engine. The device can be operated via a special GSM-Thermo application for smartphones.<\/p>\n<p>&#13;<\/p>\n","protected":false},"excerpt":{"rendered":"<ul>&#13;<\/p>\n<li>Toitevool: 12 &#8211; 24 V<\/li>\n<p>&#13;<\/p>\n<li>V\u00f5imsus: 1 \u2013 4 kW<\/li>\n<p>&#13;<\/p>\n<li>K\u00fctus: Diesel<\/li>\n<p>&#13;<\/p>\n<li>Juhtimine: Manuaalne v\u00f5i Distants (GSM)<\/li>\n<p>&#13;<\/p>\n<li>K\u00fctuse kulu: 0,12 \u2013 0,514 l\/h<\/li>\n<p>&#13;<\/p>\n<li>K\u00f6etav ruumala: 70 \u2013 120 m3\/h<\/li>\n<p>&#13;<\/p>\n<li>Kaal: 8 kg<\/li>\n<p>&#13;\n<\/ul>\n<p>&#13;<br \/>\n&#13;<\/p>\n<p>&nbsp;<\/p>\n<p>&#13;<\/p>\n","protected":false},"featured_media":30170,"template":"","meta":{"_acf_changed":false,"slim_seo":{"title":"AIR HEATER- AUTOTERM, PLANAR 4D, 12 - 24 V - veneilij&auml;n verkkokauppa-Venetarvikkeet","description":"&#13; Toitevool: 12 - 24 V &#13; V\u00f5imsus: 1 \u2013 4 kW &#13; K\u00fctus: Diesel &#13; Juhtimine: Manuaalne v\u00f5i Distants (GSM) &#13; K\u00fctuse kulu: 0,12 \u2013 0,514 l\/h &#13; K"}},"product_brand":[],"product_cat":[1019,1018],"product_tag":[2395,3919],"giftcard-category":[],"class_list":{"0":"post-26290","1":"product","2":"type-product","3":"status-publish","4":"has-post-thumbnail","6":"product_cat-air-heaters","7":"product_cat-heating-cooling-cooking","8":"product_tag-autoterm","9":"product_tag-engine-control-cable","10":"pa_producer-autoterm","11":"pa_unit-pcs","13":"first","14":"onbackorder","15":"purchasable","16":"product-type-simple"},"acf":[],"_links":{"self":[{"href":"https:\/\/veneilytarvikekauppa.fi\/en\/wp-json\/wp\/v2\/product\/26290","targetHints":{"allow":["GET"]}}],"collection":[{"href":"https:\/\/veneilytarvikekauppa.fi\/en\/wp-json\/wp\/v2\/product"}],"about":[{"href":"https:\/\/veneilytarvikekauppa.fi\/en\/wp-json\/wp\/v2\/types\/product"}],"wp:featuredmedia":[{"embeddable":true,"href":"https:\/\/veneilytarvikekauppa.fi\/en\/wp-json\/wp\/v2\/media\/30170"}],"wp:attachment":[{"href":"https:\/\/veneilytarvikekauppa.fi\/en\/wp-json\/wp\/v2\/media?parent=26290"}],"wp:term":[{"taxonomy":"product_brand","embeddable":true,"href":"https:\/\/veneilytarvikekauppa.fi\/en\/wp-json\/wp\/v2\/product_brand?post=26290"},{"taxonomy":"product_cat","embeddable":true,"href":"https:\/\/veneilytarvikekauppa.fi\/en\/wp-json\/wp\/v2\/product_cat?post=26290"},{"taxonomy":"product_tag","embeddable":true,"href":"https:\/\/veneilytarvikekauppa.fi\/en\/wp-json\/wp\/v2\/product_tag?post=26290"},{"taxonomy":"giftcard-category","embeddable":true,"href":"https:\/\/veneilytarvikekauppa.fi\/en\/wp-json\/wp\/v2\/giftcard-category?post=26290"}],"curies":[{"name":"wp","href":"https:\/\/api.w.org\/{rel}","templated":true}]}}