{"id":26933,"date":"2024-08-06T05:46:13","date_gmt":"2024-08-06T03:46:13","guid":{"rendered":"https:\/\/veneilytarvikekauppa.promarinetrade.fi\/product\/rigging-screw-16-mm\/"},"modified":"2026-04-06T06:55:16","modified_gmt":"2026-04-06T04:55:16","slug":"rigging-screw-16-mm","status":"publish","type":"product","link":"https:\/\/veneilytarvikekauppa.fi\/en\/shop\/rigging-screw-16-mm\/","title":{"rendered":"RIGGING SCREW, 16 mm"},"content":{"rendered":"<p>Rigging screw with two fixed toggles. Made of polished AISI 316 stainless steel.<\/p>\n","protected":false},"excerpt":{"rendered":"<p style=\"text-align:center\">&nbsp;<\/p>\n<p>&#13;<br \/>\n&#13;<\/p>\n<table border=\"1\" cellspacing=\"0\" style=\"border-collapse:collapse\">&#13;<\/p>\n<tbody>&#13;<\/p>\n<tr>&#13;<\/p>\n<th scope=\"col\">Vint D1<\/th>\n<p>&#13;<\/p>\n<th scope=\"col\">L1<\/th>\n<p>&#13;<\/p>\n<th scope=\"col\">A<\/th>\n<p>&#13;<\/p>\n<th scope=\"col\">H<\/th>\n<p>&#13;<\/p>\n<th scope=\"col\">LG<\/th>\n<p>&#13;<\/p>\n<th scope=\"col\">L\u00e4bim\u00f5\u00f5t<\/th>\n<p>&#13;<\/p>\n<th scope=\"col\">Katkemistugevus<\/th>\n<p>&#13;<br \/>\n\t\t<\/tr>\n<p>&#13;<\/p>\n<tr>&#13;<\/p>\n<td style=\"text-align:center\">4 MA<\/td>\n<p>&#13;<\/p>\n<td style=\"text-align:center\">110 mm<\/td>\n<p>&#13;<\/p>\n<td style=\"text-align:center\">5,5 mm<\/td>\n<p>&#13;<\/p>\n<td style=\"text-align:center\">8 mm<\/td>\n<p>&#13;<\/p>\n<td style=\"text-align:center\">160 mm<\/td>\n<p>&#13;<\/p>\n<td style=\"text-align:center\">4 mm<\/td>\n<p>&#13;<\/p>\n<td style=\"text-align:center\">&#8211; kg<\/td>\n<p>&#13;<br \/>\n\t\t<\/tr>\n<p>&#13;<\/p>\n<tr>&#13;<\/p>\n<td style=\"text-align:center\">5 MA<\/td>\n<p>&#13;<\/p>\n<td style=\"text-align:center\">130 mm<\/td>\n<p>&#13;<\/p>\n<td style=\"text-align:center\">6,5 mm<\/td>\n<p>&#13;<\/p>\n<td style=\"text-align:center\">10 mm<\/td>\n<p>&#13;<\/p>\n<td style=\"text-align:center\">190 mm<\/td>\n<p>&#13;<\/p>\n<td style=\"text-align:center\">5 mm<\/td>\n<p>&#13;<\/p>\n<td style=\"text-align:center\">400 kg<\/td>\n<p>&#13;<br \/>\n\t\t<\/tr>\n<p>&#13;<\/p>\n<tr>&#13;<\/p>\n<td style=\"text-align:center\">6 MA<\/td>\n<p>&#13;<\/p>\n<td style=\"text-align:center\">150 mm<\/td>\n<p>&#13;<\/p>\n<td style=\"text-align:center\">7,5 mm<\/td>\n<p>&#13;<\/p>\n<td style=\"text-align:center\">10 mm<\/td>\n<p>&#13;<\/p>\n<td style=\"text-align:center\">220 mm<\/td>\n<p>&#13;<\/p>\n<td style=\"text-align:center\">6 mm<\/td>\n<p>&#13;<\/p>\n<td style=\"text-align:center\">600 kg<\/td>\n<p>&#13;<br \/>\n\t\t<\/tr>\n<p>&#13;<\/p>\n<tr>&#13;<\/p>\n<td style=\"text-align:center\">8 MA<\/td>\n<p>&#13;<\/p>\n<td style=\"text-align:center\">165 mm<\/td>\n<p>&#13;<\/p>\n<td style=\"text-align:center\">11 mm<\/td>\n<p>&#13;<\/p>\n<td style=\"text-align:center\">11 mm<\/td>\n<p>&#13;<\/p>\n<td style=\"text-align:center\">240 mm<\/td>\n<p>&#13;<\/p>\n<td style=\"text-align:center\">8 mm<\/td>\n<p>&#13;<\/p>\n<td style=\"text-align:center\">1000 kg<\/td>\n<p>&#13;<br \/>\n\t\t<\/tr>\n<p>&#13;<\/p>\n<tr>&#13;<\/p>\n<td style=\"text-align:center\">10 MA<\/td>\n<p>&#13;<\/p>\n<td style=\"text-align:center\">190 mm<\/td>\n<p>&#13;<\/p>\n<td style=\"text-align:center\">12 mm<\/td>\n<p>&#13;<\/p>\n<td style=\"text-align:center\">14 mm<\/td>\n<p>&#13;<\/p>\n<td style=\"text-align:center\">280 mm<\/td>\n<p>&#13;<\/p>\n<td style=\"text-align:center\">9 mm<\/td>\n<p>&#13;<\/p>\n<td style=\"text-align:center\">1400 kg<\/td>\n<p>&#13;<br \/>\n\t\t<\/tr>\n<p>&#13;<\/p>\n<tr>&#13;<\/p>\n<td style=\"text-align:center\"><span style=\"color:#000000\">12 MA<\/span><\/td>\n<p>&#13;<\/p>\n<td style=\"text-align:center\"><span style=\"color:#000000\">245 mm<\/span><\/td>\n<p>&#13;<\/p>\n<td style=\"text-align:center\"><span style=\"color:#000000\">14 mm<\/span><\/td>\n<p>&#13;<\/p>\n<td style=\"text-align:center\"><span style=\"color:#000000\">20 mm<\/span><\/td>\n<p>&#13;<\/p>\n<td style=\"text-align:center\"><span style=\"color:#000000\">360 mm<\/span><\/td>\n<p>&#13;<\/p>\n<td style=\"text-align:center\"><span style=\"color:#000000\">12 mm<\/span><\/td>\n<p>&#13;<\/p>\n<td style=\"text-align:center\"><span style=\"color:#000000\">2400 kg<\/span><\/td>\n<p>&#13;<br \/>\n\t\t<\/tr>\n<p>&#13;<\/p>\n<tr>&#13;<\/p>\n<td style=\"text-align:center\"><span style=\"color:#000000\">14 MA<\/span><\/td>\n<p>&#13;<\/p>\n<td style=\"text-align:center\"><span style=\"color:#000000\">270 mm<\/span><\/td>\n<p>&#13;<\/p>\n<td style=\"text-align:center\"><span style=\"color:#000000\">15 mm<\/span><\/td>\n<p>&#13;<\/p>\n<td style=\"text-align:center\"><span style=\"color:#000000\">22 mm<\/span><\/td>\n<p>&#13;<\/p>\n<td style=\"text-align:center\"><span style=\"color:#000000\">390 mm<\/span><\/td>\n<p>&#13;<\/p>\n<td style=\"text-align:center\"><span style=\"color:#000000\">12 mm<\/span><\/td>\n<p>&#13;<\/p>\n<td style=\"text-align:center\"><span style=\"color:#000000\">2800 kg<\/span><\/td>\n<p>&#13;<br \/>\n\t\t<\/tr>\n<p>&#13;<\/p>\n<tr>&#13;<\/p>\n<td style=\"text-align:center\"><strong><span style=\"color:#FF0000\">16 MA<\/span><\/strong><\/td>\n<p>&#13;<\/p>\n<td style=\"text-align:center\"><strong><span style=\"color:#FF0000\">310 mm<\/span><\/strong><\/td>\n<p>&#13;<\/p>\n<td style=\"text-align:center\"><strong><span style=\"color:#FF0000\">17 mm<\/span><\/strong><\/td>\n<p>&#13;<\/p>\n<td style=\"text-align:center\"><strong><span style=\"color:#FF0000\">26 mm<\/span><\/strong><\/td>\n<p>&#13;<\/p>\n<td style=\"text-align:center\"><strong><span style=\"color:#FF0000\">450 mm<\/span><\/strong><\/td>\n<p>&#13;<\/p>\n<td style=\"text-align:center\"><strong><span style=\"color:#FF0000\">16 mm<\/span><\/strong><\/td>\n<p>&#13;<\/p>\n<td style=\"text-align:center\"><strong><span style=\"color:#FF0000\">4000 kg<\/span><\/strong><\/td>\n<p>&#13;<br \/>\n\t\t<\/tr>\n<p>&#13;<br \/>\n\t<\/tbody>\n<p>&#13;<br \/>\n<\/table>\n<p>&#13;<\/p>\n","protected":false},"featured_media":11544,"template":"","meta":{"_acf_changed":false,"slim_seo":{"title":"RIGGING SCREW, 16 mm - veneilij&auml;n verkkokauppa-Venetarvikkeet","description":"&nbsp; &#13; &#13; &#13; &#13; &#13; Vint D1 &#13; L1 &#13; A &#13; H &#13; LG &#13; L\u00e4bim\u00f5\u00f5t &#13; Katkemistugevus &#13; &#13; &#13; 4 MA &#13; 110 mm &#13; 5,"}},"product_brand":[],"product_cat":[899,901],"product_tag":[1815,3400],"giftcard-category":[],"class_list":{"0":"post-26933","1":"product","2":"type-product","3":"status-publish","4":"has-post-thumbnail","6":"product_cat-stainless-steel-hardware","7":"product_cat-turnbuckles","8":"product_tag-osculati","9":"product_tag-yamaha","10":"pa_producer-osculati","11":"pa_unit-pcs","13":"first","14":"onbackorder","15":"purchasable","16":"product-type-simple"},"acf":[],"_links":{"self":[{"href":"https:\/\/veneilytarvikekauppa.fi\/en\/wp-json\/wp\/v2\/product\/26933","targetHints":{"allow":["GET"]}}],"collection":[{"href":"https:\/\/veneilytarvikekauppa.fi\/en\/wp-json\/wp\/v2\/product"}],"about":[{"href":"https:\/\/veneilytarvikekauppa.fi\/en\/wp-json\/wp\/v2\/types\/product"}],"wp:featuredmedia":[{"embeddable":true,"href":"https:\/\/veneilytarvikekauppa.fi\/en\/wp-json\/wp\/v2\/media\/11544"}],"wp:attachment":[{"href":"https:\/\/veneilytarvikekauppa.fi\/en\/wp-json\/wp\/v2\/media?parent=26933"}],"wp:term":[{"taxonomy":"product_brand","embeddable":true,"href":"https:\/\/veneilytarvikekauppa.fi\/en\/wp-json\/wp\/v2\/product_brand?post=26933"},{"taxonomy":"product_cat","embeddable":true,"href":"https:\/\/veneilytarvikekauppa.fi\/en\/wp-json\/wp\/v2\/product_cat?post=26933"},{"taxonomy":"product_tag","embeddable":true,"href":"https:\/\/veneilytarvikekauppa.fi\/en\/wp-json\/wp\/v2\/product_tag?post=26933"},{"taxonomy":"giftcard-category","embeddable":true,"href":"https:\/\/veneilytarvikekauppa.fi\/en\/wp-json\/wp\/v2\/giftcard-category?post=26933"}],"curies":[{"name":"wp","href":"https:\/\/api.w.org\/{rel}","templated":true}]}}