{"id":27048,"date":"2024-08-06T06:01:42","date_gmt":"2024-08-06T04:01:42","guid":{"rendered":"https:\/\/veneilytarvikekauppa.promarinetrade.fi\/product\/drysuit-crewsaver-atacama-pro-m\/"},"modified":"2026-04-06T06:56:06","modified_gmt":"2026-04-06T04:56:06","slug":"drysuit-crewsaver-atacama-pro-m","status":"publish","type":"product","link":"https:\/\/veneilytarvikekauppa.fi\/en\/shop\/drysuit-crewsaver-atacama-pro-m\/","title":{"rendered":"DRYSUIT- CREWSAVER ATACAMA PRO, M"},"content":{"rendered":"<p style=\"text-align: justify;\">The Crewsaver new 2018 Atacama Pro drysuit rivals its namesake desert as the driest place on earth. Designed using 3 layer breathable technology and enhanced waterproof properties to keep you warm and dry whilst out on the water. Both comfort and style have been extremely important factors in the design of the Atacama Pro. A unique lower stretch mesh back panel, adjustable braces, articulated arms and legs create a custom-fit to provide the ultimate in freedom of movement. The front entry Aquaseal, flexible zip is positioned for maximum comfort and allows the wearer to don the suit without the need of assistance. Additionally, Cordura reinforced double layered seat and knees provides extra protection to the areas of high wear to maintain longevity. 3 layer breathable fabric with enhanced waterproof properties Lower back stretch mesh panel for increased comfort and flexibility YKK Aquaseal flexible zip construction Articulated arms and legs for increased freedom of movement Cordura reinforced double layered seat and knees Expandable leg pockets with D-ring attachment Adjustable wrist and ankle cuffs Glideskin neoprene wrist and neck seals Removable braces Internal pocket Reflective detail. It comes complete with a one-piece under-fleece and Crewsaver drybag.<\/p>\n<p>&#13;<\/p>\n","protected":false},"excerpt":{"rendered":"<p>&nbsp;<\/p>\n<p>&#13;<br \/>\n&#13;<\/p>\n<table border=\"1\" cellpadding=\"1\" cellspacing=\"1\" style=\"width:397px\">&#13;<\/p>\n<tbody>&#13;<\/p>\n<tr>&#13;<\/p>\n<td style=\"text-align:center\"><span style=\"color:#FF0000\"><strong>Suurus<\/strong><\/span><\/td>\n<p>&#13;<\/p>\n<td style=\"text-align:center\"><span style=\"color:#FF0000\"><strong>Rinna \u00fcmberm\u00f5\u00f5t<\/strong><\/span><\/td>\n<p>&#13;<\/p>\n<td style=\"text-align:center\"><span style=\"color:#FF0000\"><strong>Talje<\/strong><\/span><\/td>\n<p>&#13;<\/p>\n<td style=\"text-align:center\"><span style=\"color:#FF0000\"><strong>Sises\u00e4\u00e4r<\/strong><\/span><\/td>\n<p>&#13;<\/p>\n<td style=\"text-align:center\"><span style=\"color:#FF0000\"><strong>Pikkus<\/strong><\/span><\/td>\n<p>&#13;<br \/>\n\t\t<\/tr>\n<p>&#13;<\/p>\n<tr>&#13;<\/p>\n<td style=\"text-align:center\"><span style=\"color:#0000CD\"><strong>S<\/strong><\/span><\/td>\n<p>&#13;<\/p>\n<td style=\"text-align:center\"><strong>91 &#8211; 97 cm<\/strong><\/td>\n<p>&#13;<\/p>\n<td style=\"text-align:center\"><strong>71 &#8211; 79 cm<\/strong><\/td>\n<p>&#13;<\/p>\n<td style=\"text-align:center\"><strong>69 cm<\/strong><\/td>\n<p>&#13;<\/p>\n<td style=\"text-align:center\"><strong>163 &#8211; 170 cm<\/strong><\/td>\n<p>&#13;<br \/>\n\t\t<\/tr>\n<p>&#13;<\/p>\n<tr>&#13;<\/p>\n<td style=\"text-align:center\"><span style=\"color:#0000CD\"><strong>M<\/strong><\/span><\/td>\n<p>&#13;<\/p>\n<td style=\"text-align:center\"><strong>97 &#8211; 104 cm<\/strong><\/td>\n<p>&#13;<\/p>\n<td style=\"text-align:center\"><strong>79 &#8211; 86 cm<\/strong><\/td>\n<p>&#13;<\/p>\n<td style=\"text-align:center\"><strong>74 cm<\/strong><\/td>\n<p>&#13;<\/p>\n<td style=\"text-align:center\"><strong>170 &#8211; 178 cm<\/strong><\/td>\n<p>&#13;<br \/>\n\t\t<\/tr>\n<p>&#13;<\/p>\n<tr>&#13;<\/p>\n<td style=\"text-align:center\"><span style=\"color:#0000CD\"><strong>L<\/strong><\/span><\/td>\n<p>&#13;<\/p>\n<td style=\"text-align:center\"><strong>104 &#8211; 112 cm<\/strong><\/td>\n<p>&#13;<\/p>\n<td style=\"text-align:center\"><strong>86 &#8211; 94 cm<\/strong><\/td>\n<p>&#13;<\/p>\n<td style=\"text-align:center\"><strong>79 cm<\/strong><\/td>\n<p>&#13;<\/p>\n<td style=\"text-align:center\"><strong>178 &#8211; 185 cm<\/strong><\/td>\n<p>&#13;<br \/>\n\t\t<\/tr>\n<p>&#13;<\/p>\n<tr>&#13;<\/p>\n<td style=\"text-align:center\"><span style=\"color:#0000CD\"><strong>XL<\/strong><\/span><\/td>\n<p>&#13;<\/p>\n<td style=\"text-align:center\"><strong>112 &#8211; 119 cm<\/strong><\/td>\n<p>&#13;<\/p>\n<td style=\"text-align:center\"><strong>94 &#8211; 102 cm<\/strong><\/td>\n<p>&#13;<\/p>\n<td style=\"text-align:center\"><strong>84 cm<\/strong><\/td>\n<p>&#13;<\/p>\n<td style=\"text-align:center\"><strong>185 &#8211; 191 cm<\/strong><\/td>\n<p>&#13;<br \/>\n\t\t<\/tr>\n<p>&#13;<\/p>\n<tr>&#13;<\/p>\n<td style=\"text-align:center\"><span style=\"color:#0000CD\"><strong>XXL<\/strong><\/span><\/td>\n<p>&#13;<\/p>\n<td style=\"text-align:center\"><strong>119 . 127 cm<\/strong><\/td>\n<p>&#13;<\/p>\n<td style=\"text-align:center\"><strong>102 &#8211; 108 cm<\/strong><\/td>\n<p>&#13;<\/p>\n<td style=\"text-align:center\"><strong>89 cm<\/strong><\/td>\n<p>&#13;<\/p>\n<td style=\"text-align:center\"><strong>185 &#8211; 191 cm<\/strong><\/td>\n<p>&#13;<br \/>\n\t\t<\/tr>\n<p>&#13;<br \/>\n\t<\/tbody>\n<p>&#13;<br \/>\n<\/table>\n<p>&#13;<br \/>\n&#13;<\/p>\n<p>&nbsp;<\/p>\n<p>&#13;<br \/>\n&#13;<\/p>\n<p>&nbsp;<\/p>\n<p>&#13;<br \/>\n&#13;<\/p>\n<p>&nbsp;<\/p>\n<p>&#13;<\/p>\n","protected":false},"featured_media":17851,"template":"","meta":{"_acf_changed":false,"slim_seo":{"title":"DRYSUIT- CREWSAVER ATACAMA PRO, M - veneilij&auml;n verkkokauppa-Venetarvikkeet","description":"&nbsp; &#13; &#13; &#13; &#13; &#13; Suurus &#13; Rinna \u00fcmberm\u00f5\u00f5t &#13; Talje &#13; Sises\u00e4\u00e4r &#13; Pikkus &#13; &#13; &#13; S &#13; 91 - 97 cm &#13; 71 - 79 cm"}},"product_brand":[],"product_cat":[987,891],"product_tag":[3813,4464],"giftcard-category":[],"class_list":{"0":"post-27048","1":"product","2":"type-product","3":"status-publish","4":"has-post-thumbnail","6":"product_cat-drysuits-fisherman-suits-flotation-suits","7":"product_cat-marine-clothing-and-shoes","8":"product_tag-black","9":"product_tag-lowrance-hook2","10":"pa_color-black","11":"pa_producer-crewsaver","13":"first","14":"onbackorder","15":"purchasable","16":"product-type-simple"},"acf":[],"_links":{"self":[{"href":"https:\/\/veneilytarvikekauppa.fi\/en\/wp-json\/wp\/v2\/product\/27048","targetHints":{"allow":["GET"]}}],"collection":[{"href":"https:\/\/veneilytarvikekauppa.fi\/en\/wp-json\/wp\/v2\/product"}],"about":[{"href":"https:\/\/veneilytarvikekauppa.fi\/en\/wp-json\/wp\/v2\/types\/product"}],"wp:featuredmedia":[{"embeddable":true,"href":"https:\/\/veneilytarvikekauppa.fi\/en\/wp-json\/wp\/v2\/media\/17851"}],"wp:attachment":[{"href":"https:\/\/veneilytarvikekauppa.fi\/en\/wp-json\/wp\/v2\/media?parent=27048"}],"wp:term":[{"taxonomy":"product_brand","embeddable":true,"href":"https:\/\/veneilytarvikekauppa.fi\/en\/wp-json\/wp\/v2\/product_brand?post=27048"},{"taxonomy":"product_cat","embeddable":true,"href":"https:\/\/veneilytarvikekauppa.fi\/en\/wp-json\/wp\/v2\/product_cat?post=27048"},{"taxonomy":"product_tag","embeddable":true,"href":"https:\/\/veneilytarvikekauppa.fi\/en\/wp-json\/wp\/v2\/product_tag?post=27048"},{"taxonomy":"giftcard-category","embeddable":true,"href":"https:\/\/veneilytarvikekauppa.fi\/en\/wp-json\/wp\/v2\/giftcard-category?post=27048"}],"curies":[{"name":"wp","href":"https:\/\/api.w.org\/{rel}","templated":true}]}}