{"id":27599,"date":"2024-08-06T06:59:05","date_gmt":"2024-08-06T04:59:05","guid":{"rendered":"https:\/\/veneilytarvikekauppa.promarinetrade.fi\/product\/self-inflatable-lifejacket-cs-ergofit-190-n-pro-automatic\/"},"modified":"2026-04-06T06:58:53","modified_gmt":"2026-04-06T04:58:53","slug":"self-inflatable-lifejacket-cs-ergofit-190-n-pro-automatic","status":"publish","type":"product","link":"https:\/\/veneilytarvikekauppa.fi\/en\/shop\/self-inflatable-lifejacket-cs-ergofit-190-n-pro-automatic\/","title":{"rendered":"SELF-INFLATABLE LIFEJACKET- CS ERGOFIT+ 190 N PRO, AUTOMATIC"},"content":{"rendered":"<p>Ergofit + 190 with Auto Inflation Harness and Hood. The new innovative Ergo+ hood system works with the shape of the inflated bladder to significantly reduce the risk of water inhalation as well as heat loss. This is achieved through improved bladder and spray hood design combined with a new double-halo hood construction. As a result, the spray hood is fully self-supporting once deployed and forms a spacious cavity above the wearer\u2019s face. The hood also includes an internal panel which further protects the wearer against spray whilst doubling up as an anti-glare panel, shielding the wearers\u2019 eyes from the lifejacket light. The  ErgoFit bladder is, as always, a step above the rest. With its tailored shape, the bladder distributes buoyancy uniquely around the wearer to maximise in-water support and airway protection. Even when wearing heavy clothing, the ErgoFit is designed to rotate the wearer in less than 2 seconds and holds the wearers head high out of the water. The shaping around the shoulders provides improved in-water mobility to help self recovery back to safety. The ErgoFit+ incorporates a new-to-market buckle system. With its slimline design, the quick lock buckle makes the lifejacket easy to don and accommodates the use of a single loop harness attachment point for ease of tethering.A technological collaboration between Crewsaver innovations and that of its new partner, Exposure, is evident in the ErgoFit+. The Exposure OLAS Tag, a portable crew tracking and overboard location alert system, can be easily integrated into this lifejacket &#8211; taking man overboard protection to the next level.<\/p>\n","protected":false},"excerpt":{"rendered":"<p>MUUD OMADUSED:<\/p>\n<p>&#13;<br \/>\n&#13;<\/p>\n<p>&nbsp;<\/p>\n<p>&#13;<br \/>\n&#13;<\/p>\n<p><span style=\"font-size:12px\">* Halo kapuuts-s\u00fcsteem <\/span><\/p>\n<p>&#13;<br \/>\n&#13;<\/p>\n<p><span style=\"font-size:12px\">* Spetsiaalne kraetasku mis on m\u00f5eldud OLAS s\u00fcsteemi integreerimiseks <\/span><\/p>\n<p>&#13;<br \/>\n&#13;<\/p>\n<p><span style=\"font-size:12px\">* Lihtne kiire lukustuss\u00fcsteem, mis v\u00f5imaldab vesti kiiresti sobivaks reguleerida <\/span><\/p>\n<p>&#13;<br \/>\n&#13;<\/p>\n<p><span style=\"font-size:12px\">* Spetsiaalne l\u00f5uatugi , mis aitab hoida pea vee peal ja hingamisteed avatuna <\/span><\/p>\n<p>&#13;<br \/>\n&#13;<\/p>\n<p><span style=\"font-size:12px\">* Fusion 3D disain tagab vesti t\u00e4ieliku kandmismugavuse <\/span><\/p>\n<p>&#13;<br \/>\n&#13;<\/p>\n<p><span style=\"font-size:12px\">* Pehme D-r\u00f5ngas turvaliini kinnitamiseks <\/span><\/p>\n<p>&#13;<br \/>\n&#13;<\/p>\n<p><span style=\"font-size:12px\">* Kolmekihiline konstruktsioon vesti vastupidavuse tagamiseks <\/span><\/p>\n<p>&#13;<br \/>\n&#13;<\/p>\n<p><span style=\"font-size:12px\">* AIS ja PLB \u00fchilduvus <\/span><\/p>\n<p>&#13;<br \/>\n&#13;<\/p>\n<p><span style=\"font-size:12px\">* Ujuvus 190 N<\/span><\/p>\n<p>&#13;<br \/>\n&#13;<\/p>\n<p>&nbsp;<\/p>\n<p>&#13;<br \/>\n&#13;<\/p>\n<p><img decoding=\"async\" alt=\"\" src=\"\/bw_client_files\/promarine\/public\/img\/Image\/Symbols-Tips-icon.png\" style=\"cursor:default; font-family:arial,tahoma; font-size:12px; height:30px; width:30px\" \/><strong>Tutvu l\u00e4hemalt ka iset\u00e4ituvate p\u00e4\u00e4stevestide KONTROLLI ja TAATLEMISE tingimustega<\/strong><span style=\"font-size:12px\">&nbsp;<\/span><strong><a href=\"https:\/\/www.promarinetrade.com\/isetaituvate-paastevestide-kontroll-ja-taatlemine\"><span style=\"color:rgb(255, 0, 0)\">SIIT<\/span><\/a><\/strong><\/p>\n<p>&#13;<br \/>\n&#13;<\/p>\n<p>&nbsp;<\/p>\n<p>&#13;<br \/>\n&#13;<\/p>\n<p>&nbsp;<\/p>\n<p>&#13;<br \/>\n&#13;<\/p>\n<p><iframe loading=\"lazy\" allowfullscreen=\"\" frameborder=\"0\" height=\"360\" src=\"\/\/www.youtube.com\/embed\/ThWuo9C1yr8\" width=\"640\"><\/iframe><\/p>\n<p>&#13;<\/p>\n","protected":false},"featured_media":19679,"template":"","meta":{"_acf_changed":false,"slim_seo":{"title":"SELF-INFLATABLE LIFEJACKET- CS ERGOFIT+ 190 N PRO, AUTOMATIC - veneilij&auml;n verkkokauppa-Venetarvikkeet","description":"MUUD OMADUSED: &#13; &#13; &nbsp; &#13; &#13; * Halo kapuuts-s\u00fcsteem &#13; &#13; * Spetsiaalne kraetasku mis on m\u00f5eldud OLAS s\u00fcsteemi integreerimiseks &#13; &#1"}},"product_brand":[],"product_cat":[895,889],"product_tag":[2315,3781,4600],"giftcard-category":[],"class_list":{"0":"post-27599","1":"product","2":"type-product","3":"status-publish","4":"has-post-thumbnail","6":"product_cat-lifejackets","7":"product_cat-safety","8":"product_tag-crewsaver","9":"product_tag-navy-blue","10":"product_tag-sailing-offshore-jacket","11":"pa_color-navy-blue","12":"pa_producer-crewsaver","13":"pa_unit-pcs","15":"first","16":"onbackorder","17":"purchasable","18":"product-type-simple"},"acf":[],"_links":{"self":[{"href":"https:\/\/veneilytarvikekauppa.fi\/en\/wp-json\/wp\/v2\/product\/27599","targetHints":{"allow":["GET"]}}],"collection":[{"href":"https:\/\/veneilytarvikekauppa.fi\/en\/wp-json\/wp\/v2\/product"}],"about":[{"href":"https:\/\/veneilytarvikekauppa.fi\/en\/wp-json\/wp\/v2\/types\/product"}],"wp:featuredmedia":[{"embeddable":true,"href":"https:\/\/veneilytarvikekauppa.fi\/en\/wp-json\/wp\/v2\/media\/19679"}],"wp:attachment":[{"href":"https:\/\/veneilytarvikekauppa.fi\/en\/wp-json\/wp\/v2\/media?parent=27599"}],"wp:term":[{"taxonomy":"product_brand","embeddable":true,"href":"https:\/\/veneilytarvikekauppa.fi\/en\/wp-json\/wp\/v2\/product_brand?post=27599"},{"taxonomy":"product_cat","embeddable":true,"href":"https:\/\/veneilytarvikekauppa.fi\/en\/wp-json\/wp\/v2\/product_cat?post=27599"},{"taxonomy":"product_tag","embeddable":true,"href":"https:\/\/veneilytarvikekauppa.fi\/en\/wp-json\/wp\/v2\/product_tag?post=27599"},{"taxonomy":"giftcard-category","embeddable":true,"href":"https:\/\/veneilytarvikekauppa.fi\/en\/wp-json\/wp\/v2\/giftcard-category?post=27599"}],"curies":[{"name":"wp","href":"https:\/\/api.w.org\/{rel}","templated":true}]}}