{"id":27601,"date":"2024-08-06T06:59:23","date_gmt":"2024-08-06T04:59:23","guid":{"rendered":"https:\/\/veneilytarvikekauppa.promarinetrade.fi\/product\/self-inflatable-lifejacket-for-children-crewfit-junior-150-n-automaatne-red\/"},"modified":"2026-04-06T06:58:53","modified_gmt":"2026-04-06T04:58:53","slug":"self-inflatable-lifejacket-for-children-crewfit-junior-150-n-automaatne-red","status":"publish","type":"product","link":"https:\/\/veneilytarvikekauppa.fi\/en\/shop\/self-inflatable-lifejacket-for-children-crewfit-junior-150-n-automaatne-red\/","title":{"rendered":"SELF-INFLATABLE LIFEJACKET FOR CHILDREN- CREWFIT JUNIOR 150 N, AUTOMAATNE, RED"},"content":{"rendered":"<p>The first 3D designed lifejacket for juniors, helping to ensure your little ones remain as comfortable as possible when out on the water. Safety is paramount on the Crewfit 150 N junior, a unique bladder design with a peninsular chin support offers the most advanced performance solutions available today.<\/p>\n<p>Key Features:<br \/>\nA transparent \u2018window\u2019 on the front of the jacket showing the status of the inflator, allowing you to check your lifejacket is in working order without having to unpack and repack the jacket<br \/>\nRobust outer cover<br \/>\nSide waist adjuster<br \/>\nCrotch strap<br \/>\nLight weight soft loop D-ring for attaching safety line<br \/>\nA built in inflatable chin support tilts your neck back and keeps your airways clear<br \/>\nJunior (20-50 kg)<\/p>\n","protected":false},"excerpt":{"rendered":"<p><img decoding=\"async\" alt=\"\" src=\"\/bw_client_files\/promarine\/public\/img\/Image\/Symbols-Tips-icon.png\" style=\"cursor:default; font-family:arial,tahoma; font-size:12px; height:30px; width:30px\" \/><strong>Tutvu l\u00e4hemalt ka iset\u00e4ituvate p\u00e4\u00e4stevestide KONTROLLI ja TAATLEMISE tingimustega<\/strong><span style=\"font-size:12px\">&nbsp;<\/span><strong><a href=\"https:\/\/www.promarinetrade.com\/isetaituvate-paastevestide-kontroll-ja-taatlemine\"><span style=\"color:rgb(255, 0, 0)\">SIIT<\/span><\/a><\/strong><\/p>\n<p>&#13;<br \/>\n&#13;<\/p>\n<p>&nbsp;<\/p>\n<p>&#13;<br \/>\n&#13;<\/p>\n<p>&nbsp;<\/p>\n<p>&#13;<br \/>\n&#13;<\/p>\n<p>&nbsp;<\/p>\n<p>&#13;<br \/>\n&#13;<\/p>\n<p><iframe loading=\"lazy\" allowfullscreen=\"\" frameborder=\"0\" height=\"360\" src=\"\/\/www.youtube.com\/embed\/y5RJLeNLmbw\" width=\"640\"><\/iframe><\/p>\n<p>&#13;<\/p>\n","protected":false},"featured_media":19699,"template":"","meta":{"_acf_changed":false,"slim_seo":{"title":"SELF-INFLATABLE LIFEJACKET FOR CHILDREN- CREWFIT JUNIOR 150 N, AUTOMAATNE, RED - veneilij&auml;n verkkokauppa-Venetarvikkeet","description":"Tutvu l\u00e4hemalt ka iset\u00e4ituvate p\u00e4\u00e4stevestide KONTROLLI ja TAATLEMISE tingimustega &nbsp; SIIT &#13; &#13; &nbsp; &#13; &#13; &nbsp; &#13; &#13; &nbsp; &#13; &#1"}},"product_brand":[],"product_cat":[895,889],"product_tag":[2315,3806,4398],"giftcard-category":[],"class_list":{"0":"post-27601","1":"product","2":"type-product","3":"status-publish","4":"has-post-thumbnail","6":"product_cat-lifejackets","7":"product_cat-safety","8":"product_tag-crewsaver","9":"product_tag-red","10":"product_tag-sailing-offshore-trousers","11":"pa_color-red","12":"pa_producer-crewsaver","13":"pa_unit-pcs","15":"first","16":"instock","17":"purchasable","18":"product-type-simple"},"acf":[],"_links":{"self":[{"href":"https:\/\/veneilytarvikekauppa.fi\/en\/wp-json\/wp\/v2\/product\/27601","targetHints":{"allow":["GET"]}}],"collection":[{"href":"https:\/\/veneilytarvikekauppa.fi\/en\/wp-json\/wp\/v2\/product"}],"about":[{"href":"https:\/\/veneilytarvikekauppa.fi\/en\/wp-json\/wp\/v2\/types\/product"}],"wp:featuredmedia":[{"embeddable":true,"href":"https:\/\/veneilytarvikekauppa.fi\/en\/wp-json\/wp\/v2\/media\/19699"}],"wp:attachment":[{"href":"https:\/\/veneilytarvikekauppa.fi\/en\/wp-json\/wp\/v2\/media?parent=27601"}],"wp:term":[{"taxonomy":"product_brand","embeddable":true,"href":"https:\/\/veneilytarvikekauppa.fi\/en\/wp-json\/wp\/v2\/product_brand?post=27601"},{"taxonomy":"product_cat","embeddable":true,"href":"https:\/\/veneilytarvikekauppa.fi\/en\/wp-json\/wp\/v2\/product_cat?post=27601"},{"taxonomy":"product_tag","embeddable":true,"href":"https:\/\/veneilytarvikekauppa.fi\/en\/wp-json\/wp\/v2\/product_tag?post=27601"},{"taxonomy":"giftcard-category","embeddable":true,"href":"https:\/\/veneilytarvikekauppa.fi\/en\/wp-json\/wp\/v2\/giftcard-category?post=27601"}],"curies":[{"name":"wp","href":"https:\/\/api.w.org\/{rel}","templated":true}]}}