{"id":27611,"date":"2024-08-06T07:00:49","date_gmt":"2024-08-06T05:00:49","guid":{"rendered":"https:\/\/veneilytarvikekauppa.promarinetrade.fi\/product\/nano-boatcare-nasiol-antimoss\/"},"modified":"2026-04-06T06:58:57","modified_gmt":"2026-04-06T04:58:57","slug":"nano-boatcare-nasiol-antimoss","status":"publish","type":"product","link":"https:\/\/veneilytarvikekauppa.fi\/en\/shop\/nano-boatcare-nasiol-antimoss\/","title":{"rendered":"NANO BOATCARE- NASIOL ANTIMOSS"},"content":{"rendered":"<p>A New approach to Marine Detailing. Antimoss is an easy spray on boat paint protection and yacht bodies from moss, environmental effects, fungus and salty water. It is used as an ultimate nanotechnology top coat in marine sector.<\/p>\n<p>&#13;<\/p>\n","protected":false},"excerpt":{"rendered":"<p><strong>Kuidas kasutada Nasiol Antimoss-i ?<\/strong><\/p>\n<p>&#13;<br \/>\n&#13;<\/p>\n<p>&nbsp;<\/p>\n<p>&#13;<br \/>\n&#13;<\/p>\n<p>T\u00f6\u00f6deldav pind tuleb eelnevalt puhastada tolmust, mustusest, vahast ja \u00f5lidest<\/p>\n<p>&#13;<br \/>\n&#13;<\/p>\n<p>Toodet ei tohiks peale kanda p\u00e4ikesek\u00fcllases kohas, vaid pigem siseruumides v\u00f5i varjulises kohas<\/p>\n<p>&#13;<br \/>\n&#13;<\/p>\n<p>Pihusta Antimoss-i umbes 25 korda \u00fchele ruutmeetrile<\/p>\n<p>&#13;<br \/>\n&#13;<\/p>\n<p>Kaetud pind tuleks \u00fcle h\u00f5\u00f5ruda pehme mikrofiiber lapiga&nbsp;<\/p>\n<p>&#13;<br \/>\n&#13;<\/p>\n<p>Kuivamisaeg on 24 tundi<\/p>\n<p>&#13;<br \/>\n&#13;<\/p>\n<p>&nbsp;<\/p>\n<p>&#13;<br \/>\n&#13;<\/p>\n<p><span style=\"font-size:12px\">Toote s\u00e4ilivusaeg: 1 aasta kinnises ja 1 n\u00e4dal avatud pudelis temperatuuridel -3\u00b0 C kuni + 30 \u00b0 C.<\/span><\/p>\n<p>&#13;<br \/>\n&#13;<\/p>\n<p>&nbsp;<\/p>\n<p>&#13;<br \/>\n&#13;<\/p>\n<p><iframe loading=\"lazy\" allowfullscreen=\"\" frameborder=\"0\" height=\"360\" src=\"\/\/www.youtube.com\/embed\/toDM4VG9Kh8\" width=\"640\"><\/iframe><\/p>\n<p>&#13;<\/p>\n","protected":false},"featured_media":19749,"template":"","meta":{"_acf_changed":false,"slim_seo":{"title":"NANO BOATCARE- NASIOL ANTIMOSS - veneilij&auml;n verkkokauppa-Venetarvikkeet","description":"Kuidas kasutada Nasiol Antimoss-i ? &#13; &#13; &nbsp; &#13; &#13; T\u00f6\u00f6deldav pind tuleb eelnevalt puhastada tolmust, mustusest, vahast ja \u00f5lidest &#13; &#13; To"}},"product_brand":[6886],"product_cat":[1013],"product_tag":[2791,4601],"giftcard-category":[],"class_list":{"0":"post-27611","1":"product","2":"type-product","3":"status-publish","4":"has-post-thumbnail","6":"product_brand-nasiol","7":"product_cat-outlet","8":"product_tag-nasiol","9":"product_tag-underwater-drone","10":"pa_producer-nasiol","11":"pa_unit-ml","13":"first","14":"instock","15":"sale","16":"purchasable","17":"product-type-simple"},"acf":[],"_links":{"self":[{"href":"https:\/\/veneilytarvikekauppa.fi\/en\/wp-json\/wp\/v2\/product\/27611","targetHints":{"allow":["GET"]}}],"collection":[{"href":"https:\/\/veneilytarvikekauppa.fi\/en\/wp-json\/wp\/v2\/product"}],"about":[{"href":"https:\/\/veneilytarvikekauppa.fi\/en\/wp-json\/wp\/v2\/types\/product"}],"wp:featuredmedia":[{"embeddable":true,"href":"https:\/\/veneilytarvikekauppa.fi\/en\/wp-json\/wp\/v2\/media\/19749"}],"wp:attachment":[{"href":"https:\/\/veneilytarvikekauppa.fi\/en\/wp-json\/wp\/v2\/media?parent=27611"}],"wp:term":[{"taxonomy":"product_brand","embeddable":true,"href":"https:\/\/veneilytarvikekauppa.fi\/en\/wp-json\/wp\/v2\/product_brand?post=27611"},{"taxonomy":"product_cat","embeddable":true,"href":"https:\/\/veneilytarvikekauppa.fi\/en\/wp-json\/wp\/v2\/product_cat?post=27611"},{"taxonomy":"product_tag","embeddable":true,"href":"https:\/\/veneilytarvikekauppa.fi\/en\/wp-json\/wp\/v2\/product_tag?post=27611"},{"taxonomy":"giftcard-category","embeddable":true,"href":"https:\/\/veneilytarvikekauppa.fi\/en\/wp-json\/wp\/v2\/giftcard-category?post=27611"}],"curies":[{"name":"wp","href":"https:\/\/api.w.org\/{rel}","templated":true}]}}