{"id":27613,"date":"2024-08-06T07:01:07","date_gmt":"2024-08-06T05:01:07","guid":{"rendered":"https:\/\/veneilytarvikekauppa.promarinetrade.fi\/product\/nano-boatcare-nasiol-glasshield-marine\/"},"modified":"2026-04-06T06:58:57","modified_gmt":"2026-04-06T04:58:57","slug":"nano-boatcare-nasiol-glasshield-marine","status":"publish","type":"product","link":"https:\/\/veneilytarvikekauppa.fi\/en\/shop\/nano-boatcare-nasiol-glasshield-marine\/","title":{"rendered":"NANO BOATCARE- NASIOL GLASSHIELD MARINE"},"content":{"rendered":"<p>Water repellent spray for marine glasses Protection and tough repellency against the elements for the glass of your boats !<\/p>\n<p>&#13;<\/p>\n","protected":false},"excerpt":{"rendered":"<p><span style=\"font-size:12px\">* Kindlustab turvalisuse kuna klaasid on alati puhtad<\/span><\/p>\n<p>&#13;<br \/>\n&#13;<\/p>\n<p><span style=\"font-size:12px\">* Vesi &#8220;libiseb&#8221; kohe maha ja ei j\u00e4ta akendele soolasest veest tingitud plekke<\/span><\/p>\n<p>&#13;<br \/>\n&#13;<\/p>\n<p><span style=\"font-size:12px\">* Suurendab n\u00e4htavust \u2013 toode on parem kui veekindlad klaasivahad. <\/span><\/p>\n<p>&#13;<br \/>\n&#13;<\/p>\n<p><span style=\"font-size:12px\">* Glasshield pakub UV- kaitset ja t\u00f5rjub v\u00f5imalikke roostej\u00e4lgi, happevihma, lindude v\u00e4ljaheiteid. jms.<\/span><\/p>\n<p>&#13;<br \/>\n&#13;<\/p>\n<p>* Toimib h\u00e4sti nii klaas- kui ka peegelpindadel \u2013 ehk k\u00f5ige raskematel pindadel, mida puhastada.<\/p>\n<p>&#13;<br \/>\n&#13;<\/p>\n<p>&nbsp;<\/p>\n<p>&#13;<br \/>\n&#13;<\/p>\n<p>&nbsp;<\/p>\n<p>&#13;<br \/>\n&#13;<\/p>\n<p><strong>Kuidas kasutada Glasshield Marine-i ?<\/strong><\/p>\n<p>&#13;<br \/>\n&#13;<\/p>\n<p>&nbsp;<\/p>\n<p>&#13;<br \/>\n&#13;<\/p>\n<p>Klaaspind tuleb eelnevalt tolmust, mustusest, vahast ja \u00f5list puhastada.<\/p>\n<p>&#13;<br \/>\n&#13;<\/p>\n<p>Nanotoode tuleks peale kanda pimedas kohas ja v\u00e4ltida tuleb p\u00e4ikesevalgust<\/p>\n<p>&#13;<br \/>\n&#13;<\/p>\n<p>Pinnale tuleb pihustda ca 25 korda \u00fchele ruutmeetrile<\/p>\n<p>&#13;<br \/>\n&#13;<\/p>\n<p>Kaetud pind tuleks koheselt \u00fcle h\u00f5\u00f5ruda pehme puuvillase lapiga. Mitte kasutada mikrofiiber-lappe !<\/p>\n<p>&#13;<br \/>\n&#13;<\/p>\n<p>Kuivamisaeg 24 tundi<\/p>\n<p>&#13;<br \/>\n&#13;<\/p>\n<p>&nbsp;<\/p>\n<p>&#13;<br \/>\n&#13;<\/p>\n<p><iframe loading=\"lazy\" allowfullscreen=\"\" frameborder=\"0\" height=\"360\" src=\"\/\/www.youtube.com\/embed\/nRmV-coA9ZA\" width=\"640\"><\/iframe><\/p>\n<p>&#13;<\/p>\n","protected":false},"featured_media":19761,"template":"","meta":{"_acf_changed":false,"slim_seo":{"title":"NANO BOATCARE- NASIOL GLASSHIELD MARINE - veneilij&auml;n verkkokauppa-Venetarvikkeet","description":"* Kindlustab turvalisuse kuna klaasid on alati puhtad &#13; &#13; * Vesi \"libiseb\" kohe maha ja ei j\u00e4ta akendele soolasest veest tingitud plekke &#13; &#13; * S"}},"product_brand":[6886],"product_cat":[944,943],"product_tag":[2791,3842],"giftcard-category":[],"class_list":{"0":"post-27613","1":"product","2":"type-product","3":"status-publish","4":"has-post-thumbnail","6":"product_brand-nasiol","7":"product_cat-boat-care-and-cleaning","8":"product_cat-boat-care-and-maintenance","9":"product_tag-nasiol","10":"product_tag-steering-wheel","11":"pa_producer-nasiol","12":"pa_unit-ml","14":"first","15":"instock","16":"purchasable","17":"product-type-simple"},"acf":[],"_links":{"self":[{"href":"https:\/\/veneilytarvikekauppa.fi\/en\/wp-json\/wp\/v2\/product\/27613","targetHints":{"allow":["GET"]}}],"collection":[{"href":"https:\/\/veneilytarvikekauppa.fi\/en\/wp-json\/wp\/v2\/product"}],"about":[{"href":"https:\/\/veneilytarvikekauppa.fi\/en\/wp-json\/wp\/v2\/types\/product"}],"wp:featuredmedia":[{"embeddable":true,"href":"https:\/\/veneilytarvikekauppa.fi\/en\/wp-json\/wp\/v2\/media\/19761"}],"wp:attachment":[{"href":"https:\/\/veneilytarvikekauppa.fi\/en\/wp-json\/wp\/v2\/media?parent=27613"}],"wp:term":[{"taxonomy":"product_brand","embeddable":true,"href":"https:\/\/veneilytarvikekauppa.fi\/en\/wp-json\/wp\/v2\/product_brand?post=27613"},{"taxonomy":"product_cat","embeddable":true,"href":"https:\/\/veneilytarvikekauppa.fi\/en\/wp-json\/wp\/v2\/product_cat?post=27613"},{"taxonomy":"product_tag","embeddable":true,"href":"https:\/\/veneilytarvikekauppa.fi\/en\/wp-json\/wp\/v2\/product_tag?post=27613"},{"taxonomy":"giftcard-category","embeddable":true,"href":"https:\/\/veneilytarvikekauppa.fi\/en\/wp-json\/wp\/v2\/giftcard-category?post=27613"}],"curies":[{"name":"wp","href":"https:\/\/api.w.org\/{rel}","templated":true}]}}