{"id":27615,"date":"2024-08-06T07:01:21","date_gmt":"2024-08-06T05:01:21","guid":{"rendered":"https:\/\/veneilytarvikekauppa.promarinetrade.fi\/product\/nano-boatcare-nasiol-metalshine\/"},"modified":"2026-04-22T11:57:46","modified_gmt":"2026-04-22T09:57:46","slug":"nano-boatcare-nasiol-metalshine","status":"publish","type":"product","link":"https:\/\/veneilytarvikekauppa.fi\/en\/shop\/nano-boatcare-nasiol-metalshine\/","title":{"rendered":"NANO BOATCARE- NASIOL METALSHINE"},"content":{"rendered":"<p>Metalshine protects your marine metal parts from UV rays, salt water and stains, giving an easy clean effect with a deep shine. Everything will gleam like brand-new. And everything that could potentially damage your metalwork just slides off\u2013by themselves or with an effortless wiping.<\/p>\n<p>&#13;<\/p>\n","protected":false},"excerpt":{"rendered":"<p><strong><span style=\"font-size:12px\">KASUTAMINE: <\/span><\/strong><\/p>\n<p>&#13;<br \/>\n&#13;<\/p>\n<p>&nbsp;<\/p>\n<p>&#13;<br \/>\n&#13;<\/p>\n<p><span style=\"font-size:12px\">T\u00f6\u00f6tle pinda varjulises kohas ja v\u00e4ldi p\u00e4ikesevalgust. <\/span><\/p>\n<p>&#13;<br \/>\n&#13;<\/p>\n<p><span style=\"font-size:12px\">Pind peaks olema puhas igasugusest tolmust, veest, vahast, porist, \u00f5list, rasvast jne. <\/span><\/p>\n<p>&#13;<br \/>\n&#13;<\/p>\n<p><span style=\"font-size:12px\">Pihusta umbes 60 korda \u00fchele ruutmeetrile. <\/span><\/p>\n<p>&#13;<br \/>\n&#13;<\/p>\n<p><span style=\"font-size:12px\">P\u00fchi pind \u00fcle koheselt kuiva mikrofiibrist lapiga. <\/span><\/p>\n<p>&#13;<br \/>\n&#13;<\/p>\n<p>&nbsp;<\/p>\n<p>&#13;<br \/>\n&#13;<\/p>\n<p><span style=\"font-size:12px\">Kogus 50 ml <\/span><\/p>\n<p>&#13;<br \/>\n&#13;<\/p>\n<p><span style=\"font-size:12px\">T\u00f6\u00f6deltavate pindade t\u00fc\u00fcp: Vees\u00f5idukite metall pinnad <\/span><\/p>\n<p>&#13;<br \/>\n&#13;<\/p>\n<p><span style=\"font-size:12px\">Toote m\u00f5ju kestvus: kuni 1 aasta <\/span><\/p>\n<p>&#13;<br \/>\n&#13;<\/p>\n<p><span style=\"font-size:12px\">Kulu: 5 ml \/ m2 <\/span><\/p>\n<p>&#13;<br \/>\n&#13;<\/p>\n<p><span style=\"font-size:12px\">Kaitsekihi paksus: 200-300 nm <\/span><\/p>\n<p>&#13;<br \/>\n&#13;<\/p>\n<p><span style=\"font-size:12px\">Vett t\u00f5rjuv <\/span><\/p>\n<p>&#13;<br \/>\n&#13;<\/p>\n<p><span style=\"font-size:12px\">\u00d5li t\u00f5rjuv <\/span><\/p>\n<p>&#13;<br \/>\n&#13;<\/p>\n<p><span style=\"font-size:12px\">Vastupidavus temperatuurile: 275\u00b0 C <\/span><\/p>\n<p>&#13;<br \/>\n&#13;<\/p>\n<p><span style=\"font-size:12px\">Vastupidavus kemikaalidele: 12&gt;pH&gt;1 <\/span><\/p>\n<p>&#13;<br \/>\n&#13;<\/p>\n<p><span style=\"font-size:12px\">S\u00e4ilib 1 aasta avamata pudelis ja 1 n\u00e4dal avatud pudelis <\/span><\/p>\n<p>&#13;<br \/>\n&#13;<\/p>\n<p><span style=\"font-size:12px\">Hoiustamistingimused: -3\u00b0C kuni +30\u00b0C <\/span><\/p>\n<p>&#13;<br \/>\n&#13;<\/p>\n<p><span style=\"font-size:12px\">Kuivamisaeg: 24 h<\/span><\/p>\n<p>&#13;<br \/>\n&#13;<\/p>\n<p>&nbsp;<\/p>\n<p>&#13;<br \/>\n&#13;<\/p>\n<p><iframe loading=\"lazy\" allowfullscreen=\"\" frameborder=\"0\" height=\"360\" src=\"\/\/www.youtube.com\/embed\/qH22cYt3KD8\" width=\"640\"><\/iframe><\/p>\n<p>&#13;<\/p>\n","protected":false},"featured_media":19769,"template":"","meta":{"_acf_changed":false,"slim_seo":{"title":"NANO BOATCARE- NASIOL METALSHINE - veneilij&auml;n verkkokauppa-Venetarvikkeet","description":"KASUTAMINE: &#13; &#13; &nbsp; &#13; &#13; T\u00f6\u00f6tle pinda varjulises kohas ja v\u00e4ldi p\u00e4ikesevalgust. &#13; &#13; Pind peaks olema puhas igasugusest tolmust, veest,"}},"product_brand":[6886],"product_cat":[943,1013],"product_tag":[2791,3842],"giftcard-category":[],"class_list":{"0":"post-27615","1":"product","2":"type-product","3":"status-publish","4":"has-post-thumbnail","6":"product_brand-nasiol","7":"product_cat-boat-care-and-maintenance","8":"product_cat-outlet","9":"product_tag-nasiol","10":"product_tag-steering-wheel","11":"pa_producer-nasiol","12":"pa_unit-ml","14":"first","15":"instock","16":"sale","17":"purchasable","18":"product-type-simple"},"acf":[],"_links":{"self":[{"href":"https:\/\/veneilytarvikekauppa.fi\/en\/wp-json\/wp\/v2\/product\/27615","targetHints":{"allow":["GET"]}}],"collection":[{"href":"https:\/\/veneilytarvikekauppa.fi\/en\/wp-json\/wp\/v2\/product"}],"about":[{"href":"https:\/\/veneilytarvikekauppa.fi\/en\/wp-json\/wp\/v2\/types\/product"}],"wp:featuredmedia":[{"embeddable":true,"href":"https:\/\/veneilytarvikekauppa.fi\/en\/wp-json\/wp\/v2\/media\/19769"}],"wp:attachment":[{"href":"https:\/\/veneilytarvikekauppa.fi\/en\/wp-json\/wp\/v2\/media?parent=27615"}],"wp:term":[{"taxonomy":"product_brand","embeddable":true,"href":"https:\/\/veneilytarvikekauppa.fi\/en\/wp-json\/wp\/v2\/product_brand?post=27615"},{"taxonomy":"product_cat","embeddable":true,"href":"https:\/\/veneilytarvikekauppa.fi\/en\/wp-json\/wp\/v2\/product_cat?post=27615"},{"taxonomy":"product_tag","embeddable":true,"href":"https:\/\/veneilytarvikekauppa.fi\/en\/wp-json\/wp\/v2\/product_tag?post=27615"},{"taxonomy":"giftcard-category","embeddable":true,"href":"https:\/\/veneilytarvikekauppa.fi\/en\/wp-json\/wp\/v2\/giftcard-category?post=27615"}],"curies":[{"name":"wp","href":"https:\/\/api.w.org\/{rel}","templated":true}]}}