{"id":27755,"date":"2024-08-06T07:18:18","date_gmt":"2024-08-06T05:18:18","guid":{"rendered":"https:\/\/veneilytarvikekauppa.promarinetrade.fi\/product\/handheld-vhf-icom-ic-m25e\/"},"modified":"2026-04-22T11:58:31","modified_gmt":"2026-04-22T09:58:31","slug":"handheld-vhf-icom-ic-m25e","status":"publish","type":"product","link":"https:\/\/veneilytarvikekauppa.fi\/en\/shop\/handheld-vhf-icom-ic-m25e\/","title":{"rendered":"HANDHELD VHF- ICOM IC-M25E"},"content":{"rendered":"<p>Buoyant, Stylish and Easy to Use Slim, Lightweight, High Performance. The IC-M25EURO has the slimmest (depth:30.5mm) and lightest (220g) body as a floating marine transceiver*. It also delivers uncompromised performance that will exceed expectations. *As of July, 2015, researched by Icom.<\/p>\n<p>&#13;<\/p>\n","protected":false},"excerpt":{"rendered":"<p><strong>Suur LCD ekraan ning lihtne kasutajaliides<\/strong><\/p>\n<p>&#13;<br \/>\n&#13;<\/p>\n<p>IC-M25EURO vedelkristallekraan on 30% suurem kui eelk\u00e4ijal IC-M23-l ja sellel on selged suured kanali numbri ja olekuikoonid. Esipaneeli nupud on h\u00e4sti paigutatud, mis tagavad lihtsa ja arusaadava kasutamise.<\/p>\n<p>&#13;<br \/>\n&#13;<\/p>\n<p><strong>USB laadimine<\/strong><\/p>\n<p>&#13;<br \/>\n&#13;<\/p>\n<p>IC-M25EURO laadimiseks kasutatakse standardset Micro-B USB-pistikut.<\/p>\n<p>&#13;<br \/>\n&#13;<\/p>\n<p><strong>Float\u00b4n Flash<\/strong><\/p>\n<p>&#13;<br \/>\n&#13;<\/p>\n<p>IC-M25EURO on ujuv ning annab vees olles vilkuva punase LED-tule ja ekraani\/klahvide taustvalgustusega teada oma asukohast.<\/p>\n<p>&#13;<br \/>\n&#13;<\/p>\n<p><strong>11 tundi aku t\u00f6\u00f6aega<\/strong>&nbsp;<\/p>\n<p>&#13;<br \/>\n&#13;<\/p>\n<p>Sisseehitatud 1500mAh liitiumioonaku v\u00f5imaldab 11 tunnist t\u00f6\u00f6aega.<\/p>\n<p>&#13;<br \/>\n&#13;<\/p>\n<p><strong>K\u00f5lar-mikrofon, HM-213<\/strong><\/p>\n<p>&#13;<br \/>\n&#13;<\/p>\n<p>Lisavarustusena saadav veekindel k\u00f5lar-mikrofon HM-213 pakub lisamugavust.<\/p>\n<p>&#13;<br \/>\n&#13;<\/p>\n<p><strong>550MW heliv\u00e4ljund<\/strong><\/p>\n<p>&#13;<br \/>\n&#13;<\/p>\n<p>IC-M25EURO pakub v\u00f5imsat 550MW heliv\u00e4ljundit &#8211; vastuv\u00f5etud h\u00e4\u00e4l k\u00f5lab valjult ja selgelt.<\/p>\n<p>&#13;<br \/>\n&#13;<\/p>\n<p>&nbsp;<\/p>\n<p>&#13;<br \/>\n&#13;<\/p>\n<p><strong>Omadused:<\/strong><\/p>\n<p>&#13;<br \/>\n&#13;<\/p>\n<ul>&#13;<\/p>\n<li>IPX7 veekindel konstruktsioon (1m s\u00fcgavusel 30 minutit)<\/li>\n<p>&#13;<\/p>\n<li>4-tasemeline aku indikaator<\/li>\n<p>&#13;<\/p>\n<li>Dual\/Tri-watch funktsioon (v\u00f5imaldab simuleerida kahe kanaliga j\u00e4lgimist + h\u00e4dakanali j\u00e4lgimist)<\/li>\n<p>&#13;<\/p>\n<li>Kohene juurdep\u00e4\u00e4s kanalile 16 v\u00f5i programmeeritavale kanalile<\/li>\n<p>&#13;<\/p>\n<li>Lemmikkanali funktsioon<\/li>\n<p>&#13;<\/p>\n<li>Automaatse skaneerimise funktsioon<\/li>\n<p>&#13;<\/p>\n<li>Ekraani automaatne taustavalgustus<\/li>\n<p>&#13;<\/p>\n<li>AquaQuake \u2122 k\u00f5lari vee eemaldus funktsioon<\/li>\n<p>&#13;\n<\/ul>\n<p>&#13;<br \/>\n&#13;<\/p>\n<p>&nbsp;<\/p>\n<p>&#13;<br \/>\n&#13;<\/p>\n<p><strong>Komplekti kuuluvad tarvikud:<\/strong><\/p>\n<p>&#13;<br \/>\n&#13;<\/p>\n<ul>&#13;<\/p>\n<li>USB-laadija, BC-217SE<\/li>\n<p>&#13;<\/p>\n<li>V\u00f6\u00f6klamber, MB-133<\/li>\n<p>&#13;<\/p>\n<li>Antenn, FA-SC59V<\/li>\n<p>&#13;<\/p>\n<li>K\u00e4epael<\/li>\n<p>&#13;<\/p>\n<li>Sisseehitatud aku<\/li>\n<p>&#13;\n<\/ul>\n<p>&#13;<br \/>\n&#13;<\/p>\n<p>&nbsp;<\/p>\n<p>&#13;<br \/>\n&#13;<\/p>\n<p><a href=\"http:\/\/www.icom.co.jp\/world\/products\/marine\/handheld\/ic-m25euro\/spec.html\"><strong>Tehnilised andmed<\/strong><\/a><\/p>\n<p>&#13;<br \/>\n&#13;<\/p>\n<p>&nbsp;<\/p>\n<p>&#13;<\/p>\n","protected":false},"featured_media":20245,"template":"","meta":{"_acf_changed":false,"slim_seo":{"title":"HANDHELD VHF- ICOM IC-M25E - veneilij&auml;n verkkokauppa-Venetarvikkeet","description":"Suur LCD ekraan ning lihtne kasutajaliides &#13; &#13; IC-M25EURO vedelkristallekraan on 30% suurem kui eelk\u00e4ijal IC-M23-l ja sellel on selged suured kanali num"}},"product_brand":[],"product_cat":[1011,995],"product_tag":[3813,2292,2225],"giftcard-category":[],"class_list":{"0":"post-27755","1":"product","2":"type-product","3":"status-publish","4":"has-post-thumbnail","6":"product_cat-marine-electronics","7":"product_cat-vhf-handhelds","8":"product_tag-black","9":"product_tag-boatcare","10":"product_tag-icom","11":"pa_color-black","12":"pa_producer-icom","13":"pa_unit-pcs","15":"first","16":"instock","17":"purchasable","18":"product-type-simple"},"acf":[],"_links":{"self":[{"href":"https:\/\/veneilytarvikekauppa.fi\/en\/wp-json\/wp\/v2\/product\/27755","targetHints":{"allow":["GET"]}}],"collection":[{"href":"https:\/\/veneilytarvikekauppa.fi\/en\/wp-json\/wp\/v2\/product"}],"about":[{"href":"https:\/\/veneilytarvikekauppa.fi\/en\/wp-json\/wp\/v2\/types\/product"}],"wp:featuredmedia":[{"embeddable":true,"href":"https:\/\/veneilytarvikekauppa.fi\/en\/wp-json\/wp\/v2\/media\/20245"}],"wp:attachment":[{"href":"https:\/\/veneilytarvikekauppa.fi\/en\/wp-json\/wp\/v2\/media?parent=27755"}],"wp:term":[{"taxonomy":"product_brand","embeddable":true,"href":"https:\/\/veneilytarvikekauppa.fi\/en\/wp-json\/wp\/v2\/product_brand?post=27755"},{"taxonomy":"product_cat","embeddable":true,"href":"https:\/\/veneilytarvikekauppa.fi\/en\/wp-json\/wp\/v2\/product_cat?post=27755"},{"taxonomy":"product_tag","embeddable":true,"href":"https:\/\/veneilytarvikekauppa.fi\/en\/wp-json\/wp\/v2\/product_tag?post=27755"},{"taxonomy":"giftcard-category","embeddable":true,"href":"https:\/\/veneilytarvikekauppa.fi\/en\/wp-json\/wp\/v2\/giftcard-category?post=27755"}],"curies":[{"name":"wp","href":"https:\/\/api.w.org\/{rel}","templated":true}]}}