{"id":27756,"date":"2024-08-06T07:18:26","date_gmt":"2024-08-06T05:18:26","guid":{"rendered":"https:\/\/veneilytarvikekauppa.promarinetrade.fi\/product\/handheld-vhf-icom-ic-m37e\/"},"modified":"2026-04-22T11:58:31","modified_gmt":"2026-04-22T09:58:31","slug":"handheld-vhf-icom-ic-m37e","status":"publish","type":"product","link":"https:\/\/veneilytarvikekauppa.fi\/en\/shop\/handheld-vhf-icom-ic-m37e\/","title":{"rendered":"HANDHELD VHF- ICOM IC-M37E"},"content":{"rendered":"<p>The IC-M37E is Icom&#8217;s latest buoyant marine VHF handheld and comes with 6 watts of output power for extended communications range. This radio has a great simple design that is comfortable to hold, simple to operate and easy to read. A perfect marine VHF radio for leisure and commercial users alike.<\/p>\n<p>&#13;<\/p>\n","protected":false},"excerpt":{"rendered":"<p><strong>Disain <\/strong><\/p>\n<p>&#13;<br \/>\n&#13;<\/p>\n<p>IC-M37E-l on suured nupud, ta on disainitud h\u00f5lpsasti k\u00e4sitletavaks. Meremehed hindavad suurt LCD-d, mis n\u00e4itab kanalite numbreid ja oleku ikoone. See raadio on kommertskasutuseks piisavalt vastupidav, kuid sobib ka vaba aja veetmise kasutajatele, muutes selle ideaalseks valikuks nii eraisikutele kui ka kommertskasutajatele.<\/p>\n<p>&#13;<br \/>\n&#13;<\/p>\n<p><strong>Kanaliajaloo funktsioon<\/strong><\/p>\n<p>&#13;<br \/>\n&#13;<\/p>\n<p>IC-M37E-l on kanaliajaloo funktsioon. See funktsioon salvestab viis viimast kanalit, mida on lihtne \u00fche klahvivajutusega tagasi v\u00f5tta.<\/p>\n<p>&#13;<br \/>\n&#13;<\/p>\n<p><strong>Float\u00b4n Flash <\/strong><\/p>\n<p>&#13;<br \/>\n&#13;<\/p>\n<p>IC-M37E on ujuv ning annab vees olles vilkuva punase LED-tule ja ekraani\/klahvide taustvalgustusega teada oma asukohast.<\/p>\n<p>&#13;<br \/>\n&#13;<\/p>\n<p><strong>Vee eemaldus funktsioon AquaQuake<\/strong><\/p>\n<p>&#13;<br \/>\n&#13;<\/p>\n<p>IC-M37E on ehitatud vastavalt IP57 tolmu- ja veekindlale standardile. Raadiol on ka AquaQuake vee eemaldus funktsioon, mis eemaldab vee k\u00f5larist.<\/p>\n<p>&#13;<br \/>\n&#13;<\/p>\n<p><strong>Paindlikud laadimisv\u00f5imalused<\/strong><\/p>\n<p>&#13;<br \/>\n&#13;<\/p>\n<p>Komplekti kuuluv liitiumioonaku t\u00f6\u00f6aeg on rohkem kui 12 tundi. Raadioga on kaasas laadimisalus, mis on varustatud klambriga, et raadio p\u00fcsiks laadijas ka liikuvas keskkonnas. Laadimisalust on v\u00f5imalik toiteks \u00fchendada 220 V vooluv\u00f5rku ja ka 12 V vooluv\u00f5rku USB-adapteri pistikupesast.<\/p>\n<p>&#13;<br \/>\n&#13;<\/p>\n<p>&nbsp;<\/p>\n<p>&#13;<br \/>\n&#13;<\/p>\n<p><strong>Lisafunktsioonid<\/strong><\/p>\n<p>&#13;<br \/>\n&#13;<\/p>\n<ul>&#13;<\/p>\n<li>V\u00e4line k\u00f5lari-mikrofoni \u00fchendus<\/li>\n<p>&#13;<\/p>\n<li>700mW heliv\u00e4ljund<\/li>\n<p>&#13;<\/p>\n<li>Aku t\u00fchjenemise hoiatus<\/li>\n<p>&#13;<\/p>\n<li>Dual \/ Tri-Watch funktsioon (v\u00f5imaldab simuleerida kahe kanaliga j\u00e4lgimist + h\u00e4dakanali j\u00e4lgimist)<\/li>\n<p>&#13;<\/p>\n<li>Skanneerimine<\/li>\n<p>&#13;<\/p>\n<li>Lemmikkanali funktsioon<\/li>\n<p>&#13;<\/p>\n<li>Kohene juurdep\u00e4\u00e4s kanalile 16 v\u00f5i programmeeritavale kanalile<\/li>\n<p>&#13;\n<\/ul>\n<p>&#13;<br \/>\n&#13;<\/p>\n<p>&nbsp;<\/p>\n<p>&#13;<br \/>\n&#13;<\/p>\n<p><strong>Komplekti kuuluvad tarvikud<\/strong><\/p>\n<p>&#13;<br \/>\n&#13;<\/p>\n<ul>&#13;<\/p>\n<li>Laadimisalus, BC-235<\/li>\n<p>&#13;<\/p>\n<li>V\u00f6\u00f6klamber, MB-133<\/li>\n<p>&#13;<\/p>\n<li>Antenn, FA-SC59V<\/li>\n<p>&#13;<\/p>\n<li>K\u00e4epael<\/li>\n<p>&#13;<\/p>\n<li>Aku BP-296<\/li>\n<p>&#13;\n<\/ul>\n<p>&#13;<br \/>\n&#13;<\/p>\n<p>&nbsp;<\/p>\n<p>&#13;<br \/>\n&#13;<\/p>\n<p><strong><a href=\"http:\/\/www.icom.co.jp\/world\/products\/marine\/handheld\/ic-m37e\/spec.html\">Tehnilised andmed<\/a><\/strong><\/p>\n<p>&#13;<br \/>\n&#13;<\/p>\n<p>&nbsp;<\/p>\n<p>&#13;<br \/>\n&#13;<\/p>\n<p>&nbsp;<\/p>\n<p>&#13;<br \/>\n&#13;<\/p>\n<p><iframe loading=\"lazy\" allowfullscreen=\"\" frameborder=\"0\" height=\"360\" src=\"\/\/www.youtube.com\/embed\/_fx20Z-k9Kc\" width=\"640\"><\/iframe><\/p>\n<p>&#13;<\/p>\n","protected":false},"featured_media":20252,"template":"","meta":{"_acf_changed":false,"slim_seo":{"title":"HANDHELD VHF- ICOM IC-M37E - veneilij&auml;n verkkokauppa-Venetarvikkeet","description":"Disain &#13; &#13; IC-M37E-l on suured nupud, ta on disainitud h\u00f5lpsasti k\u00e4sitletavaks. Meremehed hindavad suurt LCD-d, mis n\u00e4itab kanalite numbreid ja oleku ik"}},"product_brand":[],"product_cat":[1011,995],"product_tag":[3813,2292,2225],"giftcard-category":[],"class_list":{"0":"post-27756","1":"product","2":"type-product","3":"status-publish","4":"has-post-thumbnail","6":"product_cat-marine-electronics","7":"product_cat-vhf-handhelds","8":"product_tag-black","9":"product_tag-boatcare","10":"product_tag-icom","11":"pa_color-black","12":"pa_producer-icom","13":"pa_unit-pcs","15":"first","16":"instock","17":"purchasable","18":"product-type-simple"},"acf":[],"_links":{"self":[{"href":"https:\/\/veneilytarvikekauppa.fi\/en\/wp-json\/wp\/v2\/product\/27756","targetHints":{"allow":["GET"]}}],"collection":[{"href":"https:\/\/veneilytarvikekauppa.fi\/en\/wp-json\/wp\/v2\/product"}],"about":[{"href":"https:\/\/veneilytarvikekauppa.fi\/en\/wp-json\/wp\/v2\/types\/product"}],"wp:featuredmedia":[{"embeddable":true,"href":"https:\/\/veneilytarvikekauppa.fi\/en\/wp-json\/wp\/v2\/media\/20252"}],"wp:attachment":[{"href":"https:\/\/veneilytarvikekauppa.fi\/en\/wp-json\/wp\/v2\/media?parent=27756"}],"wp:term":[{"taxonomy":"product_brand","embeddable":true,"href":"https:\/\/veneilytarvikekauppa.fi\/en\/wp-json\/wp\/v2\/product_brand?post=27756"},{"taxonomy":"product_cat","embeddable":true,"href":"https:\/\/veneilytarvikekauppa.fi\/en\/wp-json\/wp\/v2\/product_cat?post=27756"},{"taxonomy":"product_tag","embeddable":true,"href":"https:\/\/veneilytarvikekauppa.fi\/en\/wp-json\/wp\/v2\/product_tag?post=27756"},{"taxonomy":"giftcard-category","embeddable":true,"href":"https:\/\/veneilytarvikekauppa.fi\/en\/wp-json\/wp\/v2\/giftcard-category?post=27756"}],"curies":[{"name":"wp","href":"https:\/\/api.w.org\/{rel}","templated":true}]}}