{"id":27757,"date":"2024-08-06T07:18:36","date_gmt":"2024-08-06T05:18:36","guid":{"rendered":"https:\/\/veneilytarvikekauppa.promarinetrade.fi\/product\/handheld-vhf-icom-ic-m73e\/"},"modified":"2026-04-06T06:59:46","modified_gmt":"2026-04-06T04:59:46","slug":"handheld-vhf-icom-ic-m73e","status":"publish","type":"product","link":"https:\/\/veneilytarvikekauppa.fi\/en\/shop\/handheld-vhf-icom-ic-m73e\/","title":{"rendered":"HANDHELD VHF- ICOM IC-M73E"},"content":{"rendered":"<p>Slim, Stylish, Powerful VHF with Professional Features.<\/p>\n<p>&#13;<\/p>\n","protected":false},"excerpt":{"rendered":"<p><strong>Viimase k\u00f5ne salvestus<\/strong><\/p>\n<p>&#13;<br \/>\n&#13;<\/p>\n<p>Viimase k\u00f5ne salvestuse funktsioon salvestab viimase sissetuleva k\u00f5ne automaatselt 1 minutiks. Salvestamist saate alustada ka k\u00e4sitsi.<\/p>\n<p>&#13;<br \/>\n&#13;<\/p>\n<p><strong>Aktiivne m\u00fcrasummutamise tehnoloogia <\/strong><\/p>\n<p>&#13;<br \/>\n&#13;<\/p>\n<p>Sisseehitatud kahesuunaline aktiivne m\u00fcrasummutus v\u00e4hendab taustam\u00fcra kuni 90% ja parandab nii edastatud h\u00e4\u00e4lt kui ka sissetulevat k\u00f5net, nii kuulete paremini ja selgemalt!<\/p>\n<p>&#13;<br \/>\n&#13;<\/p>\n<p><strong>Bassiv\u00f5imendi funktsioon <\/strong><\/p>\n<p>&#13;<br \/>\n&#13;<\/p>\n<p>Signaalit\u00f6\u00f6tlus tehnoloogia r\u00f5hutab madalat heli, pakkudes rikkalikku bassiheli nii signaali edastamiseks kui ka vastuv\u00f5tmiseks.<\/p>\n<p>&#13;<br \/>\n&#13;<\/p>\n<p><strong>700mW heli<\/strong><\/p>\n<p>&#13;<br \/>\n&#13;<\/p>\n<p>IC-M73 kasutab BTL v\u00f5imendit, mis kahekordistab heli. Selle sisemine k\u00f5lar annab valju 700mW selge heli.<\/p>\n<p>&#13;<br \/>\n&#13;<\/p>\n<p><strong>6W&nbsp;RF-v\u00e4ljundv\u00f5imsus&nbsp;<\/strong><\/p>\n<p>&#13;<br \/>\n&#13;<\/p>\n<p>IC-M73 6W edastusv\u00f5imsus tagab kasutajale laiendatud suhtlusvahemiku.<\/p>\n<p>&#13;<br \/>\n&#13;<\/p>\n<p><strong>Suuremahuline liitium-ioon aku<\/strong><\/p>\n<p>&#13;<br \/>\n&#13;<\/p>\n<p>Aku BP-245H v\u00f5imaldab normaaltingimustes t\u00f6\u00f6tada 17 tundi.<\/p>\n<p>&#13;<br \/>\n&#13;<\/p>\n<p><strong>IPX8 Submersible Plus \u2122 veekindlus<\/strong><\/p>\n<p>&#13;<br \/>\n&#13;<\/p>\n<p>IC-M73 pakub Icomi parimat veekindlat kaitset. Raadio vastupidavust on katsetatud hoides seda 30 minutit 1,5 m s\u00fcgavuses vees.<\/p>\n<p>&#13;<br \/>\n&#13;<\/p>\n<p><strong>\u00d5huke, laia vaatenurgaga LCD-ekraan<\/strong><\/p>\n<p>&#13;<br \/>\n&#13;<\/p>\n<p>IC-M73-l on stiilne, ergonoomiline disain. Vastupidav kere tagab kasutajas\u00f5braliku t\u00f6\u00f6 ja pika t\u00f6\u00f6ea. Laia vaatenurga ja k\u00f5rge intensiivsusega LCD-ekraan pakub heledaid, h\u00f5lpsasti loetavaid t\u00e4hem\u00e4rke.<\/p>\n<p>&#13;<br \/>\n&#13;<\/p>\n<p>&nbsp;<\/p>\n<p>&#13;<br \/>\n&#13;<\/p>\n<p><strong>Lisafunktsioonid<\/strong><\/p>\n<p>&#13;<br \/>\n&#13;<\/p>\n<ul>&#13;<\/p>\n<li>AquaQuake \u2122 eemaldab k\u00f5larist vee<\/li>\n<p>&#13;<\/p>\n<li>Dual\/Tri-Watch kanali 16 ja\/v\u00f5i k\u00f5nekanali monitooringuks.<\/li>\n<p>&#13;<\/p>\n<li>4 tasemeline aku indikaator.<\/li>\n<p>&#13;<\/p>\n<li>Lemmikkanalite skaneerimise funktsioon.<\/li>\n<p>&#13;<\/p>\n<li>Komplektis on laualaadija BC-210 ja sigaretis\u00fc\u00fctaja kaabel CP-25H<\/li>\n<p>&#13;<\/p>\n<li>Valikulised veekindlad k\u00f5larimikrofonid HM-167 ja HM-202<\/li>\n<p>&#13;<\/p>\n<li>Automaatne energias\u00e4\u00e4stufunktsioon<\/li>\n<p>&#13;\n<\/ul>\n<p>&#13;<br \/>\n&#13;<\/p>\n<p>&nbsp;<\/p>\n<p>&#13;<br \/>\n&#13;<\/p>\n<p><strong><a href=\"https:\/\/www.icom.co.jp\/world\/products\/marine\/handheld\/ic-m73\/spec.html\">Tehnilised andmed<\/a><\/strong><\/p>\n<p>&#13;<\/p>\n","protected":false},"featured_media":20261,"template":"","meta":{"_acf_changed":false,"slim_seo":{"title":"HANDHELD VHF- ICOM IC-M73E - veneilij&auml;n verkkokauppa-Venetarvikkeet","description":"Viimase k\u00f5ne salvestus &#13; &#13; Viimase k\u00f5ne salvestuse funktsioon salvestab viimase sissetuleva k\u00f5ne automaatselt 1 minutiks. Salvestamist saate alustada ka"}},"product_brand":[],"product_cat":[1011,995],"product_tag":[3813,2292,2225],"giftcard-category":[],"class_list":{"0":"post-27757","1":"product","2":"type-product","3":"status-publish","4":"has-post-thumbnail","6":"product_cat-marine-electronics","7":"product_cat-vhf-handhelds","8":"product_tag-black","9":"product_tag-boatcare","10":"product_tag-icom","11":"pa_color-black","12":"pa_producer-icom","13":"pa_unit-pcs","15":"first","16":"onbackorder","17":"purchasable","18":"product-type-simple"},"acf":[],"_links":{"self":[{"href":"https:\/\/veneilytarvikekauppa.fi\/en\/wp-json\/wp\/v2\/product\/27757","targetHints":{"allow":["GET"]}}],"collection":[{"href":"https:\/\/veneilytarvikekauppa.fi\/en\/wp-json\/wp\/v2\/product"}],"about":[{"href":"https:\/\/veneilytarvikekauppa.fi\/en\/wp-json\/wp\/v2\/types\/product"}],"wp:featuredmedia":[{"embeddable":true,"href":"https:\/\/veneilytarvikekauppa.fi\/en\/wp-json\/wp\/v2\/media\/20261"}],"wp:attachment":[{"href":"https:\/\/veneilytarvikekauppa.fi\/en\/wp-json\/wp\/v2\/media?parent=27757"}],"wp:term":[{"taxonomy":"product_brand","embeddable":true,"href":"https:\/\/veneilytarvikekauppa.fi\/en\/wp-json\/wp\/v2\/product_brand?post=27757"},{"taxonomy":"product_cat","embeddable":true,"href":"https:\/\/veneilytarvikekauppa.fi\/en\/wp-json\/wp\/v2\/product_cat?post=27757"},{"taxonomy":"product_tag","embeddable":true,"href":"https:\/\/veneilytarvikekauppa.fi\/en\/wp-json\/wp\/v2\/product_tag?post=27757"},{"taxonomy":"giftcard-category","embeddable":true,"href":"https:\/\/veneilytarvikekauppa.fi\/en\/wp-json\/wp\/v2\/giftcard-category?post=27757"}],"curies":[{"name":"wp","href":"https:\/\/api.w.org\/{rel}","templated":true}]}}