{"id":27758,"date":"2024-08-06T07:18:43","date_gmt":"2024-08-06T05:18:43","guid":{"rendered":"https:\/\/veneilytarvikekauppa.promarinetrade.fi\/product\/handheld-vhf-icom-ic-m94d\/"},"modified":"2026-04-11T09:29:35","modified_gmt":"2026-04-11T07:29:35","slug":"handheld-vhf-icom-ic-m94d","status":"publish","type":"product","link":"https:\/\/veneilytarvikekauppa.fi\/en\/shop\/handheld-vhf-icom-ic-m94d\/","title":{"rendered":"HANDHELD VHF- ICOM IC-M94D"},"content":{"rendered":"<p>The IC-M94D has the slimmest body for a floating VHF\/DSC marine handheld transceiver. Body depth has been reduced from to 38.5 mm by implementing a flat sheet keypad. This feature allows the radio to be firmly yet comfortably gripped in the palm of your hand.<\/p>\n","protected":false},"excerpt":{"rendered":"<p><strong>Omadused: <\/strong><\/p>\n<p>&#13;<br \/>\n&#13;<\/p>\n<ul>&#13;<\/p>\n<li>2,3-tolline suur, h\u00e4sti loetav LCD-ekraan<\/li>\n<p>&#13;<\/p>\n<li>Float\u2019n Flash ja MOB (man over board) funktsioon<\/li>\n<p>&#13;<\/p>\n<li>Aktiivne m\u00fcrasummutamise tehnoloogia<\/li>\n<p>&#13;<\/p>\n<li>Integreeritud GNSS-vastuv\u00f5tja<\/li>\n<p>&#13;<\/p>\n<li>IPX7 veekindlus (1m s\u00fcgavusel vees 30 minutit)<\/li>\n<p>&#13;<\/p>\n<li>Navigeerimisfunktsioon asukohast m\u00e4\u00e4ratud teekonnapunkti 50 teekonnapunkti m\u00e4lu navigeerimiseks<\/li>\n<p>&#13;<\/p>\n<li>Dual \/ Tri-watch funktsioon kanal 16 ja\/v\u00f5i k\u00f5nekanali j\u00e4lgimiseks<\/li>\n<p>&#13;<\/p>\n<li>Aku indikaator Lemmikkanali funktsioon<\/li>\n<p>&#13;<\/p>\n<li>Aqua Quake vee eemaldus funktsioon<\/li>\n<p>&#13;\n<\/ul>\n<p>&#13;<br \/>\n&#13;<\/p>\n<p>&nbsp;<\/p>\n<p>&#13;<br \/>\n&#13;<\/p>\n<p>&nbsp;<\/p>\n<p>&#13;<\/p>\n","protected":false},"featured_media":20268,"template":"","meta":{"_acf_changed":false,"slim_seo":{"title":"HANDHELD VHF- ICOM IC-M94D - veneilij&auml;n verkkokauppa-Venetarvikkeet","description":"Omadused: &#13; &#13; &#13; 2,3-tolline suur, h\u00e4sti loetav LCD-ekraan &#13; Float\u2019n Flash ja MOB (man over board) funktsioon &#13; Aktiivne m\u00fcrasummutamise tehn"}},"product_brand":[],"product_cat":[1011,995],"product_tag":[3813,2292,2225],"giftcard-category":[],"class_list":{"0":"post-27758","1":"product","2":"type-product","3":"status-publish","4":"has-post-thumbnail","6":"product_cat-marine-electronics","7":"product_cat-vhf-handhelds","8":"product_tag-black","9":"product_tag-boatcare","10":"product_tag-icom","11":"pa_color-black","12":"pa_producer-icom","13":"pa_unit-pcs","15":"first","16":"instock","17":"purchasable","18":"product-type-simple"},"acf":[],"_links":{"self":[{"href":"https:\/\/veneilytarvikekauppa.fi\/en\/wp-json\/wp\/v2\/product\/27758","targetHints":{"allow":["GET"]}}],"collection":[{"href":"https:\/\/veneilytarvikekauppa.fi\/en\/wp-json\/wp\/v2\/product"}],"about":[{"href":"https:\/\/veneilytarvikekauppa.fi\/en\/wp-json\/wp\/v2\/types\/product"}],"wp:featuredmedia":[{"embeddable":true,"href":"https:\/\/veneilytarvikekauppa.fi\/en\/wp-json\/wp\/v2\/media\/20268"}],"wp:attachment":[{"href":"https:\/\/veneilytarvikekauppa.fi\/en\/wp-json\/wp\/v2\/media?parent=27758"}],"wp:term":[{"taxonomy":"product_brand","embeddable":true,"href":"https:\/\/veneilytarvikekauppa.fi\/en\/wp-json\/wp\/v2\/product_brand?post=27758"},{"taxonomy":"product_cat","embeddable":true,"href":"https:\/\/veneilytarvikekauppa.fi\/en\/wp-json\/wp\/v2\/product_cat?post=27758"},{"taxonomy":"product_tag","embeddable":true,"href":"https:\/\/veneilytarvikekauppa.fi\/en\/wp-json\/wp\/v2\/product_tag?post=27758"},{"taxonomy":"giftcard-category","embeddable":true,"href":"https:\/\/veneilytarvikekauppa.fi\/en\/wp-json\/wp\/v2\/giftcard-category?post=27758"}],"curies":[{"name":"wp","href":"https:\/\/api.w.org\/{rel}","templated":true}]}}