{"id":27759,"date":"2024-08-06T07:18:53","date_gmt":"2024-08-06T05:18:53","guid":{"rendered":"https:\/\/veneilytarvikekauppa.promarinetrade.fi\/product\/gdmss-handheld-vhf-icom-ic-gm1600e\/"},"modified":"2026-04-06T06:59:49","modified_gmt":"2026-04-06T04:59:49","slug":"gdmss-handheld-vhf-icom-ic-gm1600e","status":"publish","type":"product","link":"https:\/\/veneilytarvikekauppa.fi\/en\/shop\/gdmss-handheld-vhf-icom-ic-gm1600e\/","title":{"rendered":"GDMSS HANDHELD VHF- ICOM IC-GM1600E"},"content":{"rendered":"<p>GMDSS Survival Craft 2-Way VHF Radio. The IC-GM1600E Marine VHF handheld has been designed for GMDSS compliant survival craft communications. The radio is engineered to survive and function in the extreme environmental conditions common in marine emergencies and brings the latest Search and Rescue technology to the marketplace.<\/p>\n<p>&#13;<\/p>\n","protected":false},"excerpt":{"rendered":"<p>&nbsp;<\/p>\n<p>&#13;<br \/>\n&#13;<\/p>\n<p><strong>Tugev, veekindel konstruktsioon<\/strong><\/p>\n<p>&#13;<br \/>\n&#13;<\/p>\n<p>IC-GM1600E on veekindel vastavalt IP-X7 spetsifikatsioonidele.<\/p>\n<p>&#13;<br \/>\n&#13;<\/p>\n<p><strong>\u201eKiire vee eemaldamise\u201d funktsioon<\/strong><\/p>\n<p>&#13;<br \/>\n&#13;<\/p>\n<p>Eemaldab k\u00f5laris\u00fcsteemist kiiresti vee, tagades terava ja selge sidepidamise ka k\u00f5ige halvemates tingimustes.&nbsp;<\/p>\n<p>&#13;<br \/>\n&#13;<\/p>\n<p><strong>Lainurk LCD-ekraan<\/strong><\/p>\n<p>&#13;<br \/>\n&#13;<\/p>\n<p>IC-GM1600E LCD-ekraan pakub suure kontrastsuse ja laia nurgaga loetavust . 4 erinevat kontrastsuse ja 3 erinevat taustvalgustuse taset.<\/p>\n<p>&#13;<br \/>\n&#13;<\/p>\n<p>LED-indikaatorid v\u00f5imaldavad lihtsat raadio leidmist igat t\u00fc\u00fcpi ilmastiku ja valgustingimustes.<\/p>\n<p>&#13;<br \/>\n&#13;<\/p>\n<p><strong>Lihtne k\u00e4sitleda<\/strong><\/p>\n<p>&#13;<br \/>\n&#13;<\/p>\n<p>Lihtne k\u00e4sitleda isegi kogemuseta kasutajal. Raadio tagapaneelile on tr\u00fckitud kasutusjuhend. K\u00f5iki toiminguid saab teha \u00fche k\u00e4ega.<\/p>\n<p>&#13;<br \/>\n&#13;<\/p>\n<p>Seadmel on suured k\u00f5rged nupud, mis tagavad lihtsa kasutamise ka kindaid kandes.<\/p>\n<p>&#13;<br \/>\n&#13;<\/p>\n<p><strong>Selgelt n\u00e4htav kollase v\u00e4rvusega korpus<\/strong><\/p>\n<p>&#13;<br \/>\n&#13;<\/p>\n<p>IC-GM1600E erksav\u00e4rvilistest pol\u00fcmeridest valmistatud p\u00f5rutuskindel korpus tagab raadio kerge leitavuse p\u00e4\u00e4stekotist, p\u00e4\u00e4steparvest jne.<\/p>\n<p>&#13;<br \/>\n&#13;<\/p>\n<p>&nbsp;<\/p>\n<p>&#13;<br \/>\n&#13;<\/p>\n<p><strong><a href=\"http:\/\/www.icom.co.jp\/world\/products\/marine\/handheld\/ic-gm1600e\/spec.html\">Tehnilised andmed<\/a><\/strong><\/p>\n<p>&#13;<\/p>\n","protected":false},"featured_media":20281,"template":"","meta":{"_acf_changed":false,"slim_seo":{"title":"GDMSS HANDHELD VHF- ICOM IC-GM1600E - veneilij&auml;n verkkokauppa-Venetarvikkeet","description":"&nbsp; &#13; &#13; Tugev, veekindel konstruktsioon &#13; &#13; IC-GM1600E on veekindel vastavalt IP-X7 spetsifikatsioonidele. &#13; &#13; \u201eKiire vee eemaldamise"}},"product_brand":[],"product_cat":[1011,995],"product_tag":[2292,2225,3800],"giftcard-category":[],"class_list":{"0":"post-27759","1":"product","2":"type-product","3":"status-publish","4":"has-post-thumbnail","6":"product_cat-marine-electronics","7":"product_cat-vhf-handhelds","8":"product_tag-boatcare","9":"product_tag-icom","10":"product_tag-yellow","11":"pa_color-yellow","12":"pa_producer-icom","13":"pa_unit-pcs","15":"first","16":"onbackorder","17":"purchasable","18":"product-type-simple"},"acf":[],"_links":{"self":[{"href":"https:\/\/veneilytarvikekauppa.fi\/en\/wp-json\/wp\/v2\/product\/27759","targetHints":{"allow":["GET"]}}],"collection":[{"href":"https:\/\/veneilytarvikekauppa.fi\/en\/wp-json\/wp\/v2\/product"}],"about":[{"href":"https:\/\/veneilytarvikekauppa.fi\/en\/wp-json\/wp\/v2\/types\/product"}],"wp:featuredmedia":[{"embeddable":true,"href":"https:\/\/veneilytarvikekauppa.fi\/en\/wp-json\/wp\/v2\/media\/20281"}],"wp:attachment":[{"href":"https:\/\/veneilytarvikekauppa.fi\/en\/wp-json\/wp\/v2\/media?parent=27759"}],"wp:term":[{"taxonomy":"product_brand","embeddable":true,"href":"https:\/\/veneilytarvikekauppa.fi\/en\/wp-json\/wp\/v2\/product_brand?post=27759"},{"taxonomy":"product_cat","embeddable":true,"href":"https:\/\/veneilytarvikekauppa.fi\/en\/wp-json\/wp\/v2\/product_cat?post=27759"},{"taxonomy":"product_tag","embeddable":true,"href":"https:\/\/veneilytarvikekauppa.fi\/en\/wp-json\/wp\/v2\/product_tag?post=27759"},{"taxonomy":"giftcard-category","embeddable":true,"href":"https:\/\/veneilytarvikekauppa.fi\/en\/wp-json\/wp\/v2\/giftcard-category?post=27759"}],"curies":[{"name":"wp","href":"https:\/\/api.w.org\/{rel}","templated":true}]}}