{"id":27760,"date":"2024-08-06T07:19:02","date_gmt":"2024-08-06T05:19:02","guid":{"rendered":"https:\/\/veneilytarvikekauppa.promarinetrade.fi\/product\/fixed-radio-vhf-icom-ic-m605euro\/"},"modified":"2026-04-06T06:59:49","modified_gmt":"2026-04-06T04:59:49","slug":"fixed-radio-vhf-icom-ic-m605euro","status":"publish","type":"product","link":"https:\/\/veneilytarvikekauppa.fi\/en\/shop\/fixed-radio-vhf-icom-ic-m605euro\/","title":{"rendered":"FIXED RADIO VHF- ICOM IC-M605EURO"},"content":{"rendered":"<p>Advanced VHF Radio that Complements Your Boat in Superior Performance, System Flexibility and User-Friendliness.<\/p>\n<p>&#13;<\/p>\n","protected":false},"excerpt":{"rendered":"<p><strong>Lainurk 4,3-tolline v\u00e4rviline TFT LCD<\/strong><\/p>\n<p>&#13;<br \/>\n&#13;<\/p>\n<p>K\u00f5rge eraldusv\u00f5imega v\u00e4rviline LCD-ekraan tagab peaaegu 180-kraadise vaatenurga ning kuvab t\u00e4hem\u00e4rgid ja funktsioonide ikoonid selgelt. \u00d6ine re\u017eiimi tagab pimedas hea loetavuse.<\/p>\n<p>&#13;<br \/>\n&#13;<\/p>\n<p><strong>Integreeritud AIS-vastuv\u00f5tja<\/strong><\/p>\n<p>&#13;<br \/>\n&#13;<\/p>\n<p>Integreeritud AIS-vastuv\u00f5tja n\u00e4itab reaalajas AIS-i laevaliikluse teavet ekraanil. AIS-liitkuvar v\u00f5imaldab teil AIS-plotterit p\u00f5hitoimingute ajal j\u00e4lgida. Valitud AIS-i sihtm\u00e4rgile saab otse AIS-ekraanilt helistada, kasutades individuaalset DSC-k\u00f5net.<\/p>\n<p>&#13;<br \/>\n&#13;<\/p>\n<p><strong>Aktiivse m\u00fcrasummutamise tehnoloogia<\/strong><\/p>\n<p>&#13;<br \/>\n&#13;<\/p>\n<p>Aktiivne m\u00fcrasummutamise tehnoloogia eemaldab digitaalselt taustm\u00fcra nii heli edastamisest kui ka vastuv\u00f5tmisest ning tagab selge suhtluse m\u00fcrarikkas merekeskkonnas.<\/p>\n<p>&#13;<br \/>\n&#13;<\/p>\n<p><strong>Viimase k\u00f5ne helisalvestus<\/strong><\/p>\n<p>&#13;<br \/>\n&#13;<\/p>\n<p>Viimase k\u00f5ne salvestuse funktsioon salvestab sissetuleva k\u00f5ne automaatselt kuni kaks minutit. Nii ei j\u00e4\u00e4 \u00fckski sissetulev k\u00f5ne vahele.<\/p>\n<p>&#13;<br \/>\n&#13;<\/p>\n<p><strong>Integreeritud GNSS-vastuv\u00f5tja<\/strong><\/p>\n<p>&#13;<br \/>\n&#13;<\/p>\n<p>Integreeritud GNSS (GPS, GLONASS ja SBAS) vastuv\u00f5tja. Asukohainfot saab lihtsalt vastu v\u00f5tta komplekti kuuluva GNSS-i antenniga UX-241 (5-meetrine kaabel).<\/p>\n<p>&#13;<br \/>\n&#13;<\/p>\n<p><strong>30 W kahesuunaline ruupor<\/strong><\/p>\n<p>&#13;<br \/>\n&#13;<\/p>\n<p>\u00dchendades raadio SP-37 ruuporiga (lisavarustus) saate raadiomikrofonist r\u00e4\u00e4kida tekil v\u00f5i kaldal oleva meeskonnaga, nende vastus j\u00f5uab teieni l\u00e4bi sama ruupori. Sisseehitatud 30 W v\u00f5imendi muudab teie k\u00f5ne valjuks ja selgeks.<\/p>\n<p>&#13;<br \/>\n&#13;<\/p>\n<p><strong>NMEA 2000 \u2122, NMEA 0183 \/ -HS \u00fchenduvus<\/strong><\/p>\n<p>&#13;<br \/>\n&#13;<\/p>\n<p>Kasutades NMEA 2000 \u2122 \u00fchendust, saab raadio vahetada v\u00f5rgus GNSSi, AIS-i aruandeid, DSC-k\u00f5neteabe, raadiosageduse ja PGN-loendi andmeid. NMEA 0183 \/ -HS GNSS asukoha andmeid saab teisendada NMEA 2000 \u2122 andmeteks ka muude seadmete jaoks.<\/p>\n<p>&#13;<br \/>\n&#13;<\/p>\n<p><strong>Valikuline k\u00f5nekr\u00fcpteerija<\/strong><\/p>\n<p>&#13;<br \/>\n&#13;<\/p>\n<p>Valikuline k\u00f5ne kr\u00fcpteeria UT-112 pakub IC-M605EURO-l turvalist vestlust. See funktsioon on kasulik, kui soovite jagada privaatset teavet konsortsiumlaevadega.<\/p>\n<p>&#13;<br \/>\n&#13;<\/p>\n<p>&nbsp;<\/p>\n<p>&#13;<br \/>\n&#13;<\/p>\n<p><strong>Omadused:<\/strong>&nbsp;<\/p>\n<p>&#13;<br \/>\n&#13;<\/p>\n<ul>&#13;<\/p>\n<li>IPX8 veekindlus (1m vees\u00fcgavus 60 minutit)<\/li>\n<p>&#13;<\/p>\n<li>Dual\/Tri-watch funktsioon<\/li>\n<p>&#13;<\/p>\n<li>AquaQuake \u2122 vee eemaldus funktsioon<\/li>\n<p>&#13;<\/p>\n<li>Komplektis olevat k\u00f5larimikrofoni HM-205RB saab \u00fchendada IC-M605EURO tagapaneeliga<\/li>\n<p>&#13;\n<\/ul>\n<p>&#13;<br \/>\n&#13;<\/p>\n<p>&nbsp;<\/p>\n<p>&#13;<br \/>\n&#13;<\/p>\n<p><strong><a href=\"http:\/\/www.icom.co.jp\/world\/products\/marine\/mobile\/ic-m605euro\/spec.html\">Tehnilised andmed<\/a><\/strong><\/p>\n<p>&#13;<\/p>\n","protected":false},"featured_media":20290,"template":"","meta":{"_acf_changed":false,"slim_seo":{"title":"FIXED RADIO VHF- ICOM IC-M605EURO - veneilij&auml;n verkkokauppa-Venetarvikkeet","description":"Lainurk 4,3-tolline v\u00e4rviline TFT LCD &#13; &#13; K\u00f5rge eraldusv\u00f5imega v\u00e4rviline LCD-ekraan tagab peaaegu 180-kraadise vaatenurga ning kuvab t\u00e4hem\u00e4rgid ja funkt"}},"product_brand":[],"product_cat":[1011,995],"product_tag":[3813,2292,2225],"giftcard-category":[],"class_list":{"0":"post-27760","1":"product","2":"type-product","3":"status-publish","4":"has-post-thumbnail","6":"product_cat-marine-electronics","7":"product_cat-vhf-handhelds","8":"product_tag-black","9":"product_tag-boatcare","10":"product_tag-icom","11":"pa_color-black","12":"pa_producer-icom","13":"pa_unit-pcs","15":"first","16":"onbackorder","17":"purchasable","18":"product-type-simple"},"acf":[],"_links":{"self":[{"href":"https:\/\/veneilytarvikekauppa.fi\/en\/wp-json\/wp\/v2\/product\/27760","targetHints":{"allow":["GET"]}}],"collection":[{"href":"https:\/\/veneilytarvikekauppa.fi\/en\/wp-json\/wp\/v2\/product"}],"about":[{"href":"https:\/\/veneilytarvikekauppa.fi\/en\/wp-json\/wp\/v2\/types\/product"}],"wp:featuredmedia":[{"embeddable":true,"href":"https:\/\/veneilytarvikekauppa.fi\/en\/wp-json\/wp\/v2\/media\/20290"}],"wp:attachment":[{"href":"https:\/\/veneilytarvikekauppa.fi\/en\/wp-json\/wp\/v2\/media?parent=27760"}],"wp:term":[{"taxonomy":"product_brand","embeddable":true,"href":"https:\/\/veneilytarvikekauppa.fi\/en\/wp-json\/wp\/v2\/product_brand?post=27760"},{"taxonomy":"product_cat","embeddable":true,"href":"https:\/\/veneilytarvikekauppa.fi\/en\/wp-json\/wp\/v2\/product_cat?post=27760"},{"taxonomy":"product_tag","embeddable":true,"href":"https:\/\/veneilytarvikekauppa.fi\/en\/wp-json\/wp\/v2\/product_tag?post=27760"},{"taxonomy":"giftcard-category","embeddable":true,"href":"https:\/\/veneilytarvikekauppa.fi\/en\/wp-json\/wp\/v2\/giftcard-category?post=27760"}],"curies":[{"name":"wp","href":"https:\/\/api.w.org\/{rel}","templated":true}]}}