{"id":27761,"date":"2024-08-06T07:19:12","date_gmt":"2024-08-06T05:19:12","guid":{"rendered":"https:\/\/veneilytarvikekauppa.promarinetrade.fi\/product\/fixed-gmdss-vhf-radio-icom-gm600\/"},"modified":"2026-04-06T06:59:49","modified_gmt":"2026-04-06T04:59:49","slug":"fixed-gmdss-vhf-radio-icom-gm600","status":"publish","type":"product","link":"https:\/\/veneilytarvikekauppa.fi\/en\/shop\/fixed-gmdss-vhf-radio-icom-gm600\/","title":{"rendered":"FIXED GMDSS VHF RADIO- ICOM GM600"},"content":{"rendered":"<p>The GM600 is a Class A GMDSS Global Maritime Distress and Safety (VHF) radio that can be used as part of a GMDSS equipment system that must comply with SOLAS or national shipping regulations in the commercial shipping sector. The GM600 is designed to work reliably even under the harshest weather conditions at sea, meeting all Marine Equipment Directive (MED) requirements. Even under the most adverse conditions, the GM600 functions reliably. The front panel is waterproof according to IPX7 (30 min at 1 m depth). In addition, the rear side is protected against rust thanks to its corrosion-resistant coating.<\/p>\n<p>&#13;<\/p>\n","protected":false},"excerpt":{"rendered":"<p><strong>Vastab ITU-R M.493-13 standardile<\/strong><\/p>\n<p>&#13;<br \/>\n&#13;<\/p>\n<p>Spetsiaalne DSC kontroller j\u00e4lgib p\u00fcsivalt kanalil 70 (DSC kanal) toimuvat, tagades pidevat h\u00e4da- ja ohutussidet. Spetsiaalne re\u017eiim h\u00f5lbustab DSC toimimist \u2013 DSC k\u00f5ne korral avaneb ekraanil h\u00fcpikaken.<\/p>\n<p>&#13;<br \/>\n&#13;<\/p>\n<p><strong>4,3-tolline v\u00e4rviline TFT-ekraan <\/strong><\/p>\n<p>&#13;<br \/>\n&#13;<\/p>\n<p>Suur 4,3-tolline ekraan peaaegu 180 \u00b0 vaatenurgaga. K\u00f5rge resolutsiooniga ekraan tagab, et n\u00e4ete ekraanil olevat teavet ka rasketes ilmastikutingimustes.<\/p>\n<p>&#13;<br \/>\n&#13;<\/p>\n<p>&nbsp;<\/p>\n<p>&#13;<br \/>\n&#13;<\/p>\n<p><strong>Varustus:<\/strong><\/p>\n<p>&#13;<br \/>\n&#13;<\/p>\n<ul>&#13;<\/p>\n<li>K\u00e4eshoitav mikrofon HM-214V<\/li>\n<p>&#13;<\/p>\n<li>Alalisvoolu kaabel<\/li>\n<p>&#13;<\/p>\n<li>Mikrofoni kinnitus<\/li>\n<p>&#13;<\/p>\n<li>Kinnitusklamber<\/li>\n<p>&#13;\n<\/ul>\n<p>&#13;<br \/>\n&#13;<\/p>\n<p>&nbsp;<\/p>\n<p>&#13;<br \/>\n&#13;<\/p>\n<p><strong><a href=\"http:\/\/www.icom.co.jp\/world\/products\/marine\/mobile\/gm600\/spec.html\">Tehnilised andmed<\/a><\/strong><\/p>\n<p>&#13;<\/p>\n","protected":false},"featured_media":20303,"template":"","meta":{"_acf_changed":false,"slim_seo":{"title":"FIXED GMDSS VHF RADIO- ICOM GM600 - veneilij&auml;n verkkokauppa-Venetarvikkeet","description":"Vastab ITU-R M.493-13 standardile &#13; &#13; Spetsiaalne DSC kontroller j\u00e4lgib p\u00fcsivalt kanalil 70 (DSC kanal) toimuvat, tagades pidevat h\u00e4da- ja ohutussidet."}},"product_brand":[],"product_cat":[1011,995],"product_tag":[2292,2225],"giftcard-category":[],"class_list":{"0":"post-27761","1":"product","2":"type-product","3":"status-publish","4":"has-post-thumbnail","6":"product_cat-marine-electronics","7":"product_cat-vhf-handhelds","8":"product_tag-boatcare","9":"product_tag-icom","10":"pa_producer-icom","11":"pa_unit-pcs","13":"first","14":"onbackorder","15":"purchasable","16":"product-type-simple"},"acf":[],"_links":{"self":[{"href":"https:\/\/veneilytarvikekauppa.fi\/en\/wp-json\/wp\/v2\/product\/27761","targetHints":{"allow":["GET"]}}],"collection":[{"href":"https:\/\/veneilytarvikekauppa.fi\/en\/wp-json\/wp\/v2\/product"}],"about":[{"href":"https:\/\/veneilytarvikekauppa.fi\/en\/wp-json\/wp\/v2\/types\/product"}],"wp:featuredmedia":[{"embeddable":true,"href":"https:\/\/veneilytarvikekauppa.fi\/en\/wp-json\/wp\/v2\/media\/20303"}],"wp:attachment":[{"href":"https:\/\/veneilytarvikekauppa.fi\/en\/wp-json\/wp\/v2\/media?parent=27761"}],"wp:term":[{"taxonomy":"product_brand","embeddable":true,"href":"https:\/\/veneilytarvikekauppa.fi\/en\/wp-json\/wp\/v2\/product_brand?post=27761"},{"taxonomy":"product_cat","embeddable":true,"href":"https:\/\/veneilytarvikekauppa.fi\/en\/wp-json\/wp\/v2\/product_cat?post=27761"},{"taxonomy":"product_tag","embeddable":true,"href":"https:\/\/veneilytarvikekauppa.fi\/en\/wp-json\/wp\/v2\/product_tag?post=27761"},{"taxonomy":"giftcard-category","embeddable":true,"href":"https:\/\/veneilytarvikekauppa.fi\/en\/wp-json\/wp\/v2\/giftcard-category?post=27761"}],"curies":[{"name":"wp","href":"https:\/\/api.w.org\/{rel}","templated":true}]}}