{"id":27762,"date":"2024-08-06T07:19:21","date_gmt":"2024-08-06T05:19:21","guid":{"rendered":"https:\/\/veneilytarvikekauppa.promarinetrade.fi\/product\/fixed-gmdss-vhf-radio-icom-gm800\/"},"modified":"2026-04-06T06:59:50","modified_gmt":"2026-04-06T04:59:50","slug":"fixed-gmdss-vhf-radio-icom-gm800","status":"publish","type":"product","link":"https:\/\/veneilytarvikekauppa.fi\/en\/shop\/fixed-gmdss-vhf-radio-icom-gm800\/","title":{"rendered":"FIXED GMDSS VHF RADIO- ICOM GM800"},"content":{"rendered":"<p>Reliable Performance for MF\/HF Long Distance Communication.<\/p>\n<p>&#13;<\/p>\n","protected":false},"excerpt":{"rendered":"<p><strong>ITU A-klassi DSC (ITU-R M.493-13) <\/strong><\/p>\n<p>&#13;<br \/>\n&#13;<\/p>\n<p>Spetsiaalne DSC-vaatlusvastuv\u00f5tja skanneerib pidevalt kuut h\u00e4dakanalit. DSC funktsioon n\u00e4itab kuni seitset DSC protseduuri. GM800 on v\u00f5imeline saatma ka h\u00e4daabi k\u00f5ne.<\/p>\n<p>&#13;<br \/>\n&#13;<\/p>\n<p><strong>Suur 4,3-tolline v\u00e4rviline TFT LCD<\/strong><\/p>\n<p>&#13;<br \/>\n&#13;<\/p>\n<p>V\u00e4rviline TFT LCD pakub kasutajas\u00f5bralikke ikoone ja kuvari kujundust. T\u00e4iustatud font v\u00f5imaldab ekraaniteavet kiiresti tuvastada. P\u00e4eva- ja \u00f6\u00f6re\u017eiimi saab valida vastavalt valgustingimustele.<\/p>\n<p>&#13;<br \/>\n&#13;<\/p>\n<p>&nbsp;<\/p>\n<p>&#13;<br \/>\n&#13;<\/p>\n<p><strong><a href=\"http:\/\/www.icom.co.jp\/world\/products\/marine\/hf\/gm800\/spec.html\">Tehnilised andmed<\/a><\/strong><\/p>\n<p>&#13;<\/p>\n","protected":false},"featured_media":20308,"template":"","meta":{"_acf_changed":false,"slim_seo":{"title":"FIXED GMDSS VHF RADIO- ICOM GM800 - veneilij&auml;n verkkokauppa-Venetarvikkeet","description":"ITU A-klassi DSC (ITU-R M.493-13) &#13; &#13; Spetsiaalne DSC-vaatlusvastuv\u00f5tja skanneerib pidevalt kuut h\u00e4dakanalit. DSC funktsioon n\u00e4itab kuni seitset DSC pro"}},"product_brand":[],"product_cat":[1011,995],"product_tag":[2292,2225],"giftcard-category":[],"class_list":{"0":"post-27762","1":"product","2":"type-product","3":"status-publish","4":"has-post-thumbnail","6":"product_cat-marine-electronics","7":"product_cat-vhf-handhelds","8":"product_tag-boatcare","9":"product_tag-icom","10":"pa_producer-icom","11":"pa_unit-pcs","13":"first","14":"onbackorder","15":"purchasable","16":"product-type-simple"},"acf":[],"_links":{"self":[{"href":"https:\/\/veneilytarvikekauppa.fi\/en\/wp-json\/wp\/v2\/product\/27762","targetHints":{"allow":["GET"]}}],"collection":[{"href":"https:\/\/veneilytarvikekauppa.fi\/en\/wp-json\/wp\/v2\/product"}],"about":[{"href":"https:\/\/veneilytarvikekauppa.fi\/en\/wp-json\/wp\/v2\/types\/product"}],"wp:featuredmedia":[{"embeddable":true,"href":"https:\/\/veneilytarvikekauppa.fi\/en\/wp-json\/wp\/v2\/media\/20308"}],"wp:attachment":[{"href":"https:\/\/veneilytarvikekauppa.fi\/en\/wp-json\/wp\/v2\/media?parent=27762"}],"wp:term":[{"taxonomy":"product_brand","embeddable":true,"href":"https:\/\/veneilytarvikekauppa.fi\/en\/wp-json\/wp\/v2\/product_brand?post=27762"},{"taxonomy":"product_cat","embeddable":true,"href":"https:\/\/veneilytarvikekauppa.fi\/en\/wp-json\/wp\/v2\/product_cat?post=27762"},{"taxonomy":"product_tag","embeddable":true,"href":"https:\/\/veneilytarvikekauppa.fi\/en\/wp-json\/wp\/v2\/product_tag?post=27762"},{"taxonomy":"giftcard-category","embeddable":true,"href":"https:\/\/veneilytarvikekauppa.fi\/en\/wp-json\/wp\/v2\/giftcard-category?post=27762"}],"curies":[{"name":"wp","href":"https:\/\/api.w.org\/{rel}","templated":true}]}}