{"id":27763,"date":"2024-08-06T07:19:31","date_gmt":"2024-08-06T05:19:31","guid":{"rendered":"https:\/\/veneilytarvikekauppa.promarinetrade.fi\/product\/fixed-radio-vhf-lowrance-link-6s\/"},"modified":"2026-04-06T06:59:50","modified_gmt":"2026-04-06T04:59:50","slug":"fixed-radio-vhf-lowrance-link-6s","status":"publish","type":"product","link":"https:\/\/veneilytarvikekauppa.fi\/en\/shop\/fixed-radio-vhf-lowrance-link-6s\/","title":{"rendered":"FIXED RADIO VHF- LOWRANCE LINK 6S"},"content":{"rendered":"<p>Communicate clearly with this dependable Class D DSC Approved marine VHF radio featuring a four-button fist microphone, intuitive rotary and keypad controls and a new front-mountable mechanical design for easy installation. The Link-6S also has an internal GPS.<\/p>\n<p>&#13;<\/p>\n","protected":false},"excerpt":{"rendered":"<ul>&#13;<\/p>\n<li>Uuenenud LCD ekraan, \u00f6\u00f6valgustuse funktsiooniga<\/li>\n<p>&#13;<\/p>\n<li>Vabalt valitav saatjav\u00f5imsus: Hi 23W \u00b1 2W \/ Lo 0.8W \u00b1 0.2W<\/li>\n<p>&#13;<\/p>\n<li>T\u00e4ielik DSC, klass D v\u00f5imaldab kasutamist k\u00f5ikjal maailmas<\/li>\n<p>&#13;<\/p>\n<li>V\u00f5imas k\u00f5lar<\/li>\n<p>&#13;<\/p>\n<li>Suur p\u00f6\u00f6ratav kanalivaliku nupp \/ 3 kanali monitooring<\/li>\n<p>&#13;<\/p>\n<li>Mikrofonil 4 klahvi<\/li>\n<p>&#13;<\/p>\n<li>Litne ja mugav kasutada nii parema kui vasaku k\u00e4ega<\/li>\n<p>&#13;<\/p>\n<li>NMEA 2000 \u00fchilduvus: 1 port<\/li>\n<p>&#13;<\/p>\n<li>M\u00f5\u00f5dud 165,9 x 88,2 x 159,8mm<\/li>\n<p>&#13;\n<\/ul>\n<p>&#13;<\/p>\n","protected":false},"featured_media":20315,"template":"","meta":{"_acf_changed":false,"slim_seo":{"title":"FIXED RADIO VHF- LOWRANCE LINK 6S - veneilij&auml;n verkkokauppa-Venetarvikkeet","description":"&#13; Uuenenud LCD ekraan, \u00f6\u00f6valgustuse funktsiooniga &#13; Vabalt valitav saatjav\u00f5imsus: Hi 23W \u00b1 2W \/ Lo 0.8W \u00b1 0.2W &#13; T\u00e4ielik DSC, klass D v\u00f5imaldab kasu"}},"product_brand":[6601],"product_cat":[1011,995],"product_tag":[2292,3775,2575],"giftcard-category":[],"class_list":{"0":"post-27763","1":"product","2":"type-product","3":"status-publish","4":"has-post-thumbnail","6":"product_brand-lowrance","7":"product_cat-marine-electronics","8":"product_cat-vhf-handhelds","9":"product_tag-boatcare","10":"product_tag-grey","11":"product_tag-lowrance","12":"pa_color-grey","13":"pa_producer-lowrance","14":"pa_unit-pcs","16":"first","17":"onbackorder","18":"purchasable","19":"product-type-simple"},"acf":[],"_links":{"self":[{"href":"https:\/\/veneilytarvikekauppa.fi\/en\/wp-json\/wp\/v2\/product\/27763","targetHints":{"allow":["GET"]}}],"collection":[{"href":"https:\/\/veneilytarvikekauppa.fi\/en\/wp-json\/wp\/v2\/product"}],"about":[{"href":"https:\/\/veneilytarvikekauppa.fi\/en\/wp-json\/wp\/v2\/types\/product"}],"wp:featuredmedia":[{"embeddable":true,"href":"https:\/\/veneilytarvikekauppa.fi\/en\/wp-json\/wp\/v2\/media\/20315"}],"wp:attachment":[{"href":"https:\/\/veneilytarvikekauppa.fi\/en\/wp-json\/wp\/v2\/media?parent=27763"}],"wp:term":[{"taxonomy":"product_brand","embeddable":true,"href":"https:\/\/veneilytarvikekauppa.fi\/en\/wp-json\/wp\/v2\/product_brand?post=27763"},{"taxonomy":"product_cat","embeddable":true,"href":"https:\/\/veneilytarvikekauppa.fi\/en\/wp-json\/wp\/v2\/product_cat?post=27763"},{"taxonomy":"product_tag","embeddable":true,"href":"https:\/\/veneilytarvikekauppa.fi\/en\/wp-json\/wp\/v2\/product_tag?post=27763"},{"taxonomy":"giftcard-category","embeddable":true,"href":"https:\/\/veneilytarvikekauppa.fi\/en\/wp-json\/wp\/v2\/giftcard-category?post=27763"}],"curies":[{"name":"wp","href":"https:\/\/api.w.org\/{rel}","templated":true}]}}