{"id":27807,"date":"2024-08-06T07:24:43","date_gmt":"2024-08-06T05:24:43","guid":{"rendered":"https:\/\/veneilytarvikekauppa.promarinetrade.fi\/product\/inflatable-boat-promarine-ibp300\/"},"modified":"2026-04-06T07:00:07","modified_gmt":"2026-04-06T05:00:07","slug":"inflatable-boat-promarine-ibp300","status":"publish","type":"product","link":"https:\/\/veneilytarvikekauppa.fi\/en\/shop\/inflatable-boat-promarine-ibp300\/","title":{"rendered":"INFLATABLE BOAT- PROMARINE IBP300"},"content":{"rendered":"<p>Promarine IBP300 is a solid, safe and high quality inflatable dinghy. Promarine IBP300 has plywood floor and seats. The boat comes with a lot of equipment: a carrying case for the boat and for the floor, a foot pump, folding paddles, a repair kit and seats. The boat is convenient for transportation thanks to many carrying bays. The weight of the boat is only 25 kg.<\/p>\n<p>&#13;<\/p>\n","protected":false},"excerpt":{"rendered":"<p><strong>Peamised omadused:<\/strong><\/p>\n<p>&#13;<br \/>\n&#13;<\/p>\n<p>&nbsp;<\/p>\n<p>&#13;<br \/>\n&#13;<\/p>\n<p>Paadi pikkus: 300 cm<\/p>\n<p>&#13;<br \/>\n&#13;<\/p>\n<p>Paadi laius: 136 cm<\/p>\n<p>&#13;<br \/>\n&#13;<\/p>\n<p>\u00d5hupontoonide l\u00e4bim\u00f5\u00f5t: 38 mm<\/p>\n<p>&#13;<br \/>\n&#13;<\/p>\n<p>Kandev\u00f5ime: 2 t\u00e4iskavanut<\/p>\n<p>&#13;<br \/>\n&#13;<\/p>\n<p>PVC materjali tihedus 850 g \/ m2, paksus 0,7 mm<\/p>\n<p>&#13;<br \/>\n&#13;<\/p>\n<p>Maksimaalne mootori v\u00f5imsus: 4 HP<\/p>\n<p>&#13;<br \/>\n&#13;<\/p>\n<p>\u00d5hukambrite arv: 2<\/p>\n<p>&#13;<br \/>\n&#13;<\/p>\n<p>PVC-siinidel liigutatavad istmed<\/p>\n<p>&#13;<br \/>\n&#13;<\/p>\n<p>&nbsp;<\/p>\n<p>&#13;<br \/>\n&#13;<\/p>\n<p>Kokkuk\u00e4ivad aerud 132 cm<\/p>\n<p>&#13;<br \/>\n&#13;<\/p>\n<p>Mereveekindlast vineerist p\u00f5hjaplaadid<\/p>\n<p>&#13;<br \/>\n&#13;<\/p>\n<p>Mootorikinnitus<\/p>\n<p>&#13;<br \/>\n&#13;<\/p>\n<p>Turvak\u00f6is<\/p>\n<p>&#13;<br \/>\n&#13;<\/p>\n<p>Pingutusn\u00f6\u00f6r<\/p>\n<p>&#13;<br \/>\n&#13;<\/p>\n<p>Kaks D-kujulist kinnitusr\u00f5ngast<\/p>\n<p>&#13;<br \/>\n&#13;<\/p>\n<p>Paadi kandekott<\/p>\n<p>&#13;<br \/>\n&#13;<\/p>\n<p>Remondikomplekt (liim, PVC-materjalist paigad)<\/p>\n<p>&#13;<br \/>\n&#13;<\/p>\n<p>&nbsp;<\/p>\n<p>&#13;<br \/>\n&#13;<\/p>\n<p><strong>CE-kategooria: D<\/strong><\/p>\n<p>&#13;<br \/>\n&#13;<\/p>\n<p>&nbsp;<\/p>\n<p>&#13;<\/p>\n","protected":false},"featured_media":20490,"template":"","meta":{"_acf_changed":false,"slim_seo":{"title":"INFLATABLE BOAT- PROMARINE IBP300 - veneilij&auml;n verkkokauppa-Venetarvikkeet","description":"Peamised omadused: &#13; &#13; &nbsp; &#13; &#13; Paadi pikkus: 300 cm &#13; &#13; Paadi laius: 136 cm &#13; &#13; \u00d5hupontoonide l\u00e4bim\u00f5\u00f5t: 38 mm &#13; &#13; Kan"}},"product_brand":[],"product_cat":[953,909],"product_tag":[1862,4659,2716],"giftcard-category":[],"class_list":{"0":"post-27807","1":"product","2":"type-product","3":"status-publish","4":"has-post-thumbnail","6":"product_cat-inflatable-boats","7":"product_cat-inflatable-boats-and-accessories","8":"product_tag-antifouling","9":"product_tag-olive-green","10":"product_tag-pro-marine","11":"product_shipping_class-boats-and-engines","12":"pa_color-grey","13":"pa_producer-pro-marine","14":"pa_unit-pcs","16":"first","17":"onbackorder","18":"purchasable","19":"product-type-simple"},"acf":[],"_links":{"self":[{"href":"https:\/\/veneilytarvikekauppa.fi\/en\/wp-json\/wp\/v2\/product\/27807","targetHints":{"allow":["GET"]}}],"collection":[{"href":"https:\/\/veneilytarvikekauppa.fi\/en\/wp-json\/wp\/v2\/product"}],"about":[{"href":"https:\/\/veneilytarvikekauppa.fi\/en\/wp-json\/wp\/v2\/types\/product"}],"wp:featuredmedia":[{"embeddable":true,"href":"https:\/\/veneilytarvikekauppa.fi\/en\/wp-json\/wp\/v2\/media\/20490"}],"wp:attachment":[{"href":"https:\/\/veneilytarvikekauppa.fi\/en\/wp-json\/wp\/v2\/media?parent=27807"}],"wp:term":[{"taxonomy":"product_brand","embeddable":true,"href":"https:\/\/veneilytarvikekauppa.fi\/en\/wp-json\/wp\/v2\/product_brand?post=27807"},{"taxonomy":"product_cat","embeddable":true,"href":"https:\/\/veneilytarvikekauppa.fi\/en\/wp-json\/wp\/v2\/product_cat?post=27807"},{"taxonomy":"product_tag","embeddable":true,"href":"https:\/\/veneilytarvikekauppa.fi\/en\/wp-json\/wp\/v2\/product_tag?post=27807"},{"taxonomy":"giftcard-category","embeddable":true,"href":"https:\/\/veneilytarvikekauppa.fi\/en\/wp-json\/wp\/v2\/giftcard-category?post=27807"}],"curies":[{"name":"wp","href":"https:\/\/api.w.org\/{rel}","templated":true}]}}