{"id":27867,"date":"2024-08-06T07:30:34","date_gmt":"2024-08-06T05:30:34","guid":{"rendered":"https:\/\/veneilytarvikekauppa.promarinetrade.fi\/product\/antifouling-teamac-protector-ii-black-25-l\/"},"modified":"2026-04-11T09:30:08","modified_gmt":"2026-04-11T07:30:08","slug":"antifouling-teamac-protector-ii-black-25-l","status":"publish","type":"product","link":"https:\/\/veneilytarvikekauppa.fi\/en\/shop\/antifouling-teamac-protector-ii-black-25-l\/","title":{"rendered":"ANTIFOULING- TEAMAC PROTECTOR II, BLACK, 2,5 l"},"content":{"rendered":"<p>Teamac Protector II is a cruiser grade antifouling offering excellent value. For domestic and commercial craft&nbsp;which provides a scrub able surface for seasonal protection. Boat speeds 25-30 knots. Coverage: 10 m2\/l, number of coats: 2 by brush\/roller.<\/p>\n<p>&#13;<\/p>\n","protected":false},"excerpt":{"rendered":"<h2>&nbsp;<\/h2>\n<p>&#13;<br \/>\n&#13;<\/p>\n<h2><span style=\"color:#FF0000\"><span style=\"font-size:24px\">TOODE L\u00c4BI M\u00dc\u00dcDUD !<\/span><\/span><\/h2>\n<p>&#13;<br \/>\n&#13;<\/p>\n<h2><span style=\"font-size:20px\"><span style=\"color:#FF0000\">Vaata alternatiive:<\/span><\/span><\/h2>\n<p>&#13;<br \/>\n&#13;<\/p>\n<h2><a href=\"https:\/\/www.promarinetrade.com\/murkvarvid\/6772\/M%C3%9CRKV%C3%84RV-+TEAMAC+ANTIFOULING+D%2B%2C+MUST%2C+2%2C5+l-TE-AFD-BLACK_2.5.html\"><span style=\"font-size:18px\">TEAMAC ANTIFOULING D+<\/span><\/a><\/h2>\n<p>&#13;<br \/>\n&#13;<\/p>\n<h2><a href=\"https:\/\/www.promarinetrade.com\/murkvarvid\/3157\/M%C3%9CRKV%C3%84RV-+INTERNATIONAL+TRILUX%2C+MUST%2C+2%2C5+l-W50427_2.5.html\"><span style=\"font-size:18px\">INTERNATIONAL TRILUX<\/span><\/a><\/h2>\n<p>&#13;<br \/>\n&#13;<\/p>\n<p>&nbsp;<\/p>\n<p>&#13;<br \/>\n&#13;<\/p>\n<p>&nbsp;<\/p>\n<p>&#13;<br \/>\n&#13;<\/p>\n<p><iframe loading=\"lazy\" allowfullscreen=\"\" frameborder=\"0\" height=\"360\" src=\"\/\/www.youtube.com\/embed\/xGkD1WE1jls\" width=\"640\"><\/iframe><\/p>\n<p>&#13;<\/p>\n","protected":false},"featured_media":20646,"template":"","meta":{"_acf_changed":false,"slim_seo":{"title":"ANTIFOULING- TEAMAC PROTECTOR II, BLACK, 2,5 l - veneilij&auml;n verkkokauppa-Venetarvikkeet","description":"&nbsp; &#13; &#13; TOODE L\u00c4BI M\u00dc\u00dcDUD ! &#13; &#13; Vaata alternatiive: &#13; &#13; TEAMAC ANTIFOULING D+ &#13; &#13; INTERNATIONAL TRILUX &#13; &#13; &nbsp; &#1"}},"product_brand":[6603],"product_cat":[893,888],"product_tag":[3813,4666,2082],"giftcard-category":[],"class_list":{"0":"post-27867","1":"product","2":"type-product","3":"status-publish","4":"has-post-thumbnail","6":"product_brand-teamac","7":"product_cat-antifoulings","8":"product_cat-boat-painting","9":"product_tag-black","10":"product_tag-fresh-water-tank","11":"product_tag-teal-mackrill-ltd","12":"product_shipping_class-koguse-arvutus-en","13":"pa_color-black","14":"pa_producer-teal-mackrill-ltd","15":"pa_unit-l","17":"first","18":"instock","19":"purchasable","20":"product-type-simple"},"acf":[],"_links":{"self":[{"href":"https:\/\/veneilytarvikekauppa.fi\/en\/wp-json\/wp\/v2\/product\/27867","targetHints":{"allow":["GET"]}}],"collection":[{"href":"https:\/\/veneilytarvikekauppa.fi\/en\/wp-json\/wp\/v2\/product"}],"about":[{"href":"https:\/\/veneilytarvikekauppa.fi\/en\/wp-json\/wp\/v2\/types\/product"}],"wp:featuredmedia":[{"embeddable":true,"href":"https:\/\/veneilytarvikekauppa.fi\/en\/wp-json\/wp\/v2\/media\/20646"}],"wp:attachment":[{"href":"https:\/\/veneilytarvikekauppa.fi\/en\/wp-json\/wp\/v2\/media?parent=27867"}],"wp:term":[{"taxonomy":"product_brand","embeddable":true,"href":"https:\/\/veneilytarvikekauppa.fi\/en\/wp-json\/wp\/v2\/product_brand?post=27867"},{"taxonomy":"product_cat","embeddable":true,"href":"https:\/\/veneilytarvikekauppa.fi\/en\/wp-json\/wp\/v2\/product_cat?post=27867"},{"taxonomy":"product_tag","embeddable":true,"href":"https:\/\/veneilytarvikekauppa.fi\/en\/wp-json\/wp\/v2\/product_tag?post=27867"},{"taxonomy":"giftcard-category","embeddable":true,"href":"https:\/\/veneilytarvikekauppa.fi\/en\/wp-json\/wp\/v2\/giftcard-category?post=27867"}],"curies":[{"name":"wp","href":"https:\/\/api.w.org\/{rel}","templated":true}]}}