{"id":28073,"date":"2024-08-06T07:52:30","date_gmt":"2024-08-06T05:52:30","guid":{"rendered":"https:\/\/veneilytarvikekauppa.promarinetrade.fi\/product\/self-inflatable-lifejacket-crewfit-165-n-sport-automatic\/"},"modified":"2026-04-06T07:01:20","modified_gmt":"2026-04-06T05:01:20","slug":"self-inflatable-lifejacket-crewfit-165-n-sport-automatic-2","status":"publish","type":"product","link":"https:\/\/veneilytarvikekauppa.fi\/en\/shop\/self-inflatable-lifejacket-crewfit-165-n-sport-automatic-2\/","title":{"rendered":"SELF-INFLATABLE LIFEJACKET- CREWFIT 165 N SPORT, AUTOMATIC"},"content":{"rendered":"<p>The Crewfit 165 N Sport uses the latest 3D technology, ensuring maximum comfort levels. Entry level to the 3D range, the Crewfit 165 N Sport has the essential features to ensure the recreational user remains safe when out on the water. Key Features: ISO 12402-3 (150 N) approved but with superior buoyancy (165 N) to float you higher in the water; Designed with a Peninsular Chin support, to keep your airway well clear of the water whatever the conditions; Attachment point for Crewsaver Surface Light; Robust outer cover for durability; UML MK5 Automatic or Halkey Roberts 840 Manual operating heads; Centre buckle adjuster; Crotch strap; Oral Tube; Whistle; Reflective tape.<\/p>\n","protected":false},"excerpt":{"rendered":"<p><img decoding=\"async\" alt=\"\" src=\"\/bw_client_files\/promarine\/public\/img\/Image\/Symbols-Tips-icon.png\" style=\"cursor:default; font-family:arial,tahoma; font-size:12px; height:30px; width:30px\" \/><strong>Tutvu l\u00e4hemalt ka iset\u00e4ituvate p\u00e4\u00e4stevestide KONTROLLI ja TAATLEMISE tingimustega<\/strong><span style=\"font-size:12px\">&nbsp;<\/span><strong><a href=\"https:\/\/www.promarinetrade.com\/isetaituvate-paastevestide-kontroll-ja-taatlemine\"><span style=\"color:rgb(255, 0, 0)\">SIIT<\/span><\/a><\/strong><\/p>\n<p>&#13;<br \/>\n&#13;<\/p>\n<p>&nbsp;<\/p>\n<p>&#13;<br \/>\n&#13;<\/p>\n<p><iframe loading=\"lazy\" allowfullscreen=\"\" frameborder=\"0\" height=\"360\" src=\"\/\/www.youtube.com\/embed\/tpuX4MoC_Bg?rel=0\" width=\"640\"><\/iframe><\/p>\n<p>&#13;<br \/>\n&#13;<\/p>\n<p>&nbsp;<\/p>\n<p>&#13;<\/p>\n","protected":false},"featured_media":21369,"template":"","meta":{"_acf_changed":false,"slim_seo":{"title":"SELF-INFLATABLE LIFEJACKET- CREWFIT 165 N SPORT, AUTOMATIC - veneilij&auml;n verkkokauppa-Venetarvikkeet","description":"Tutvu l\u00e4hemalt ka iset\u00e4ituvate p\u00e4\u00e4stevestide KONTROLLI ja TAATLEMISE tingimustega &nbsp; SIIT &#13; &#13; &nbsp; &#13; &#13; &#13; &#13; &nbsp; &#13;"}},"product_brand":[],"product_cat":[895,889,7318],"product_tag":[3812,2315,4700],"giftcard-category":[],"class_list":{"0":"post-28073","1":"product","2":"type-product","3":"status-publish","4":"has-post-thumbnail","6":"product_cat-lifejackets","7":"product_cat-safety","8":"product_cat-sale-under-250","9":"product_tag-blue","10":"product_tag-crewsaver","11":"product_tag-tactical-foodpack","12":"pa_color-blue","13":"pa_producer-crewsaver","14":"pa_unit-pcs","16":"first","17":"instock","18":"purchasable","19":"product-type-simple"},"acf":[],"_links":{"self":[{"href":"https:\/\/veneilytarvikekauppa.fi\/en\/wp-json\/wp\/v2\/product\/28073","targetHints":{"allow":["GET"]}}],"collection":[{"href":"https:\/\/veneilytarvikekauppa.fi\/en\/wp-json\/wp\/v2\/product"}],"about":[{"href":"https:\/\/veneilytarvikekauppa.fi\/en\/wp-json\/wp\/v2\/types\/product"}],"wp:featuredmedia":[{"embeddable":true,"href":"https:\/\/veneilytarvikekauppa.fi\/en\/wp-json\/wp\/v2\/media\/21369"}],"wp:attachment":[{"href":"https:\/\/veneilytarvikekauppa.fi\/en\/wp-json\/wp\/v2\/media?parent=28073"}],"wp:term":[{"taxonomy":"product_brand","embeddable":true,"href":"https:\/\/veneilytarvikekauppa.fi\/en\/wp-json\/wp\/v2\/product_brand?post=28073"},{"taxonomy":"product_cat","embeddable":true,"href":"https:\/\/veneilytarvikekauppa.fi\/en\/wp-json\/wp\/v2\/product_cat?post=28073"},{"taxonomy":"product_tag","embeddable":true,"href":"https:\/\/veneilytarvikekauppa.fi\/en\/wp-json\/wp\/v2\/product_tag?post=28073"},{"taxonomy":"giftcard-category","embeddable":true,"href":"https:\/\/veneilytarvikekauppa.fi\/en\/wp-json\/wp\/v2\/giftcard-category?post=28073"}],"curies":[{"name":"wp","href":"https:\/\/api.w.org\/{rel}","templated":true}]}}