{"id":28277,"date":"2024-08-06T08:03:55","date_gmt":"2024-08-06T06:03:55","guid":{"rendered":"https:\/\/veneilytarvikekauppa.promarinetrade.fi\/product\/anchor-windlass-lewmar-v700-stainless-steel-320-w\/"},"modified":"2026-04-06T07:01:51","modified_gmt":"2026-04-06T05:01:51","slug":"anchor-windlass-lewmar-v700-stainless-steel-320-w","status":"publish","type":"product","link":"https:\/\/veneilytarvikekauppa.fi\/en\/shop\/anchor-windlass-lewmar-v700-stainless-steel-320-w\/","title":{"rendered":"ANCHOR WINDLASS, LEWMAR V700, STAINLESS STEEL, 320 W"},"content":{"rendered":"<p>Lewmar V700 series stainless steel windlass, suitable for lightweight boats 6-9 m. Easy to install. V700 has Fall Safe anchor lock. Windlass includes bridge control, solenoid, circuit breaker, clutch release lever, fast mounting studs, template and gasket. V700 is ready to fit chain counter sensor.<\/p>\n","protected":false},"excerpt":{"rendered":"<p><strong>Tehnilised andmed<\/strong><\/p>\n<p>&#13;<br \/>\n&#13;<\/p>\n<p>Toide \u2013 12 V<\/p>\n<p>&#13;<br \/>\n&#13;<\/p>\n<p>V\u00f5imsus \u2013 320 W<\/p>\n<p>&#13;<br \/>\n&#13;<\/p>\n<p>Keti l\u00e4bim\u00f5\u00f5t \u2013 6 mm<\/p>\n<p>&#13;<br \/>\n&#13;<\/p>\n<p>Otsa l\u00e4bim\u00f5\u00f5t \u2013 12 mm<\/p>\n<p>&#13;<br \/>\n&#13;<\/p>\n<p>Max koormus \u2013 320 kg<\/p>\n<p>&#13;<br \/>\n&#13;<\/p>\n<p>T\u00f6\u00f6koormus \u2013 79 kg<\/p>\n<p>&#13;<br \/>\n&#13;<\/p>\n<p>Max t\u00f5mbekiirus \u2013 25 m\/min<\/p>\n<p>&#13;<br \/>\n&#13;<\/p>\n<p>Pinge \u2013 45 A<\/p>\n<p>&#13;<br \/>\n&#13;<\/p>\n<p>Kaal \u2013 6,5 kg<\/p>\n<p>&#13;<\/p>\n","protected":false},"featured_media":21773,"template":"","meta":{"_acf_changed":false,"slim_seo":{"title":"ANCHOR WINDLASS, LEWMAR V700, STAINLESS STEEL, 320 W - veneilij&auml;n verkkokauppa-Venetarvikkeet","description":"Tehnilised andmed &#13; &#13; Toide \u2013 12 V &#13; &#13; V\u00f5imsus \u2013 320 W &#13; &#13; Keti l\u00e4bim\u00f5\u00f5t \u2013 6 mm &#13; &#13; Otsa l\u00e4bim\u00f5\u00f5t \u2013 12 mm &#13; &#13; Max koormu"}},"product_brand":[6594],"product_cat":[1048,905],"product_tag":[1822,6593],"giftcard-category":[],"class_list":{"0":"post-28277","1":"product","2":"type-product","3":"status-publish","4":"has-post-thumbnail","6":"product_brand-lewmar","7":"product_cat-anchor-winches","8":"product_cat-anchors-chains-wires","9":"product_tag-lewmar","10":"product_tag-yksittainen-lohko-en","11":"pa_producer-lewmar","12":"pa_unit-kit","14":"first","15":"onbackorder","16":"purchasable","17":"product-type-simple"},"acf":[],"_links":{"self":[{"href":"https:\/\/veneilytarvikekauppa.fi\/en\/wp-json\/wp\/v2\/product\/28277","targetHints":{"allow":["GET"]}}],"collection":[{"href":"https:\/\/veneilytarvikekauppa.fi\/en\/wp-json\/wp\/v2\/product"}],"about":[{"href":"https:\/\/veneilytarvikekauppa.fi\/en\/wp-json\/wp\/v2\/types\/product"}],"wp:featuredmedia":[{"embeddable":true,"href":"https:\/\/veneilytarvikekauppa.fi\/en\/wp-json\/wp\/v2\/media\/21773"}],"wp:attachment":[{"href":"https:\/\/veneilytarvikekauppa.fi\/en\/wp-json\/wp\/v2\/media?parent=28277"}],"wp:term":[{"taxonomy":"product_brand","embeddable":true,"href":"https:\/\/veneilytarvikekauppa.fi\/en\/wp-json\/wp\/v2\/product_brand?post=28277"},{"taxonomy":"product_cat","embeddable":true,"href":"https:\/\/veneilytarvikekauppa.fi\/en\/wp-json\/wp\/v2\/product_cat?post=28277"},{"taxonomy":"product_tag","embeddable":true,"href":"https:\/\/veneilytarvikekauppa.fi\/en\/wp-json\/wp\/v2\/product_tag?post=28277"},{"taxonomy":"giftcard-category","embeddable":true,"href":"https:\/\/veneilytarvikekauppa.fi\/en\/wp-json\/wp\/v2\/giftcard-category?post=28277"}],"curies":[{"name":"wp","href":"https:\/\/api.w.org\/{rel}","templated":true}]}}