{"id":28278,"date":"2024-08-06T08:04:03","date_gmt":"2024-08-06T06:04:03","guid":{"rendered":"https:\/\/veneilytarvikekauppa.promarinetrade.fi\/product\/anchor-windlass-pro-series-1000-s-s-700-w-for-6-mm-chain\/"},"modified":"2026-04-06T07:01:51","modified_gmt":"2026-04-06T05:01:51","slug":"anchor-windlass-pro-series-1000-s-s-700-w-for-6-mm-chain","status":"publish","type":"product","link":"https:\/\/veneilytarvikekauppa.fi\/en\/shop\/anchor-windlass-pro-series-1000-s-s-700-w-for-6-mm-chain\/","title":{"rendered":"ANCHOR WINDLASS, PRO-series 1000, S\/S, 700 W, FOR 6 mm CHAIN"},"content":{"rendered":"<p>Lewmar Pro-series 1000 stainless steel windlass that is easy to install. Efficient and reliable, faster line speed than most equivalent products. Built-in manual recovery system with use of included socket wrench. 5-years warranty. It includes: bridge control, solenoid, circuit breaker, clutch release lever, fast mountings studs, template and gasket. Ready to fit chain counter sensor. Ideal for shipyards for fast installation, quality and style. Also perfect for the aftermarket for its all-inclusive package and DIY mounting. For boats 9-12 m.<\/p>\n<p>&#13;<\/p>\n","protected":false},"excerpt":{"rendered":"<p><strong>Tehnilised andmed<\/strong><\/p>\n<p>&#13;<br \/>\n&#13;<\/p>\n<p>Toide \u2013 12 V<\/p>\n<p>&#13;<br \/>\n&#13;<\/p>\n<p>V\u00f5imsus \u2013 700 W<\/p>\n<p>&#13;<br \/>\n&#13;<\/p>\n<p>Keti l\u00e4bim\u00f5\u00f5t \u2013 6 mm<\/p>\n<p>&#13;<br \/>\n&#13;<\/p>\n<p>Otsa l\u00e4bim\u00f5\u00f5t \u2013 12 mm<\/p>\n<p>&#13;<br \/>\n&#13;<\/p>\n<p>Max koormus \u2013 454 kg<\/p>\n<p>&#13;<br \/>\n&#13;<\/p>\n<p>T\u00f6\u00f6koormus \u2013 113 kg<\/p>\n<p>&#13;<br \/>\n&#13;<\/p>\n<p>Max t\u00f5mbekiirus \u2013 32 m\/min<\/p>\n<p>&#13;<br \/>\n&#13;<\/p>\n<p>Pinge \u2013 50 A<\/p>\n<p>&#13;<br \/>\n&#13;<\/p>\n<p>Kaal \u2013 9,5 kg<\/p>\n<p>&#13;<\/p>\n","protected":false},"featured_media":21784,"template":"","meta":{"_acf_changed":false,"slim_seo":{"title":"ANCHOR WINDLASS, PRO-series 1000, S\/S, 700 W, FOR 6 mm CHAIN - veneilij&auml;n verkkokauppa-Venetarvikkeet","description":"Tehnilised andmed &#13; &#13; Toide \u2013 12 V &#13; &#13; V\u00f5imsus \u2013 700 W &#13; &#13; Keti l\u00e4bim\u00f5\u00f5t \u2013 6 mm &#13; &#13; Otsa l\u00e4bim\u00f5\u00f5t \u2013 12 mm &#13; &#13; Max koormu"}},"product_brand":[6594],"product_cat":[1048,905],"product_tag":[1822,6593],"giftcard-category":[],"class_list":{"0":"post-28278","1":"product","2":"type-product","3":"status-publish","4":"has-post-thumbnail","6":"product_brand-lewmar","7":"product_cat-anchor-winches","8":"product_cat-anchors-chains-wires","9":"product_tag-lewmar","10":"product_tag-yksittainen-lohko-en","11":"pa_producer-lewmar","12":"pa_unit-kit","14":"first","15":"onbackorder","16":"purchasable","17":"product-type-simple"},"acf":[],"_links":{"self":[{"href":"https:\/\/veneilytarvikekauppa.fi\/en\/wp-json\/wp\/v2\/product\/28278","targetHints":{"allow":["GET"]}}],"collection":[{"href":"https:\/\/veneilytarvikekauppa.fi\/en\/wp-json\/wp\/v2\/product"}],"about":[{"href":"https:\/\/veneilytarvikekauppa.fi\/en\/wp-json\/wp\/v2\/types\/product"}],"wp:featuredmedia":[{"embeddable":true,"href":"https:\/\/veneilytarvikekauppa.fi\/en\/wp-json\/wp\/v2\/media\/21784"}],"wp:attachment":[{"href":"https:\/\/veneilytarvikekauppa.fi\/en\/wp-json\/wp\/v2\/media?parent=28278"}],"wp:term":[{"taxonomy":"product_brand","embeddable":true,"href":"https:\/\/veneilytarvikekauppa.fi\/en\/wp-json\/wp\/v2\/product_brand?post=28278"},{"taxonomy":"product_cat","embeddable":true,"href":"https:\/\/veneilytarvikekauppa.fi\/en\/wp-json\/wp\/v2\/product_cat?post=28278"},{"taxonomy":"product_tag","embeddable":true,"href":"https:\/\/veneilytarvikekauppa.fi\/en\/wp-json\/wp\/v2\/product_tag?post=28278"},{"taxonomy":"giftcard-category","embeddable":true,"href":"https:\/\/veneilytarvikekauppa.fi\/en\/wp-json\/wp\/v2\/giftcard-category?post=28278"}],"curies":[{"name":"wp","href":"https:\/\/api.w.org\/{rel}","templated":true}]}}