{"id":28280,"date":"2024-08-06T08:04:24","date_gmt":"2024-08-06T06:04:24","guid":{"rendered":"https:\/\/veneilytarvikekauppa.promarinetrade.fi\/product\/anchor-windlass-lewmar-hx1-go-aluminium-500-w-for-chain-6-mm\/"},"modified":"2026-04-06T07:01:52","modified_gmt":"2026-04-06T05:01:52","slug":"anchor-windlass-lewmar-hx1-go-aluminium-500-w-for-chain-6-mm","status":"publish","type":"product","link":"https:\/\/veneilytarvikekauppa.fi\/en\/shop\/anchor-windlass-lewmar-hx1-go-aluminium-500-w-for-chain-6-mm\/","title":{"rendered":"ANCHOR WINDLASS, LEWMAR HX1 GO, ALUMINIUM, 500 W, FOR CHAIN 6 mm"},"content":{"rendered":"<p>The HX range offers a completely new project both inside and outside. The result is a new, robust and reliable windlass with in-line motor and worm wheel gearbox. The HX range features an aluminium case designed to resist years. Covers are made of polymer. Silent under load.<\/p>\n<p>&#13;<\/p>\n","protected":false},"excerpt":{"rendered":"<p><strong>Tehnilised andmed<\/strong><\/p>\n<p>&#13;<br \/>\n&#13;<\/p>\n<p>Toide \u2013 12 V<\/p>\n<p>&#13;<br \/>\n&#13;<\/p>\n<p>V\u00f5imsus \u2013 500 W<\/p>\n<p>&#13;<br \/>\n&#13;<\/p>\n<p>Keti l\u00e4bim\u00f5\u00f5t \u2013 6-7 mm<\/p>\n<p>&#13;<br \/>\n&#13;<\/p>\n<p>Otsa l\u00e4bim\u00f5\u00f5t \u2013 12-16 mm<\/p>\n<p>&#13;<br \/>\n&#13;<\/p>\n<p>Max koormus \u2013 700 kg<\/p>\n<p>&#13;<br \/>\n&#13;<\/p>\n<p>T\u00f6\u00f6koormus \u2013 175 kg<\/p>\n<p>&#13;<br \/>\n&#13;<\/p>\n<p>Max t\u00f5mbekiirus \u2013 20 m\/min<\/p>\n<p>&#13;<br \/>\n&#13;<\/p>\n<p>Pinge \u2013 75 A<\/p>\n<p>&#13;<br \/>\n&#13;<\/p>\n<p>Kaal \u2013 9,5 kg<\/p>\n<p>&#13;<\/p>\n","protected":false},"featured_media":21790,"template":"","meta":{"_acf_changed":false,"slim_seo":{"title":"ANCHOR WINDLASS, LEWMAR HX1 GO, ALUMINIUM, 500 W, FOR CHAIN 6 mm - veneilij&auml;n verkkokauppa-Venetarvikkeet","description":"Tehnilised andmed &#13; &#13; Toide \u2013 12 V &#13; &#13; V\u00f5imsus \u2013 500 W &#13; &#13; Keti l\u00e4bim\u00f5\u00f5t \u2013 6-7 mm &#13; &#13; Otsa l\u00e4bim\u00f5\u00f5t \u2013 12-16 mm &#13; &#13; Max k"}},"product_brand":[6594],"product_cat":[1048,905],"product_tag":[1822,6593],"giftcard-category":[],"class_list":{"0":"post-28280","1":"product","2":"type-product","3":"status-publish","4":"has-post-thumbnail","6":"product_brand-lewmar","7":"product_cat-anchor-winches","8":"product_cat-anchors-chains-wires","9":"product_tag-lewmar","10":"product_tag-yksittainen-lohko-en","11":"pa_producer-lewmar","12":"pa_unit-kit","14":"first","15":"onbackorder","16":"purchasable","17":"product-type-simple"},"acf":[],"_links":{"self":[{"href":"https:\/\/veneilytarvikekauppa.fi\/en\/wp-json\/wp\/v2\/product\/28280","targetHints":{"allow":["GET"]}}],"collection":[{"href":"https:\/\/veneilytarvikekauppa.fi\/en\/wp-json\/wp\/v2\/product"}],"about":[{"href":"https:\/\/veneilytarvikekauppa.fi\/en\/wp-json\/wp\/v2\/types\/product"}],"wp:featuredmedia":[{"embeddable":true,"href":"https:\/\/veneilytarvikekauppa.fi\/en\/wp-json\/wp\/v2\/media\/21790"}],"wp:attachment":[{"href":"https:\/\/veneilytarvikekauppa.fi\/en\/wp-json\/wp\/v2\/media?parent=28280"}],"wp:term":[{"taxonomy":"product_brand","embeddable":true,"href":"https:\/\/veneilytarvikekauppa.fi\/en\/wp-json\/wp\/v2\/product_brand?post=28280"},{"taxonomy":"product_cat","embeddable":true,"href":"https:\/\/veneilytarvikekauppa.fi\/en\/wp-json\/wp\/v2\/product_cat?post=28280"},{"taxonomy":"product_tag","embeddable":true,"href":"https:\/\/veneilytarvikekauppa.fi\/en\/wp-json\/wp\/v2\/product_tag?post=28280"},{"taxonomy":"giftcard-category","embeddable":true,"href":"https:\/\/veneilytarvikekauppa.fi\/en\/wp-json\/wp\/v2\/giftcard-category?post=28280"}],"curies":[{"name":"wp","href":"https:\/\/api.w.org\/{rel}","templated":true}]}}