{"id":28284,"date":"2024-08-06T08:04:57","date_gmt":"2024-08-06T06:04:57","guid":{"rendered":"https:\/\/veneilytarvikekauppa.promarinetrade.fi\/product\/anchor-windlass-lewmar-v1-go-s-s-700-w-for-6-mm-chain\/"},"modified":"2026-04-22T12:00:32","modified_gmt":"2026-04-22T10:00:32","slug":"anchor-windlass-lewmar-v1-go-s-s-700-w-for-6-mm-chain","status":"publish","type":"product","link":"https:\/\/veneilytarvikekauppa.fi\/en\/shop\/anchor-windlass-lewmar-v1-go-s-s-700-w-for-6-mm-chain\/","title":{"rendered":"ANCHOR WINDLASS, LEWMAR V1 GO, S\/S, 700 W, FOR 6 mm CHAIN"},"content":{"rendered":"<p>The world&#8217;s first series of windlasses for pleasure boating made with precision-cast stainless steel deck unit. It&#8217;s modern look and excellent material quality make the Lewmar V-series on of the most beautiful lines of windlasses in the world.Package inludes gypsy, deck unit, FastFit new patented motor mountung option for quicker installation, switch, solenoid, circuit breaker and clutch release lever. Ready to fit chain counter sensor.<\/p>\n","protected":false},"excerpt":{"rendered":"<p><strong>Tehnilised andmed<\/strong><\/p>\n<p>&#13;<br \/>\n&#13;<\/p>\n<p>Toide \u2013 12 V<\/p>\n<p>&#13;<br \/>\n&#13;<\/p>\n<p>V\u00f5imsus \u2013 700 W<\/p>\n<p>&#13;<br \/>\n&#13;<\/p>\n<p>Keti l\u00e4bim\u00f5\u00f5t \u2013 6 mm<\/p>\n<p>&#13;<br \/>\n&#13;<\/p>\n<p>Otsa l\u00e4bim\u00f5\u00f5t \u2013 12-14 mm<\/p>\n<p>&#13;<br \/>\n&#13;<\/p>\n<p>Max koormus \u2013 454 kg<\/p>\n<p>&#13;<br \/>\n&#13;<\/p>\n<p>T\u00f6\u00f6koormus \u2013 113 kg<\/p>\n<p>&#13;<br \/>\n&#13;<\/p>\n<p>Max t\u00f5mbekiirus \u2013 19 m\/min<\/p>\n<p>&#13;<br \/>\n&#13;<\/p>\n<p>Pinge \u2013 80 A<\/p>\n<p>&#13;<br \/>\n&#13;<\/p>\n<p>Kaal \u2013 16,5 kg<\/p>\n<p>&#13;<\/p>\n","protected":false},"featured_media":21802,"template":"","meta":{"_acf_changed":false,"slim_seo":{"title":"ANCHOR WINDLASS, LEWMAR V1 GO, S\/S, 700 W, FOR 6 mm CHAIN - veneilij&auml;n verkkokauppa-Venetarvikkeet","description":"Tehnilised andmed &#13; &#13; Toide \u2013 12 V &#13; &#13; V\u00f5imsus \u2013 700 W &#13; &#13; Keti l\u00e4bim\u00f5\u00f5t \u2013 6 mm &#13; &#13; Otsa l\u00e4bim\u00f5\u00f5t \u2013 12-14 mm &#13; &#13; Max koo"}},"product_brand":[6594],"product_cat":[1048,905],"product_tag":[4723,1822],"giftcard-category":[],"class_list":{"0":"post-28284","1":"product","2":"type-product","3":"status-publish","4":"has-post-thumbnail","6":"product_brand-lewmar","7":"product_cat-anchor-winches","8":"product_cat-anchors-chains-wires","9":"product_tag-double-block-with","10":"product_tag-lewmar","11":"pa_producer-lewmar","12":"pa_unit-kit","14":"first","15":"onbackorder","16":"purchasable","17":"product-type-simple"},"acf":[],"_links":{"self":[{"href":"https:\/\/veneilytarvikekauppa.fi\/en\/wp-json\/wp\/v2\/product\/28284","targetHints":{"allow":["GET"]}}],"collection":[{"href":"https:\/\/veneilytarvikekauppa.fi\/en\/wp-json\/wp\/v2\/product"}],"about":[{"href":"https:\/\/veneilytarvikekauppa.fi\/en\/wp-json\/wp\/v2\/types\/product"}],"wp:featuredmedia":[{"embeddable":true,"href":"https:\/\/veneilytarvikekauppa.fi\/en\/wp-json\/wp\/v2\/media\/21802"}],"wp:attachment":[{"href":"https:\/\/veneilytarvikekauppa.fi\/en\/wp-json\/wp\/v2\/media?parent=28284"}],"wp:term":[{"taxonomy":"product_brand","embeddable":true,"href":"https:\/\/veneilytarvikekauppa.fi\/en\/wp-json\/wp\/v2\/product_brand?post=28284"},{"taxonomy":"product_cat","embeddable":true,"href":"https:\/\/veneilytarvikekauppa.fi\/en\/wp-json\/wp\/v2\/product_cat?post=28284"},{"taxonomy":"product_tag","embeddable":true,"href":"https:\/\/veneilytarvikekauppa.fi\/en\/wp-json\/wp\/v2\/product_tag?post=28284"},{"taxonomy":"giftcard-category","embeddable":true,"href":"https:\/\/veneilytarvikekauppa.fi\/en\/wp-json\/wp\/v2\/giftcard-category?post=28284"}],"curies":[{"name":"wp","href":"https:\/\/api.w.org\/{rel}","templated":true}]}}