{"id":28287,"date":"2024-08-06T08:05:19","date_gmt":"2024-08-06T06:05:19","guid":{"rendered":"https:\/\/veneilytarvikekauppa.promarinetrade.fi\/product\/anchor-windlass-quick-ultra-genius-gp2-ff-freefall-800-w-for-chain-6-mm\/"},"modified":"2026-04-06T07:01:56","modified_gmt":"2026-04-06T05:01:56","slug":"anchor-windlass-quick-ultra-genius-gp2-ff-freefall-800-w-for-chain-6-mm","status":"publish","type":"product","link":"https:\/\/veneilytarvikekauppa.fi\/en\/shop\/anchor-windlass-quick-ultra-genius-gp2-ff-freefall-800-w-for-chain-6-mm\/","title":{"rendered":"ANCHOR WINDLASS,  QUICK ULTRA GENIUS GP2 FF FREEFALL, 800 W, FOR CHAIN 6 mm"},"content":{"rendered":"<p>On-deck windlass in anodized aluminium in hard oxide. Rope and chain on a single gypsy. Automatic FreeFall-system, epicyclical gearbox.<\/p>\n","protected":false},"excerpt":{"rendered":"<p><strong>Tehnilised andmed<\/strong><\/p>\n<p>&#13;<br \/>\n&#13;<\/p>\n<p>Toide \u2013 12 V<\/p>\n<p>&#13;<br \/>\n&#13;<\/p>\n<p>V\u00f5imsus \u2013 800 W<\/p>\n<p>&#13;<br \/>\n&#13;<\/p>\n<p>Keti l\u00e4bim\u00f5\u00f5t \u2013 6 mm<\/p>\n<p>&#13;<br \/>\n&#13;<\/p>\n<p>Max koormus \u2013 900 kg<\/p>\n<p>&#13;<br \/>\n&#13;<\/p>\n<p>T\u00f6\u00f6koormus \u2013 120 kg<\/p>\n<p>&#13;<br \/>\n&#13;<\/p>\n<p>Max t\u00f5mbekiirus \u2013 97.1 ft\/min<\/p>\n<p>&#13;<br \/>\n&#13;<\/p>\n<p>Pinge \u2013 96 A<\/p>\n<p>&#13;<\/p>\n","protected":false},"featured_media":21806,"template":"","meta":{"_acf_changed":false,"slim_seo":{"title":"ANCHOR WINDLASS, QUICK ULTRA GENIUS GP2 FF FREEFALL, 800 W, FOR CHAIN 6 mm - veneilij&auml;n verkkokauppa-Venetarvikkeet","description":"Tehnilised andmed &#13; &#13; Toide \u2013 12 V &#13; &#13; V\u00f5imsus \u2013 800 W &#13; &#13; Keti l\u00e4bim\u00f5\u00f5t \u2013 6 mm &#13; &#13; Max koormus \u2013 900 kg &#13; &#13; T\u00f6\u00f6koormus"}},"product_brand":[],"product_cat":[1048,905],"product_tag":[4726,1828],"giftcard-category":[],"class_list":{"0":"post-28287","1":"product","2":"type-product","3":"status-publish","4":"has-post-thumbnail","6":"product_cat-anchor-winches","7":"product_cat-anchors-chains-wires","8":"product_tag-block-with-becket","9":"product_tag-quick","10":"pa_producer-quick","11":"pa_unit-kit","13":"first","14":"onbackorder","15":"purchasable","16":"product-type-simple"},"acf":[],"_links":{"self":[{"href":"https:\/\/veneilytarvikekauppa.fi\/en\/wp-json\/wp\/v2\/product\/28287","targetHints":{"allow":["GET"]}}],"collection":[{"href":"https:\/\/veneilytarvikekauppa.fi\/en\/wp-json\/wp\/v2\/product"}],"about":[{"href":"https:\/\/veneilytarvikekauppa.fi\/en\/wp-json\/wp\/v2\/types\/product"}],"wp:featuredmedia":[{"embeddable":true,"href":"https:\/\/veneilytarvikekauppa.fi\/en\/wp-json\/wp\/v2\/media\/21806"}],"wp:attachment":[{"href":"https:\/\/veneilytarvikekauppa.fi\/en\/wp-json\/wp\/v2\/media?parent=28287"}],"wp:term":[{"taxonomy":"product_brand","embeddable":true,"href":"https:\/\/veneilytarvikekauppa.fi\/en\/wp-json\/wp\/v2\/product_brand?post=28287"},{"taxonomy":"product_cat","embeddable":true,"href":"https:\/\/veneilytarvikekauppa.fi\/en\/wp-json\/wp\/v2\/product_cat?post=28287"},{"taxonomy":"product_tag","embeddable":true,"href":"https:\/\/veneilytarvikekauppa.fi\/en\/wp-json\/wp\/v2\/product_tag?post=28287"},{"taxonomy":"giftcard-category","embeddable":true,"href":"https:\/\/veneilytarvikekauppa.fi\/en\/wp-json\/wp\/v2\/giftcard-category?post=28287"}],"curies":[{"name":"wp","href":"https:\/\/api.w.org\/{rel}","templated":true}]}}