{"id":42298,"date":"2024-05-16T08:27:55","date_gmt":"2024-05-16T06:27:55","guid":{"rendered":"https:\/\/veneilytarvikekauppa.fi\/shop\/anode-zinc-propeller-nut\/"},"modified":"2026-04-06T07:11:47","modified_gmt":"2026-04-06T05:11:47","slug":"anode-zinc-propeller-nut","status":"publish","type":"product","link":"https:\/\/veneilytarvikekauppa.fi\/en\/shop\/anode-zinc-propeller-nut\/","title":{"rendered":"ANODE, ZINC, PROPELLER NUT"},"content":{"rendered":"<p>Anode Zinc Propeller nut for Flex-o-fold. Measures- B: 14mm, H: 37mm, I: 50mm, \u00d8: 70mm, \u00d81: 14mm, \u00d82: 8mm, \u00d83: 11mm.<\/p>\n","protected":false},"excerpt":{"rendered":"<p>Anode Zinc Propeller nut for Flex-o-fold. Measures- B: 14mm, H: 37mm, I: 50mm, \u00d8: 70mm, \u00d81: 14mm, \u00d82: 8mm, \u00d83: 11mm.<\/p>\n","protected":false},"featured_media":42299,"template":"","meta":{"_acf_changed":false,"slim_seo":{"title":"ANODE, ZINC, PROPELLER NUT - veneilij&auml;n verkkokauppa-Venetarvikkeet","description":"Anode Zinc Propeller nut for Flex-o-fold. Measures- B: 14mm, H: 37mm, I: 50mm, \u00d8: 70mm, \u00d81: 14mm, \u00d82: 8mm, \u00d83: 11mm."}},"product_brand":[],"product_cat":[992,908],"product_tag":[],"giftcard-category":[],"class_list":{"0":"post-42298","1":"product","2":"type-product","3":"status-publish","4":"has-post-thumbnail","6":"product_cat-anodes","7":"product_cat-motorboating-and-motor-accessories","8":"pa_unit-pcs","10":"first","11":"onbackorder","12":"purchasable","13":"product-type-simple"},"acf":[],"_links":{"self":[{"href":"https:\/\/veneilytarvikekauppa.fi\/en\/wp-json\/wp\/v2\/product\/42298","targetHints":{"allow":["GET"]}}],"collection":[{"href":"https:\/\/veneilytarvikekauppa.fi\/en\/wp-json\/wp\/v2\/product"}],"about":[{"href":"https:\/\/veneilytarvikekauppa.fi\/en\/wp-json\/wp\/v2\/types\/product"}],"wp:featuredmedia":[{"embeddable":true,"href":"https:\/\/veneilytarvikekauppa.fi\/en\/wp-json\/wp\/v2\/media\/42299"}],"wp:attachment":[{"href":"https:\/\/veneilytarvikekauppa.fi\/en\/wp-json\/wp\/v2\/media?parent=42298"}],"wp:term":[{"taxonomy":"product_brand","embeddable":true,"href":"https:\/\/veneilytarvikekauppa.fi\/en\/wp-json\/wp\/v2\/product_brand?post=42298"},{"taxonomy":"product_cat","embeddable":true,"href":"https:\/\/veneilytarvikekauppa.fi\/en\/wp-json\/wp\/v2\/product_cat?post=42298"},{"taxonomy":"product_tag","embeddable":true,"href":"https:\/\/veneilytarvikekauppa.fi\/en\/wp-json\/wp\/v2\/product_tag?post=42298"},{"taxonomy":"giftcard-category","embeddable":true,"href":"https:\/\/veneilytarvikekauppa.fi\/en\/wp-json\/wp\/v2\/giftcard-category?post=42298"}],"curies":[{"name":"wp","href":"https:\/\/api.w.org\/{rel}","templated":true}]}}