{"id":42328,"date":"2024-05-16T08:28:41","date_gmt":"2024-05-16T06:28:41","guid":{"rendered":"https:\/\/veneilytarvikekauppa.fi\/shop\/anode-aluminium-o-90-mm-heavy\/"},"modified":"2026-04-06T07:11:51","modified_gmt":"2026-04-06T05:11:51","slug":"anode-aluminium-o-90-mm-heavy","status":"publish","type":"product","link":"https:\/\/veneilytarvikekauppa.fi\/en\/shop\/anode-aluminium-o-90-mm-heavy\/","title":{"rendered":"ANODE ALUMINIUM,  \u00d8 90 MM, HEAVY"},"content":{"rendered":"<p>Aluminum anode \u00d8 90, heavy. Dimensions- Height: 3cm, Weight: 0.28kg, Depth: 9.50cm, Width: 9.50cm, H: 18mm \u00d81: 31mm, \u00d82: 8.5mm.<\/p>\n","protected":false},"excerpt":{"rendered":"<p>Aluminum anode \u00d8 90, heavy. Dimensions- Height: 3cm, Weight: 0.28kg, Depth: 9.50cm, Width: 9.50cm, H: 18mm \u00d81: 31mm, \u00d82: 8.5mm.<\/p>\n","protected":false},"featured_media":42329,"template":"","meta":{"_acf_changed":false,"slim_seo":{"title":"ANODE ALUMINIUM, \u00d8 90 MM, HEAVY - veneilij&auml;n verkkokauppa-Venetarvikkeet","description":"Aluminum anode \u00d8 90, heavy. Dimensions- Height: 3cm, Weight: 0.28kg, Depth: 9.50cm, Width: 9.50cm, H: 18mm \u00d81: 31mm, \u00d82: 8.5mm."}},"product_brand":[],"product_cat":[992,908],"product_tag":[],"giftcard-category":[],"class_list":{"0":"post-42328","1":"product","2":"type-product","3":"status-publish","4":"has-post-thumbnail","6":"product_cat-anodes","7":"product_cat-motorboating-and-motor-accessories","8":"pa_unit-pcs","10":"first","11":"onbackorder","12":"purchasable","13":"product-type-simple"},"acf":[],"_links":{"self":[{"href":"https:\/\/veneilytarvikekauppa.fi\/en\/wp-json\/wp\/v2\/product\/42328","targetHints":{"allow":["GET"]}}],"collection":[{"href":"https:\/\/veneilytarvikekauppa.fi\/en\/wp-json\/wp\/v2\/product"}],"about":[{"href":"https:\/\/veneilytarvikekauppa.fi\/en\/wp-json\/wp\/v2\/types\/product"}],"wp:featuredmedia":[{"embeddable":true,"href":"https:\/\/veneilytarvikekauppa.fi\/en\/wp-json\/wp\/v2\/media\/42329"}],"wp:attachment":[{"href":"https:\/\/veneilytarvikekauppa.fi\/en\/wp-json\/wp\/v2\/media?parent=42328"}],"wp:term":[{"taxonomy":"product_brand","embeddable":true,"href":"https:\/\/veneilytarvikekauppa.fi\/en\/wp-json\/wp\/v2\/product_brand?post=42328"},{"taxonomy":"product_cat","embeddable":true,"href":"https:\/\/veneilytarvikekauppa.fi\/en\/wp-json\/wp\/v2\/product_cat?post=42328"},{"taxonomy":"product_tag","embeddable":true,"href":"https:\/\/veneilytarvikekauppa.fi\/en\/wp-json\/wp\/v2\/product_tag?post=42328"},{"taxonomy":"giftcard-category","embeddable":true,"href":"https:\/\/veneilytarvikekauppa.fi\/en\/wp-json\/wp\/v2\/giftcard-category?post=42328"}],"curies":[{"name":"wp","href":"https:\/\/api.w.org\/{rel}","templated":true}]}}