{"id":42511,"date":"2024-05-16T08:33:07","date_gmt":"2024-05-16T06:33:07","guid":{"rendered":"https:\/\/veneilytarvikekauppa.fi\/shop\/anode-zinc-disc-type-for-rudders-o-70-mm\/"},"modified":"2026-04-22T12:10:49","modified_gmt":"2026-04-22T10:10:49","slug":"anode-zinc-disc-type-for-rudders-o-70-mm","status":"publish","type":"product","link":"https:\/\/veneilytarvikekauppa.fi\/en\/shop\/anode-zinc-disc-type-for-rudders-o-70-mm\/","title":{"rendered":"ANODE, ZINC, DISC TYPE FOR RUDDERS, \u00d8 70 MM"},"content":{"rendered":"<p>Anode Zinc, disc type for rudders \u2022 70mm outside diameter \u00d8 \u2022 8.5 mm bolt hole \u00d8 \u2022 Heigth: 13mm. Sold as 1 pcs, if doublesided rudderanode = order 2 pcs. \u00d8: 70mm, H: 13mm, \u00d81: 22mm, \u00d82: 8.50mm.<\/p>\n","protected":false},"excerpt":{"rendered":"<p>Anode Zinc, disc type for rudders \u2022 70mm outside diameter \u00d8 \u2022 8.5 mm bolt hole \u00d8 \u2022 Heigth: 13mm. Sold as 1 pcs, if doublesided rudderanode = order 2 pcs. \u00d8: 70mm, H: 13mm, \u00d81: 22mm, \u00d82: 8.50mm.<\/p>\n","protected":false},"featured_media":42512,"template":"","meta":{"_acf_changed":false,"slim_seo":{"title":"ANODE, ZINC, DISC TYPE FOR RUDDERS, \u00d8 70 MM - veneilij&auml;n verkkokauppa-Venetarvikkeet","description":"Anode Zinc, disc type for rudders \u2022 70mm outside diameter \u00d8 \u2022 8.5 mm bolt hole \u00d8 \u2022 Heigth: 13mm. Sold as 1 pcs, if doublesided rudderanode = order 2 pcs. \u00d8: 70m"}},"product_brand":[],"product_cat":[992,908],"product_tag":[],"giftcard-category":[],"class_list":{"0":"post-42511","1":"product","2":"type-product","3":"status-publish","4":"has-post-thumbnail","6":"product_cat-anodes","7":"product_cat-motorboating-and-motor-accessories","8":"pa_unit-pair","10":"first","11":"instock","12":"purchasable","13":"product-type-simple"},"acf":[],"_links":{"self":[{"href":"https:\/\/veneilytarvikekauppa.fi\/en\/wp-json\/wp\/v2\/product\/42511","targetHints":{"allow":["GET"]}}],"collection":[{"href":"https:\/\/veneilytarvikekauppa.fi\/en\/wp-json\/wp\/v2\/product"}],"about":[{"href":"https:\/\/veneilytarvikekauppa.fi\/en\/wp-json\/wp\/v2\/types\/product"}],"wp:featuredmedia":[{"embeddable":true,"href":"https:\/\/veneilytarvikekauppa.fi\/en\/wp-json\/wp\/v2\/media\/42512"}],"wp:attachment":[{"href":"https:\/\/veneilytarvikekauppa.fi\/en\/wp-json\/wp\/v2\/media?parent=42511"}],"wp:term":[{"taxonomy":"product_brand","embeddable":true,"href":"https:\/\/veneilytarvikekauppa.fi\/en\/wp-json\/wp\/v2\/product_brand?post=42511"},{"taxonomy":"product_cat","embeddable":true,"href":"https:\/\/veneilytarvikekauppa.fi\/en\/wp-json\/wp\/v2\/product_cat?post=42511"},{"taxonomy":"product_tag","embeddable":true,"href":"https:\/\/veneilytarvikekauppa.fi\/en\/wp-json\/wp\/v2\/product_tag?post=42511"},{"taxonomy":"giftcard-category","embeddable":true,"href":"https:\/\/veneilytarvikekauppa.fi\/en\/wp-json\/wp\/v2\/giftcard-category?post=42511"}],"curies":[{"name":"wp","href":"https:\/\/api.w.org\/{rel}","templated":true}]}}