{"id":42514,"date":"2024-05-16T08:33:11","date_gmt":"2024-05-16T06:33:11","guid":{"rendered":"https:\/\/veneilytarvikekauppa.fi\/shop\/anode-zinc-for-rudder-o-110-mm\/"},"modified":"2026-04-06T07:12:22","modified_gmt":"2026-04-06T05:12:22","slug":"anode-zinc-for-rudder-o-110-mm","status":"publish","type":"product","link":"https:\/\/veneilytarvikekauppa.fi\/en\/shop\/anode-zinc-for-rudder-o-110-mm\/","title":{"rendered":"ANODE, ZINC, FOR RUDDER, \u00d8 110 MM"},"content":{"rendered":"<p>Zink anode, disc type for rudders \u2022 110 mm outside diameter \u00d8 \u2022 11 mm bolt hole \u00d8 \u2022 Heigth: 18 mm. Sold as 1 pcs, if doublesided rudderanode = order 2 pcs. \u00d8: 110mm, H: 18mm, \u00d81: 31mm, \u00d82: 10.50mm.<\/p>\n<p>&#13;<\/p>\n","protected":false},"excerpt":{"rendered":"<p>Zink anode, disc type for rudders \u2022 110 mm outside diameter \u00d8 \u2022 11 mm bolt hole \u00d8 \u2022 Heigth: 18 mm. Sold as 1 pcs, if doublesided rudderanode = order 2 pcs. \u00d8: 110mm, H: 18mm, \u00d81: 31mm, \u00d82: 10.50mm. &#13;<\/p>\n","protected":false},"featured_media":42515,"template":"","meta":{"_acf_changed":false,"slim_seo":{"title":"ANODE, ZINC, FOR RUDDER, \u00d8 110 MM - veneilij&auml;n verkkokauppa-Venetarvikkeet","description":"Zink anode, disc type for rudders \u2022 110 mm outside diameter \u00d8 \u2022 11 mm bolt hole \u00d8 \u2022 Heigth: 18 mm. Sold as 1 pcs, if doublesided rudderanode = order 2 pcs. \u00d8: 1"}},"product_brand":[],"product_cat":[992,908],"product_tag":[],"giftcard-category":[],"class_list":{"0":"post-42514","1":"product","2":"type-product","3":"status-publish","4":"has-post-thumbnail","6":"product_cat-anodes","7":"product_cat-motorboating-and-motor-accessories","8":"pa_unit-pair","10":"first","11":"instock","12":"purchasable","13":"product-type-simple"},"acf":[],"_links":{"self":[{"href":"https:\/\/veneilytarvikekauppa.fi\/en\/wp-json\/wp\/v2\/product\/42514","targetHints":{"allow":["GET"]}}],"collection":[{"href":"https:\/\/veneilytarvikekauppa.fi\/en\/wp-json\/wp\/v2\/product"}],"about":[{"href":"https:\/\/veneilytarvikekauppa.fi\/en\/wp-json\/wp\/v2\/types\/product"}],"wp:featuredmedia":[{"embeddable":true,"href":"https:\/\/veneilytarvikekauppa.fi\/en\/wp-json\/wp\/v2\/media\/42515"}],"wp:attachment":[{"href":"https:\/\/veneilytarvikekauppa.fi\/en\/wp-json\/wp\/v2\/media?parent=42514"}],"wp:term":[{"taxonomy":"product_brand","embeddable":true,"href":"https:\/\/veneilytarvikekauppa.fi\/en\/wp-json\/wp\/v2\/product_brand?post=42514"},{"taxonomy":"product_cat","embeddable":true,"href":"https:\/\/veneilytarvikekauppa.fi\/en\/wp-json\/wp\/v2\/product_cat?post=42514"},{"taxonomy":"product_tag","embeddable":true,"href":"https:\/\/veneilytarvikekauppa.fi\/en\/wp-json\/wp\/v2\/product_tag?post=42514"},{"taxonomy":"giftcard-category","embeddable":true,"href":"https:\/\/veneilytarvikekauppa.fi\/en\/wp-json\/wp\/v2\/giftcard-category?post=42514"}],"curies":[{"name":"wp","href":"https:\/\/api.w.org\/{rel}","templated":true}]}}