{"id":42538,"date":"2024-05-16T08:33:43","date_gmt":"2024-05-16T06:33:43","guid":{"rendered":"https:\/\/veneilytarvikekauppa.fi\/shop\/shaft-anode-standard-o-70-mm\/"},"modified":"2026-04-06T07:12:26","modified_gmt":"2026-04-06T05:12:26","slug":"shaft-anode-standard-o-70-mm","status":"publish","type":"product","link":"https:\/\/veneilytarvikekauppa.fi\/en\/shop\/shaft-anode-standard-o-70-mm\/","title":{"rendered":"SHAFT ANODE, STANDARD, \u00d8 70 MM"},"content":{"rendered":"<p>Standard Shaft anode \u00d8 70mm. Measures- \u00d81: 70mm, H: 107mm, \u00d8: 128mm.<\/p>\n<p>&#13;<\/p>\n","protected":false},"excerpt":{"rendered":"<p>Standard Shaft anode \u00d8 70mm. Measures- \u00d81: 70mm, H: 107mm, \u00d8: 128mm. &#13;<\/p>\n","protected":false},"featured_media":42539,"template":"","meta":{"_acf_changed":false,"slim_seo":{"title":"SHAFT ANODE, STANDARD, \u00d8 70 MM - veneilij&auml;n verkkokauppa-Venetarvikkeet","description":"Standard Shaft anode \u00d8 70mm. Measures- \u00d81: 70mm, H: 107mm, \u00d8: 128mm. &#13;"}},"product_brand":[],"product_cat":[992,908],"product_tag":[],"giftcard-category":[],"class_list":{"0":"post-42538","1":"product","2":"type-product","3":"status-publish","4":"has-post-thumbnail","6":"product_cat-anodes","7":"product_cat-motorboating-and-motor-accessories","8":"pa_unit-pcs","10":"first","11":"onbackorder","12":"purchasable","13":"product-type-simple"},"acf":[],"_links":{"self":[{"href":"https:\/\/veneilytarvikekauppa.fi\/en\/wp-json\/wp\/v2\/product\/42538","targetHints":{"allow":["GET"]}}],"collection":[{"href":"https:\/\/veneilytarvikekauppa.fi\/en\/wp-json\/wp\/v2\/product"}],"about":[{"href":"https:\/\/veneilytarvikekauppa.fi\/en\/wp-json\/wp\/v2\/types\/product"}],"wp:featuredmedia":[{"embeddable":true,"href":"https:\/\/veneilytarvikekauppa.fi\/en\/wp-json\/wp\/v2\/media\/42539"}],"wp:attachment":[{"href":"https:\/\/veneilytarvikekauppa.fi\/en\/wp-json\/wp\/v2\/media?parent=42538"}],"wp:term":[{"taxonomy":"product_brand","embeddable":true,"href":"https:\/\/veneilytarvikekauppa.fi\/en\/wp-json\/wp\/v2\/product_brand?post=42538"},{"taxonomy":"product_cat","embeddable":true,"href":"https:\/\/veneilytarvikekauppa.fi\/en\/wp-json\/wp\/v2\/product_cat?post=42538"},{"taxonomy":"product_tag","embeddable":true,"href":"https:\/\/veneilytarvikekauppa.fi\/en\/wp-json\/wp\/v2\/product_tag?post=42538"},{"taxonomy":"giftcard-category","embeddable":true,"href":"https:\/\/veneilytarvikekauppa.fi\/en\/wp-json\/wp\/v2\/giftcard-category?post=42538"}],"curies":[{"name":"wp","href":"https:\/\/api.w.org\/{rel}","templated":true}]}}