{"id":42550,"date":"2024-05-16T08:34:00","date_gmt":"2024-05-16T06:34:00","guid":{"rendered":"https:\/\/veneilytarvikekauppa.fi\/shop\/single-anode-zinc-o-30-mm\/"},"modified":"2026-04-27T11:24:28","modified_gmt":"2026-04-27T09:24:28","slug":"single-anode-zinc-o-30-mm","status":"publish","type":"product","link":"https:\/\/veneilytarvikekauppa.fi\/en\/shop\/single-anode-zinc-o-30-mm\/","title":{"rendered":"SINGLE ANODE, ZINC, \u00d8 30 MM"},"content":{"rendered":"<p>Radice conical prop nut zinc (anode only) shaft \u00d8 30mm. H: 53mm, \u00d8: 42mm, \u00d81: 31mm, \u00d82: 8.50mm, \u00d83: 13.50mm, \u00d8 Shaft: 30mm.<\/p>\n","protected":false},"excerpt":{"rendered":"<p>Radice conical prop nut zinc (anode only) shaft \u00d8 30mm. H: 53mm, \u00d8: 42mm, \u00d81: 31mm, \u00d82: 8.50mm, \u00d83: 13.50mm, \u00d8 Shaft: 30mm.<\/p>\n","protected":false},"featured_media":42551,"template":"","meta":{"_acf_changed":false,"slim_seo":{"title":"SINGLE ANODE, ZINC, \u00d8 30 MM - veneilij&auml;n verkkokauppa-Venetarvikkeet","description":"Radice conical prop nut zinc (anode only) shaft \u00d8 30mm. H: 53mm, \u00d8: 42mm, \u00d81: 31mm, \u00d82: 8.50mm, \u00d83: 13.50mm, \u00d8 Shaft: 30mm."}},"product_brand":[],"product_cat":[992,908],"product_tag":[],"giftcard-category":[],"class_list":{"0":"post-42550","1":"product","2":"type-product","3":"status-publish","4":"has-post-thumbnail","6":"product_cat-anodes","7":"product_cat-motorboating-and-motor-accessories","8":"pa_unit-pcs","10":"first","11":"onbackorder","12":"purchasable","13":"product-type-simple"},"acf":[],"_links":{"self":[{"href":"https:\/\/veneilytarvikekauppa.fi\/en\/wp-json\/wp\/v2\/product\/42550","targetHints":{"allow":["GET"]}}],"collection":[{"href":"https:\/\/veneilytarvikekauppa.fi\/en\/wp-json\/wp\/v2\/product"}],"about":[{"href":"https:\/\/veneilytarvikekauppa.fi\/en\/wp-json\/wp\/v2\/types\/product"}],"wp:featuredmedia":[{"embeddable":true,"href":"https:\/\/veneilytarvikekauppa.fi\/en\/wp-json\/wp\/v2\/media\/42551"}],"wp:attachment":[{"href":"https:\/\/veneilytarvikekauppa.fi\/en\/wp-json\/wp\/v2\/media?parent=42550"}],"wp:term":[{"taxonomy":"product_brand","embeddable":true,"href":"https:\/\/veneilytarvikekauppa.fi\/en\/wp-json\/wp\/v2\/product_brand?post=42550"},{"taxonomy":"product_cat","embeddable":true,"href":"https:\/\/veneilytarvikekauppa.fi\/en\/wp-json\/wp\/v2\/product_cat?post=42550"},{"taxonomy":"product_tag","embeddable":true,"href":"https:\/\/veneilytarvikekauppa.fi\/en\/wp-json\/wp\/v2\/product_tag?post=42550"},{"taxonomy":"giftcard-category","embeddable":true,"href":"https:\/\/veneilytarvikekauppa.fi\/en\/wp-json\/wp\/v2\/giftcard-category?post=42550"}],"curies":[{"name":"wp","href":"https:\/\/api.w.org\/{rel}","templated":true}]}}