{"id":42562,"date":"2024-05-16T08:34:15","date_gmt":"2024-05-16T06:34:15","guid":{"rendered":"https:\/\/veneilytarvikekauppa.fi\/shop\/shaft-anode-zinc-o-50-mm\/"},"modified":"2026-04-06T07:12:29","modified_gmt":"2026-04-06T05:12:29","slug":"shaft-anode-zinc-o-50-mm","status":"publish","type":"product","link":"https:\/\/veneilytarvikekauppa.fi\/en\/shop\/shaft-anode-zinc-o-50-mm\/","title":{"rendered":"SHAFT ANODE, ZINC, \u00d8 50 MM"},"content":{"rendered":"<p>Standard Shaft anode. \u00d81: 50mm, H: 76mm, \u00d8: 82mm, \u00d8 Shaft: 50mm.<\/p>\n<p>&#13;<\/p>\n","protected":false},"excerpt":{"rendered":"<p>Standard Shaft anode. \u00d81: 50mm, H: 76mm, \u00d8: 82mm, \u00d8 Shaft: 50mm. &#13;<\/p>\n","protected":false},"featured_media":42563,"template":"","meta":{"_acf_changed":false,"slim_seo":{"title":"SHAFT ANODE, ZINC, \u00d8 50 MM - veneilij&auml;n verkkokauppa-Venetarvikkeet","description":"Standard Shaft anode. \u00d81: 50mm, H: 76mm, \u00d8: 82mm, \u00d8 Shaft: 50mm. &#13;"}},"product_brand":[],"product_cat":[992,908],"product_tag":[],"giftcard-category":[],"class_list":{"0":"post-42562","1":"product","2":"type-product","3":"status-publish","4":"has-post-thumbnail","6":"product_cat-anodes","7":"product_cat-motorboating-and-motor-accessories","8":"pa_unit-pcs","10":"first","11":"onbackorder","12":"purchasable","13":"product-type-simple"},"acf":[],"_links":{"self":[{"href":"https:\/\/veneilytarvikekauppa.fi\/en\/wp-json\/wp\/v2\/product\/42562","targetHints":{"allow":["GET"]}}],"collection":[{"href":"https:\/\/veneilytarvikekauppa.fi\/en\/wp-json\/wp\/v2\/product"}],"about":[{"href":"https:\/\/veneilytarvikekauppa.fi\/en\/wp-json\/wp\/v2\/types\/product"}],"wp:featuredmedia":[{"embeddable":true,"href":"https:\/\/veneilytarvikekauppa.fi\/en\/wp-json\/wp\/v2\/media\/42563"}],"wp:attachment":[{"href":"https:\/\/veneilytarvikekauppa.fi\/en\/wp-json\/wp\/v2\/media?parent=42562"}],"wp:term":[{"taxonomy":"product_brand","embeddable":true,"href":"https:\/\/veneilytarvikekauppa.fi\/en\/wp-json\/wp\/v2\/product_brand?post=42562"},{"taxonomy":"product_cat","embeddable":true,"href":"https:\/\/veneilytarvikekauppa.fi\/en\/wp-json\/wp\/v2\/product_cat?post=42562"},{"taxonomy":"product_tag","embeddable":true,"href":"https:\/\/veneilytarvikekauppa.fi\/en\/wp-json\/wp\/v2\/product_tag?post=42562"},{"taxonomy":"giftcard-category","embeddable":true,"href":"https:\/\/veneilytarvikekauppa.fi\/en\/wp-json\/wp\/v2\/giftcard-category?post=42562"}],"curies":[{"name":"wp","href":"https:\/\/api.w.org\/{rel}","templated":true}]}}