{"id":42565,"date":"2024-05-16T08:34:20","date_gmt":"2024-05-16T06:34:20","guid":{"rendered":"https:\/\/veneilytarvikekauppa.fi\/shop\/single-anode-zinc-radice-o-50-mm\/"},"modified":"2026-04-22T12:10:57","modified_gmt":"2026-04-22T10:10:57","slug":"single-anode-zinc-radice-o-50-mm","status":"publish","type":"product","link":"https:\/\/veneilytarvikekauppa.fi\/en\/shop\/single-anode-zinc-radice-o-50-mm\/","title":{"rendered":"SINGLE ANODE, ZINC, RADICE,  \u00d8 50 MM"},"content":{"rendered":"<p>Radice conical prop nut zinc (anode only) shaft \u00d8 50mm. H: 84mm, \u00d8: 72mm, \u00d81: 57mm, \u00d82: 11mm, \u00d83: 22mm, \u00d8 Shaft: 50mm.<\/p>\n","protected":false},"excerpt":{"rendered":"<p>Radice conical prop nut zinc (anode only) shaft \u00d8 50mm. H: 84mm, \u00d8: 72mm, \u00d81: 57mm, \u00d82: 11mm, \u00d83: 22mm, \u00d8 Shaft: 50mm.<\/p>\n","protected":false},"featured_media":42566,"template":"","meta":{"_acf_changed":false,"slim_seo":{"title":"SINGLE ANODE, ZINC, RADICE, \u00d8 50 MM - veneilij&auml;n verkkokauppa-Venetarvikkeet","description":"Radice conical prop nut zinc (anode only) shaft \u00d8 50mm. H: 84mm, \u00d8: 72mm, \u00d81: 57mm, \u00d82: 11mm, \u00d83: 22mm, \u00d8 Shaft: 50mm."}},"product_brand":[],"product_cat":[992,908],"product_tag":[],"giftcard-category":[],"class_list":{"0":"post-42565","1":"product","2":"type-product","3":"status-publish","4":"has-post-thumbnail","6":"product_cat-anodes","7":"product_cat-motorboating-and-motor-accessories","8":"pa_unit-pcs","10":"first","11":"onbackorder","12":"purchasable","13":"product-type-simple"},"acf":[],"_links":{"self":[{"href":"https:\/\/veneilytarvikekauppa.fi\/en\/wp-json\/wp\/v2\/product\/42565","targetHints":{"allow":["GET"]}}],"collection":[{"href":"https:\/\/veneilytarvikekauppa.fi\/en\/wp-json\/wp\/v2\/product"}],"about":[{"href":"https:\/\/veneilytarvikekauppa.fi\/en\/wp-json\/wp\/v2\/types\/product"}],"wp:featuredmedia":[{"embeddable":true,"href":"https:\/\/veneilytarvikekauppa.fi\/en\/wp-json\/wp\/v2\/media\/42566"}],"wp:attachment":[{"href":"https:\/\/veneilytarvikekauppa.fi\/en\/wp-json\/wp\/v2\/media?parent=42565"}],"wp:term":[{"taxonomy":"product_brand","embeddable":true,"href":"https:\/\/veneilytarvikekauppa.fi\/en\/wp-json\/wp\/v2\/product_brand?post=42565"},{"taxonomy":"product_cat","embeddable":true,"href":"https:\/\/veneilytarvikekauppa.fi\/en\/wp-json\/wp\/v2\/product_cat?post=42565"},{"taxonomy":"product_tag","embeddable":true,"href":"https:\/\/veneilytarvikekauppa.fi\/en\/wp-json\/wp\/v2\/product_tag?post=42565"},{"taxonomy":"giftcard-category","embeddable":true,"href":"https:\/\/veneilytarvikekauppa.fi\/en\/wp-json\/wp\/v2\/giftcard-category?post=42565"}],"curies":[{"name":"wp","href":"https:\/\/api.w.org\/{rel}","templated":true}]}}