{"id":42568,"date":"2024-05-16T08:34:24","date_gmt":"2024-05-16T06:34:24","guid":{"rendered":"https:\/\/veneilytarvikekauppa.fi\/shop\/shaft-anode-zinc-o-571-mm-21-4\/"},"modified":"2026-04-06T07:12:29","modified_gmt":"2026-04-06T05:12:29","slug":"shaft-anode-zinc-o-571-mm-21-4","status":"publish","type":"product","link":"https:\/\/veneilytarvikekauppa.fi\/en\/shop\/shaft-anode-zinc-o-571-mm-21-4\/","title":{"rendered":"SHAFT ANODE, ZINC, \u00d8 57,1 MM &#8211; 2&#8217;1\/4"},"content":{"rendered":"<p>Standard Shaft anode. \u00d81: 57.10mm, H: 88mm, \u00d8: 93mm, \u00d8 Shatft: 2-1\/4&#8243;.<\/p>\n<p>&#13;<\/p>\n","protected":false},"excerpt":{"rendered":"<p>Standard Shaft anode. \u00d81: 57.10mm, H: 88mm, \u00d8: 93mm, \u00d8 Shatft: 2-1\/4&#8243;. &#13;<\/p>\n","protected":false},"featured_media":42569,"template":"","meta":{"_acf_changed":false,"slim_seo":{"title":"SHAFT ANODE, ZINC, \u00d8 57,1 MM - 2'1\/4 - veneilij&auml;n verkkokauppa-Venetarvikkeet","description":"Standard Shaft anode. \u00d81: 57.10mm, H: 88mm, \u00d8: 93mm, \u00d8 Shatft: 2-1\/4\". &#13;"}},"product_brand":[],"product_cat":[992,908],"product_tag":[],"giftcard-category":[],"class_list":{"0":"post-42568","1":"product","2":"type-product","3":"status-publish","4":"has-post-thumbnail","6":"product_cat-anodes","7":"product_cat-motorboating-and-motor-accessories","8":"pa_unit-pcs","10":"first","11":"onbackorder","12":"purchasable","13":"product-type-simple"},"acf":[],"_links":{"self":[{"href":"https:\/\/veneilytarvikekauppa.fi\/en\/wp-json\/wp\/v2\/product\/42568","targetHints":{"allow":["GET"]}}],"collection":[{"href":"https:\/\/veneilytarvikekauppa.fi\/en\/wp-json\/wp\/v2\/product"}],"about":[{"href":"https:\/\/veneilytarvikekauppa.fi\/en\/wp-json\/wp\/v2\/types\/product"}],"wp:featuredmedia":[{"embeddable":true,"href":"https:\/\/veneilytarvikekauppa.fi\/en\/wp-json\/wp\/v2\/media\/42569"}],"wp:attachment":[{"href":"https:\/\/veneilytarvikekauppa.fi\/en\/wp-json\/wp\/v2\/media?parent=42568"}],"wp:term":[{"taxonomy":"product_brand","embeddable":true,"href":"https:\/\/veneilytarvikekauppa.fi\/en\/wp-json\/wp\/v2\/product_brand?post=42568"},{"taxonomy":"product_cat","embeddable":true,"href":"https:\/\/veneilytarvikekauppa.fi\/en\/wp-json\/wp\/v2\/product_cat?post=42568"},{"taxonomy":"product_tag","embeddable":true,"href":"https:\/\/veneilytarvikekauppa.fi\/en\/wp-json\/wp\/v2\/product_tag?post=42568"},{"taxonomy":"giftcard-category","embeddable":true,"href":"https:\/\/veneilytarvikekauppa.fi\/en\/wp-json\/wp\/v2\/giftcard-category?post=42568"}],"curies":[{"name":"wp","href":"https:\/\/api.w.org\/{rel}","templated":true}]}}