{"id":50759,"date":"2025-12-16T10:03:47","date_gmt":"2025-12-16T08:03:47","guid":{"rendered":"https:\/\/veneilytarvikekauppa.fi\/shop\/marine-speakers-2-way-2-x-180-w-black-232-mm\/"},"modified":"2026-04-06T07:16:31","modified_gmt":"2026-04-06T05:16:31","slug":"marine-speakers-2-way-2-x-180-w-black-232-mm","status":"publish","type":"product","link":"https:\/\/veneilytarvikekauppa.fi\/en\/shop\/marine-speakers-2-way-2-x-180-w-black-232-mm\/","title":{"rendered":"MARINE SPEAKERS, 2-WAY, 2 x 180 W, BLACK, 232 MM"},"content":{"rendered":"<p>Pair of waterproof and UV-resistant speakers, l\u00e4bim\u00f5\u00f5t: 232 mm &#8211; 2x180W &#8211; black. With ABS housing and polypropylene cone.<\/p>\n","protected":false},"excerpt":{"rendered":"<p>Pair of waterproof and UV-resistant speakers, l\u00e4bim\u00f5\u00f5t: 232 mm &#8211; 2x180W &#8211; black. With ABS housing and polypropylene cone.<\/p>\n","protected":false},"featured_media":51006,"template":"","meta":{"_acf_changed":false,"slim_seo":{"title":"MARINE SPEAKERS, 2-WAY, 2 x 180 W, BLACK, 232 MM - veneilij&auml;n verkkokauppa-Venetarvikkeet","description":"Pair of waterproof and UV-resistant speakers, l\u00e4bim\u00f5\u00f5t: 232 mm - 2x180W - black. With ABS housing and polypropylene cone."}},"product_brand":[7200],"product_cat":[1011,957],"product_tag":[7201,3952],"giftcard-category":[],"class_list":{"0":"post-50759","1":"product","2":"type-product","3":"status-publish","4":"has-post-thumbnail","6":"product_brand-fusion-apollo","7":"product_cat-marine-electronics","8":"product_cat-waterproof-speakers","9":"product_tag-fusion-apollo","10":"product_tag-marine-speakers","11":"pa_brand-fusion-apollo","13":"first","14":"instock","15":"purchasable","16":"product-type-simple"},"acf":[],"_links":{"self":[{"href":"https:\/\/veneilytarvikekauppa.fi\/en\/wp-json\/wp\/v2\/product\/50759","targetHints":{"allow":["GET"]}}],"collection":[{"href":"https:\/\/veneilytarvikekauppa.fi\/en\/wp-json\/wp\/v2\/product"}],"about":[{"href":"https:\/\/veneilytarvikekauppa.fi\/en\/wp-json\/wp\/v2\/types\/product"}],"wp:featuredmedia":[{"embeddable":true,"href":"https:\/\/veneilytarvikekauppa.fi\/en\/wp-json\/wp\/v2\/media\/51006"}],"wp:attachment":[{"href":"https:\/\/veneilytarvikekauppa.fi\/en\/wp-json\/wp\/v2\/media?parent=50759"}],"wp:term":[{"taxonomy":"product_brand","embeddable":true,"href":"https:\/\/veneilytarvikekauppa.fi\/en\/wp-json\/wp\/v2\/product_brand?post=50759"},{"taxonomy":"product_cat","embeddable":true,"href":"https:\/\/veneilytarvikekauppa.fi\/en\/wp-json\/wp\/v2\/product_cat?post=50759"},{"taxonomy":"product_tag","embeddable":true,"href":"https:\/\/veneilytarvikekauppa.fi\/en\/wp-json\/wp\/v2\/product_tag?post=50759"},{"taxonomy":"giftcard-category","embeddable":true,"href":"https:\/\/veneilytarvikekauppa.fi\/en\/wp-json\/wp\/v2\/giftcard-category?post=50759"}],"curies":[{"name":"wp","href":"https:\/\/api.w.org\/{rel}","templated":true}]}}